{"id":189,"date":"2026-02-03T16:26:48","date_gmt":"2026-02-03T16:26:48","guid":{"rendered":"https:\/\/royalsanmarcovenice.ms3.decms.eu\/?page_id=189"},"modified":"2026-02-17T15:10:38","modified_gmt":"2026-02-17T15:10:38","slug":"hotel","status":"publish","type":"page","link":"https:\/\/www.royalsanmarcovenice.com\/fr\/hotel\/","title":{"rendered":"H\u00f4tel"},"content":{"rendered":"<p>L\u2019<strong>H\u00f4tel Royal San Marco 4 \u00e9toiles<\/strong> de <strong>Venise<\/strong> allie l&rsquo;hospitalit\u00e9 traditionnelle \u00e0 la v\u00e9nitienne, la convivialit\u00e9, l&rsquo;<strong>exp\u00e9rience<\/strong> et une efficacit\u00e9 redoutable. Le voyageur b\u00e9n\u00e9ficiera ainsi de services irr\u00e9prochables et se sentira comme chez lui tout en \u00e9tant dans le centre historique de la ville la plus incroyable au monde. Le <strong>hall<\/strong> d&rsquo;accueil est une splendide salle mansard\u00e9e orn\u00e9e de tapisseries raffin\u00e9es, d&rsquo;un <strong>mobilier contemporain<\/strong> \u00e9l\u00e9gant, de sols en marbre clair et de canap\u00e9s en cuir. Il est \u00e0 l&rsquo;image de l&rsquo;excellent <strong>confort<\/strong> de l\u2019h\u00f4tel.<\/p>\n","protected":false},"excerpt":{"rendered":"<p>L\u2019H\u00f4tel Royal San Marco 4 \u00e9toiles de Venise allie l&rsquo;hospitalit\u00e9 traditionnelle \u00e0 la v\u00e9nitienne, la convivialit\u00e9, l&rsquo;exp\u00e9rience et une efficacit\u00e9 redoutable. Le voyageur b\u00e9n\u00e9ficiera ainsi de services irr\u00e9prochables et se sentira comme chez lui tout en \u00e9tant dans le centre historique de la ville la plus incroyable au monde. Le hall d&rsquo;accueil est une splendide [&hellip;]<\/p>\n","protected":false},"author":6,"featured_media":0,"parent":0,"menu_order":20,"comment_status":"closed","ping_status":"closed","template":"template-default-2.php","meta":{"footnotes":""},"class_list":["post-189","page","type-page","status-publish","hentry"],"yoast_head":"<!-- This site is optimized with the Yoast SEO plugin v26.9 - https:\/\/yoast.com\/product\/yoast-seo-wordpress\/ -->\n<title>H\u00f4tel - Hotel Royal San Marco -<\/title>\n<meta name=\"description\" content=\"L\u2019H\u00f4tel Royal San Marco 4 \u00e9toiles de Venise allie l&#039;hospitalit\u00e9 traditionnelle \u00e0 la v\u00e9nitienne, la convivialit\u00e9, l&#039;exp\u00e9rience et une efficacit\u00e9 redoutable. Le voyageur b\u00e9n\u00e9ficiera ainsi de services irr\u00e9prochables et se sentira comme chez lui tout en \u00e9tant dans le centre historique de la ville la plus incroyable au monde\" \/>\n<meta name=\"robots\" content=\"index, follow, max-snippet:-1, max-image-preview:large, max-video-preview:-1\" \/>\n<link rel=\"canonical\" href=\"https:\/\/www.royalsanmarcovenice.com\/fr\/hotel\/\" \/>\n<meta property=\"og:locale\" content=\"fr_FR\" \/>\n<meta property=\"og:type\" content=\"article\" \/>\n<meta property=\"og:title\" content=\"H\u00f4tel - Hotel Royal San Marco -\" \/>\n<meta property=\"og:description\" content=\"L\u2019H\u00f4tel Royal San Marco 4 \u00e9toiles de Venise allie l&#039;hospitalit\u00e9 traditionnelle \u00e0 la v\u00e9nitienne, la convivialit\u00e9, l&#039;exp\u00e9rience et une efficacit\u00e9 redoutable. Le voyageur b\u00e9n\u00e9ficiera ainsi de services irr\u00e9prochables et se sentira comme chez lui tout en \u00e9tant dans le centre historique de la ville la plus incroyable au monde\" \/>\n<meta property=\"og:url\" content=\"https:\/\/www.royalsanmarcovenice.com\/fr\/hotel\/\" \/>\n<meta property=\"og:site_name\" content=\"Hotel Royal San Marco\" \/>\n<meta property=\"article:publisher\" content=\"https:\/\/www.facebook.com\/royalsanmarcoandsuites\/\" \/>\n<meta property=\"article:modified_time\" content=\"2026-02-17T15:10:38+00:00\" \/>\n<meta name=\"twitter:card\" content=\"summary_large_image\" \/>\n<meta name=\"twitter:label1\" content=\"Est. reading time\" \/>\n\t<meta name=\"twitter:data1\" content=\"1 minute\" \/>\n<script type=\"application\/ld+json\" class=\"yoast-schema-graph\">{\"@context\":\"https:\/\/schema.org\",\"@graph\":[{\"@type\":\"WebPage\",\"@id\":\"https:\/\/www.royalsanmarcovenice.com\/fr\/hotel\/\",\"url\":\"https:\/\/www.royalsanmarcovenice.com\/fr\/hotel\/\",\"name\":\"H\u00f4tel - Hotel Royal San Marco -\",\"isPartOf\":{\"@id\":\"https:\/\/www.royalsanmarcovenice.com\/fr\/#website\"},\"datePublished\":\"2026-02-03T16:26:48+00:00\",\"dateModified\":\"2026-02-17T15:10:38+00:00\",\"description\":\"L\u2019H\u00f4tel Royal San Marco 4 \u00e9toiles de Venise allie l'hospitalit\u00e9 traditionnelle \u00e0 la v\u00e9nitienne, la convivialit\u00e9, l'exp\u00e9rience et une efficacit\u00e9 redoutable. Le voyageur b\u00e9n\u00e9ficiera ainsi de services irr\u00e9prochables et se sentira comme chez lui tout en \u00e9tant dans le centre historique de la ville la plus incroyable au monde\",\"breadcrumb\":{\"@id\":\"https:\/\/www.royalsanmarcovenice.com\/fr\/hotel\/#breadcrumb\"},\"inLanguage\":\"fr-FR\",\"potentialAction\":[{\"@type\":\"ReadAction\",\"target\":[\"https:\/\/www.royalsanmarcovenice.com\/fr\/hotel\/\"]}]},{\"@type\":\"BreadcrumbList\",\"@id\":\"https:\/\/www.royalsanmarcovenice.com\/fr\/hotel\/#breadcrumb\",\"itemListElement\":[{\"@type\":\"ListItem\",\"position\":1,\"name\":\"Home\",\"item\":\"https:\/\/www.royalsanmarcovenice.com\/fr\/\"},{\"@type\":\"ListItem\",\"position\":2,\"name\":\"H\u00f4tel\"}]},{\"@type\":\"WebSite\",\"@id\":\"https:\/\/www.royalsanmarcovenice.com\/fr\/#website\",\"url\":\"https:\/\/www.royalsanmarcovenice.com\/fr\/\",\"name\":\"Hotel Royal San Marco\",\"description\":\"\",\"publisher\":{\"@id\":\"https:\/\/www.royalsanmarcovenice.com\/fr\/#organization\"},\"potentialAction\":[{\"@type\":\"SearchAction\",\"target\":{\"@type\":\"EntryPoint\",\"urlTemplate\":\"https:\/\/www.royalsanmarcovenice.com\/fr\/?s={search_term_string}\"},\"query-input\":{\"@type\":\"PropertyValueSpecification\",\"valueRequired\":true,\"valueName\":\"search_term_string\"}}],\"inLanguage\":\"fr-FR\"},{\"@type\":\"Organization\",\"@id\":\"https:\/\/www.royalsanmarcovenice.com\/fr\/#organization\",\"name\":\"Hotel Royal San Marco\",\"url\":\"https:\/\/www.royalsanmarcovenice.com\/fr\/\",\"logo\":{\"@type\":\"ImageObject\",\"inLanguage\":\"fr-FR\",\"@id\":\"https:\/\/www.royalsanmarcovenice.com\/fr\/#\/schema\/logo\/image\/\",\"url\":\"https:\/\/www.royalsanmarcovenice.com\/wp-content\/uploads\/sites\/53\/2026\/02\/logo_hotel_royal_san_marco_c.svg\",\"contentUrl\":\"https:\/\/www.royalsanmarcovenice.com\/wp-content\/uploads\/sites\/53\/2026\/02\/logo_hotel_royal_san_marco_c.svg\",\"width\":1397,\"height\":280,\"caption\":\"Hotel Royal San Marco\"},\"image\":{\"@id\":\"https:\/\/www.royalsanmarcovenice.com\/fr\/#\/schema\/logo\/image\/\"},\"sameAs\":[\"https:\/\/www.facebook.com\/royalsanmarcoandsuites\/\"]}]}<\/script>\n<!-- \/ Yoast SEO plugin. -->","yoast_head_json":{"title":"H\u00f4tel - Hotel Royal San Marco -","description":"L\u2019H\u00f4tel Royal San Marco 4 \u00e9toiles de Venise allie l'hospitalit\u00e9 traditionnelle \u00e0 la v\u00e9nitienne, la convivialit\u00e9, l'exp\u00e9rience et une efficacit\u00e9 redoutable. Le voyageur b\u00e9n\u00e9ficiera ainsi de services irr\u00e9prochables et se sentira comme chez lui tout en \u00e9tant dans le centre historique de la ville la plus incroyable au monde","robots":{"index":"index","follow":"follow","max-snippet":"max-snippet:-1","max-image-preview":"max-image-preview:large","max-video-preview":"max-video-preview:-1"},"canonical":"https:\/\/www.royalsanmarcovenice.com\/fr\/hotel\/","og_locale":"fr_FR","og_type":"article","og_title":"H\u00f4tel - Hotel Royal San Marco -","og_description":"L\u2019H\u00f4tel Royal San Marco 4 \u00e9toiles de Venise allie l'hospitalit\u00e9 traditionnelle \u00e0 la v\u00e9nitienne, la convivialit\u00e9, l'exp\u00e9rience et une efficacit\u00e9 redoutable. Le voyageur b\u00e9n\u00e9ficiera ainsi de services irr\u00e9prochables et se sentira comme chez lui tout en \u00e9tant dans le centre historique de la ville la plus incroyable au monde","og_url":"https:\/\/www.royalsanmarcovenice.com\/fr\/hotel\/","og_site_name":"Hotel Royal San Marco","article_publisher":"https:\/\/www.facebook.com\/royalsanmarcoandsuites\/","article_modified_time":"2026-02-17T15:10:38+00:00","twitter_card":"summary_large_image","twitter_misc":{"Est. reading time":"1 minute"},"schema":{"@context":"https:\/\/schema.org","@graph":[{"@type":"WebPage","@id":"https:\/\/www.royalsanmarcovenice.com\/fr\/hotel\/","url":"https:\/\/www.royalsanmarcovenice.com\/fr\/hotel\/","name":"H\u00f4tel - Hotel Royal San Marco -","isPartOf":{"@id":"https:\/\/www.royalsanmarcovenice.com\/fr\/#website"},"datePublished":"2026-02-03T16:26:48+00:00","dateModified":"2026-02-17T15:10:38+00:00","description":"L\u2019H\u00f4tel Royal San Marco 4 \u00e9toiles de Venise allie l'hospitalit\u00e9 traditionnelle \u00e0 la v\u00e9nitienne, la convivialit\u00e9, l'exp\u00e9rience et une efficacit\u00e9 redoutable. Le voyageur b\u00e9n\u00e9ficiera ainsi de services irr\u00e9prochables et se sentira comme chez lui tout en \u00e9tant dans le centre historique de la ville la plus incroyable au monde","breadcrumb":{"@id":"https:\/\/www.royalsanmarcovenice.com\/fr\/hotel\/#breadcrumb"},"inLanguage":"fr-FR","potentialAction":[{"@type":"ReadAction","target":["https:\/\/www.royalsanmarcovenice.com\/fr\/hotel\/"]}]},{"@type":"BreadcrumbList","@id":"https:\/\/www.royalsanmarcovenice.com\/fr\/hotel\/#breadcrumb","itemListElement":[{"@type":"ListItem","position":1,"name":"Home","item":"https:\/\/www.royalsanmarcovenice.com\/fr\/"},{"@type":"ListItem","position":2,"name":"H\u00f4tel"}]},{"@type":"WebSite","@id":"https:\/\/www.royalsanmarcovenice.com\/fr\/#website","url":"https:\/\/www.royalsanmarcovenice.com\/fr\/","name":"Hotel Royal San Marco","description":"","publisher":{"@id":"https:\/\/www.royalsanmarcovenice.com\/fr\/#organization"},"potentialAction":[{"@type":"SearchAction","target":{"@type":"EntryPoint","urlTemplate":"https:\/\/www.royalsanmarcovenice.com\/fr\/?s={search_term_string}"},"query-input":{"@type":"PropertyValueSpecification","valueRequired":true,"valueName":"search_term_string"}}],"inLanguage":"fr-FR"},{"@type":"Organization","@id":"https:\/\/www.royalsanmarcovenice.com\/fr\/#organization","name":"Hotel Royal San Marco","url":"https:\/\/www.royalsanmarcovenice.com\/fr\/","logo":{"@type":"ImageObject","inLanguage":"fr-FR","@id":"https:\/\/www.royalsanmarcovenice.com\/fr\/#\/schema\/logo\/image\/","url":"https:\/\/www.royalsanmarcovenice.com\/wp-content\/uploads\/sites\/53\/2026\/02\/logo_hotel_royal_san_marco_c.svg","contentUrl":"https:\/\/www.royalsanmarcovenice.com\/wp-content\/uploads\/sites\/53\/2026\/02\/logo_hotel_royal_san_marco_c.svg","width":1397,"height":280,"caption":"Hotel Royal San Marco"},"image":{"@id":"https:\/\/www.royalsanmarcovenice.com\/fr\/#\/schema\/logo\/image\/"},"sameAs":["https:\/\/www.facebook.com\/royalsanmarcoandsuites\/"]}]}},"acf":[],"_links":{"self":[{"href":"https:\/\/www.royalsanmarcovenice.com\/fr\/wp-json\/wp\/v2\/pages\/189","targetHints":{"allow":["GET"]}}],"collection":[{"href":"https:\/\/www.royalsanmarcovenice.com\/fr\/wp-json\/wp\/v2\/pages"}],"about":[{"href":"https:\/\/www.royalsanmarcovenice.com\/fr\/wp-json\/wp\/v2\/types\/page"}],"author":[{"embeddable":true,"href":"https:\/\/www.royalsanmarcovenice.com\/fr\/wp-json\/wp\/v2\/users\/6"}],"replies":[{"embeddable":true,"href":"https:\/\/www.royalsanmarcovenice.com\/fr\/wp-json\/wp\/v2\/comments?post=189"}],"version-history":[{"count":0,"href":"https:\/\/www.royalsanmarcovenice.com\/fr\/wp-json\/wp\/v2\/pages\/189\/revisions"}],"wp:attachment":[{"href":"https:\/\/www.royalsanmarcovenice.com\/fr\/wp-json\/wp\/v2\/media?parent=189"}],"curies":[{"name":"wp","href":"https:\/\/api.w.org\/{rel}","templated":true}]}}