{"id":182,"date":"2026-02-02T17:06:44","date_gmt":"2026-02-02T17:06:44","guid":{"rendered":"https:\/\/royalsanmarcovenice.ms3.decms.eu\/?page_id=182"},"modified":"2026-02-20T20:30:11","modified_gmt":"2026-02-20T20:30:11","slug":"hotel-royal-san-marco","status":"publish","type":"page","link":"https:\/\/www.royalsanmarcovenice.com\/fr\/","title":{"rendered":"Hotel Royal San Marco"},"content":{"rendered":"<p>Dans le cadre magnifique de la <strong>Place Saint Marc<\/strong>, <strong>H\u00f4tel Royal San Marco Venise<\/strong> vous propose trois solutions \u00e9l\u00e9gantes au c\u0153ur de la ville, pour trois exp\u00e9riences de s\u00e9jour diff\u00e9rentes mais tout autant exclusives.<\/p>\n<p><strong>H\u00f4tel<\/strong>, <strong>suite<\/strong> o <strong>appartement<\/strong>? Quelque soit votre choix, il sera s\u00fbrement \u00e0 la hauteur de vos r\u00eaves.<\/p>\n","protected":false},"excerpt":{"rendered":"<p>Dans le cadre magnifique de la Place Saint Marc, H\u00f4tel Royal San Marco Venise vous propose trois solutions \u00e9l\u00e9gantes au c\u0153ur de la ville, pour trois exp\u00e9riences de s\u00e9jour diff\u00e9rentes mais tout autant exclusives. H\u00f4tel, suite o appartement? Quelque soit votre choix, il sera s\u00fbrement \u00e0 la hauteur de vos r\u00eaves.<\/p>\n","protected":false},"author":6,"featured_media":0,"parent":0,"menu_order":10,"comment_status":"closed","ping_status":"closed","template":"","meta":{"footnotes":""},"class_list":["post-182","page","type-page","status-publish","hentry"],"yoast_head":"<!-- This site is optimized with the Yoast SEO plugin v26.9 - https:\/\/yoast.com\/product\/yoast-seo-wordpress\/ -->\n<title>Hotel Royal San Marco - Hotel Royal San Marco -<\/title>\n<meta name=\"description\" content=\"Dans le cadre magnifique de la Place Saint Marc, H\u00f4tel Royal San Marco Venise vous propose trois solutions \u00e9l\u00e9gantes au c\u0153ur de la ville, pour trois exp\u00e9riences de s\u00e9jour diff\u00e9rentes mais tout autant exclusives.  H\u00f4tel, suite o appartement? Quelque soit votre choix, il sera s\u00fbrement \u00e0 la hauteur de vos r\u00eaves..\" \/>\n<meta name=\"robots\" content=\"index, follow, max-snippet:-1, max-image-preview:large, max-video-preview:-1\" \/>\n<link rel=\"canonical\" href=\"https:\/\/www.royalsanmarcovenice.com\/fr\/\" \/>\n<meta property=\"og:locale\" content=\"fr_FR\" \/>\n<meta property=\"og:type\" content=\"article\" \/>\n<meta property=\"og:title\" content=\"Hotel Royal San Marco - Hotel Royal San Marco -\" \/>\n<meta property=\"og:description\" content=\"Dans le cadre magnifique de la Place Saint Marc, H\u00f4tel Royal San Marco Venise vous propose trois solutions \u00e9l\u00e9gantes au c\u0153ur de la ville, pour trois exp\u00e9riences de s\u00e9jour diff\u00e9rentes mais tout autant exclusives.  H\u00f4tel, suite o appartement? Quelque soit votre choix, il sera s\u00fbrement \u00e0 la hauteur de vos r\u00eaves..\" \/>\n<meta property=\"og:url\" content=\"https:\/\/www.royalsanmarcovenice.com\/fr\/\" \/>\n<meta property=\"og:site_name\" content=\"Hotel Royal San Marco\" \/>\n<meta property=\"article:publisher\" content=\"https:\/\/www.facebook.com\/royalsanmarcoandsuites\/\" \/>\n<meta property=\"article:modified_time\" content=\"2026-02-20T20:30:11+00:00\" \/>\n<meta name=\"twitter:card\" content=\"summary_large_image\" \/>\n<meta name=\"twitter:label1\" content=\"Est. reading time\" \/>\n\t<meta name=\"twitter:data1\" content=\"1 minute\" \/>\n<script type=\"application\/ld+json\" class=\"yoast-schema-graph\">{\"@context\":\"https:\/\/schema.org\",\"@graph\":[{\"@type\":\"WebPage\",\"@id\":\"https:\/\/www.royalsanmarcovenice.com\/fr\/\",\"url\":\"https:\/\/www.royalsanmarcovenice.com\/fr\/\",\"name\":\"Hotel Royal San Marco - Hotel Royal San Marco -\",\"isPartOf\":{\"@id\":\"https:\/\/www.royalsanmarcovenice.com\/fr\/#website\"},\"datePublished\":\"2026-02-02T17:06:44+00:00\",\"dateModified\":\"2026-02-20T20:30:11+00:00\",\"description\":\"Dans le cadre magnifique de la Place Saint Marc, H\u00f4tel Royal San Marco Venise vous propose trois solutions \u00e9l\u00e9gantes au c\u0153ur de la ville, pour trois exp\u00e9riences de s\u00e9jour diff\u00e9rentes mais tout autant exclusives. H\u00f4tel, suite o appartement? Quelque soit votre choix, il sera s\u00fbrement \u00e0 la hauteur de vos r\u00eaves..\",\"breadcrumb\":{\"@id\":\"https:\/\/www.royalsanmarcovenice.com\/fr\/#breadcrumb\"},\"inLanguage\":\"fr-FR\",\"potentialAction\":[{\"@type\":\"ReadAction\",\"target\":[\"https:\/\/www.royalsanmarcovenice.com\/fr\/\"]}]},{\"@type\":\"BreadcrumbList\",\"@id\":\"https:\/\/www.royalsanmarcovenice.com\/fr\/#breadcrumb\",\"itemListElement\":[{\"@type\":\"ListItem\",\"position\":1,\"name\":\"Home\",\"item\":\"https:\/\/www.royalsanmarcovenice.com\/fr\/\"},{\"@type\":\"ListItem\",\"position\":2,\"name\":\"Hotel Royal San Marco\"}]},{\"@type\":\"WebSite\",\"@id\":\"https:\/\/www.royalsanmarcovenice.com\/fr\/#website\",\"url\":\"https:\/\/www.royalsanmarcovenice.com\/fr\/\",\"name\":\"Hotel Royal San Marco\",\"description\":\"\",\"publisher\":{\"@id\":\"https:\/\/www.royalsanmarcovenice.com\/fr\/#organization\"},\"potentialAction\":[{\"@type\":\"SearchAction\",\"target\":{\"@type\":\"EntryPoint\",\"urlTemplate\":\"https:\/\/www.royalsanmarcovenice.com\/fr\/?s={search_term_string}\"},\"query-input\":{\"@type\":\"PropertyValueSpecification\",\"valueRequired\":true,\"valueName\":\"search_term_string\"}}],\"inLanguage\":\"fr-FR\"},{\"@type\":\"Organization\",\"@id\":\"https:\/\/www.royalsanmarcovenice.com\/fr\/#organization\",\"name\":\"Hotel Royal San Marco\",\"url\":\"https:\/\/www.royalsanmarcovenice.com\/fr\/\",\"logo\":{\"@type\":\"ImageObject\",\"inLanguage\":\"fr-FR\",\"@id\":\"https:\/\/www.royalsanmarcovenice.com\/fr\/#\/schema\/logo\/image\/\",\"url\":\"https:\/\/www.royalsanmarcovenice.com\/wp-content\/uploads\/sites\/53\/2026\/02\/logo_hotel_royal_san_marco_c.svg\",\"contentUrl\":\"https:\/\/www.royalsanmarcovenice.com\/wp-content\/uploads\/sites\/53\/2026\/02\/logo_hotel_royal_san_marco_c.svg\",\"width\":1397,\"height\":280,\"caption\":\"Hotel Royal San Marco\"},\"image\":{\"@id\":\"https:\/\/www.royalsanmarcovenice.com\/fr\/#\/schema\/logo\/image\/\"},\"sameAs\":[\"https:\/\/www.facebook.com\/royalsanmarcoandsuites\/\"]}]}<\/script>\n<!-- \/ Yoast SEO plugin. -->","yoast_head_json":{"title":"Hotel Royal San Marco - Hotel Royal San Marco -","description":"Dans le cadre magnifique de la Place Saint Marc, H\u00f4tel Royal San Marco Venise vous propose trois solutions \u00e9l\u00e9gantes au c\u0153ur de la ville, pour trois exp\u00e9riences de s\u00e9jour diff\u00e9rentes mais tout autant exclusives.  H\u00f4tel, suite o appartement? Quelque soit votre choix, il sera s\u00fbrement \u00e0 la hauteur de vos r\u00eaves..","robots":{"index":"index","follow":"follow","max-snippet":"max-snippet:-1","max-image-preview":"max-image-preview:large","max-video-preview":"max-video-preview:-1"},"canonical":"https:\/\/www.royalsanmarcovenice.com\/fr\/","og_locale":"fr_FR","og_type":"article","og_title":"Hotel Royal San Marco - Hotel Royal San Marco -","og_description":"Dans le cadre magnifique de la Place Saint Marc, H\u00f4tel Royal San Marco Venise vous propose trois solutions \u00e9l\u00e9gantes au c\u0153ur de la ville, pour trois exp\u00e9riences de s\u00e9jour diff\u00e9rentes mais tout autant exclusives.  H\u00f4tel, suite o appartement? Quelque soit votre choix, il sera s\u00fbrement \u00e0 la hauteur de vos r\u00eaves..","og_url":"https:\/\/www.royalsanmarcovenice.com\/fr\/","og_site_name":"Hotel Royal San Marco","article_publisher":"https:\/\/www.facebook.com\/royalsanmarcoandsuites\/","article_modified_time":"2026-02-20T20:30:11+00:00","twitter_card":"summary_large_image","twitter_misc":{"Est. reading time":"1 minute"},"schema":{"@context":"https:\/\/schema.org","@graph":[{"@type":"WebPage","@id":"https:\/\/www.royalsanmarcovenice.com\/fr\/","url":"https:\/\/www.royalsanmarcovenice.com\/fr\/","name":"Hotel Royal San Marco - Hotel Royal San Marco -","isPartOf":{"@id":"https:\/\/www.royalsanmarcovenice.com\/fr\/#website"},"datePublished":"2026-02-02T17:06:44+00:00","dateModified":"2026-02-20T20:30:11+00:00","description":"Dans le cadre magnifique de la Place Saint Marc, H\u00f4tel Royal San Marco Venise vous propose trois solutions \u00e9l\u00e9gantes au c\u0153ur de la ville, pour trois exp\u00e9riences de s\u00e9jour diff\u00e9rentes mais tout autant exclusives. H\u00f4tel, suite o appartement? Quelque soit votre choix, il sera s\u00fbrement \u00e0 la hauteur de vos r\u00eaves..","breadcrumb":{"@id":"https:\/\/www.royalsanmarcovenice.com\/fr\/#breadcrumb"},"inLanguage":"fr-FR","potentialAction":[{"@type":"ReadAction","target":["https:\/\/www.royalsanmarcovenice.com\/fr\/"]}]},{"@type":"BreadcrumbList","@id":"https:\/\/www.royalsanmarcovenice.com\/fr\/#breadcrumb","itemListElement":[{"@type":"ListItem","position":1,"name":"Home","item":"https:\/\/www.royalsanmarcovenice.com\/fr\/"},{"@type":"ListItem","position":2,"name":"Hotel Royal San Marco"}]},{"@type":"WebSite","@id":"https:\/\/www.royalsanmarcovenice.com\/fr\/#website","url":"https:\/\/www.royalsanmarcovenice.com\/fr\/","name":"Hotel Royal San Marco","description":"","publisher":{"@id":"https:\/\/www.royalsanmarcovenice.com\/fr\/#organization"},"potentialAction":[{"@type":"SearchAction","target":{"@type":"EntryPoint","urlTemplate":"https:\/\/www.royalsanmarcovenice.com\/fr\/?s={search_term_string}"},"query-input":{"@type":"PropertyValueSpecification","valueRequired":true,"valueName":"search_term_string"}}],"inLanguage":"fr-FR"},{"@type":"Organization","@id":"https:\/\/www.royalsanmarcovenice.com\/fr\/#organization","name":"Hotel Royal San Marco","url":"https:\/\/www.royalsanmarcovenice.com\/fr\/","logo":{"@type":"ImageObject","inLanguage":"fr-FR","@id":"https:\/\/www.royalsanmarcovenice.com\/fr\/#\/schema\/logo\/image\/","url":"https:\/\/www.royalsanmarcovenice.com\/wp-content\/uploads\/sites\/53\/2026\/02\/logo_hotel_royal_san_marco_c.svg","contentUrl":"https:\/\/www.royalsanmarcovenice.com\/wp-content\/uploads\/sites\/53\/2026\/02\/logo_hotel_royal_san_marco_c.svg","width":1397,"height":280,"caption":"Hotel Royal San Marco"},"image":{"@id":"https:\/\/www.royalsanmarcovenice.com\/fr\/#\/schema\/logo\/image\/"},"sameAs":["https:\/\/www.facebook.com\/royalsanmarcoandsuites\/"]}]}},"acf":[],"_links":{"self":[{"href":"https:\/\/www.royalsanmarcovenice.com\/fr\/wp-json\/wp\/v2\/pages\/182","targetHints":{"allow":["GET"]}}],"collection":[{"href":"https:\/\/www.royalsanmarcovenice.com\/fr\/wp-json\/wp\/v2\/pages"}],"about":[{"href":"https:\/\/www.royalsanmarcovenice.com\/fr\/wp-json\/wp\/v2\/types\/page"}],"author":[{"embeddable":true,"href":"https:\/\/www.royalsanmarcovenice.com\/fr\/wp-json\/wp\/v2\/users\/6"}],"replies":[{"embeddable":true,"href":"https:\/\/www.royalsanmarcovenice.com\/fr\/wp-json\/wp\/v2\/comments?post=182"}],"version-history":[{"count":0,"href":"https:\/\/www.royalsanmarcovenice.com\/fr\/wp-json\/wp\/v2\/pages\/182\/revisions"}],"wp:attachment":[{"href":"https:\/\/www.royalsanmarcovenice.com\/fr\/wp-json\/wp\/v2\/media?parent=182"}],"curies":[{"name":"wp","href":"https:\/\/api.w.org\/{rel}","templated":true}]}}