{"id":174,"date":"2026-02-03T16:27:11","date_gmt":"2026-02-03T16:27:11","guid":{"rendered":"https:\/\/royalsanmarcovenice.ms3.decms.eu\/?page_id=174"},"modified":"2026-02-18T17:08:00","modified_gmt":"2026-02-18T17:08:00","slug":"chambres","status":"publish","type":"page","link":"https:\/\/www.royalsanmarcovenice.com\/fr\/chambres\/","title":{"rendered":"Chambres"},"content":{"rendered":"<p>Donnant sur le pittoresque Rio delle Procuratie, sur la Calle dei Fabbri ou sur le Campanile de Saint-Marc, les 50 chambres de l\u2019H\u00f4tel Royal San Marco 4 \u00e9toiles de Venise sont richement meubl\u00e9es dans le style v\u00e9nitien, tr\u00e8s confortables et extr\u00eamement lumineuses.<\/p>\n<p>Soign\u00e9es dans les moindres d\u00e9tails, dot\u00e9es de l&rsquo;air conditionn\u00e9, d&rsquo;un minibar, d&rsquo;une TV \u00e0 \u00e9cran plat et d&rsquo;un t\u00e9l\u00e9phone direct, les chambres sont charmantes et pittoresques. Spacieuses, elles sauront vous accueillir confortablement pour des vacances en famille ou un voyage d&rsquo;affaires \u00e0 deux pas de la Place Saint-Marc.<\/p>\n","protected":false},"excerpt":{"rendered":"<p>Donnant sur le pittoresque Rio delle Procuratie, sur la Calle dei Fabbri ou sur le Campanile de Saint-Marc, les 50 chambres de l\u2019H\u00f4tel Royal San Marco 4 \u00e9toiles de Venise sont richement meubl\u00e9es dans le style v\u00e9nitien, tr\u00e8s confortables et extr\u00eamement lumineuses. Soign\u00e9es dans les moindres d\u00e9tails, dot\u00e9es de l&rsquo;air conditionn\u00e9, d&rsquo;un minibar, d&rsquo;une TV [&hellip;]<\/p>\n","protected":false},"author":6,"featured_media":0,"parent":0,"menu_order":30,"comment_status":"closed","ping_status":"closed","template":"template-rooms.php","meta":{"footnotes":""},"class_list":["post-174","page","type-page","status-publish","hentry"],"yoast_head":"<!-- This site is optimized with the Yoast SEO plugin v26.9 - https:\/\/yoast.com\/product\/yoast-seo-wordpress\/ -->\n<title>Chambres - Hotel Royal San Marco -<\/title>\n<meta name=\"description\" content=\"Donnant sur le pittoresque Rio delle Procuratie, sur la Calle dei Fabbri ou sur le Campanile de Saint-Marc, les 50 chambres de l\u2019H\u00f4tel Royal San Marco 4 \u00e9toiles de Venise sont richement meubl\u00e9es dans le style v\u00e9nitien, tr\u00e8s confortables et extr\u00eamement lumineuses.  Soign\u00e9es dans les moindres d\u00e9tails, dot\u00e9es de l&#039;air conditionn\u00e9, d&#039;un minibar, d&#039;une TV \u00e0 \u00e9cran plat et d&#039;un t\u00e9l\u00e9phone direct, les chambres sont charmantes et pittoresques. Spacieuses, elles sauront vous accueillir confortablement pour des vacances en famille ou un voyage d&#039;affaires \u00e0 deux pas de la Place Saint-Marc.\" \/>\n<meta name=\"robots\" content=\"index, follow, max-snippet:-1, max-image-preview:large, max-video-preview:-1\" \/>\n<link rel=\"canonical\" href=\"https:\/\/www.royalsanmarcovenice.com\/fr\/chambres\/\" \/>\n<meta property=\"og:locale\" content=\"fr_FR\" \/>\n<meta property=\"og:type\" content=\"article\" \/>\n<meta property=\"og:title\" content=\"Chambres - Hotel Royal San Marco -\" \/>\n<meta property=\"og:description\" content=\"Donnant sur le pittoresque Rio delle Procuratie, sur la Calle dei Fabbri ou sur le Campanile de Saint-Marc, les 50 chambres de l\u2019H\u00f4tel Royal San Marco 4 \u00e9toiles de Venise sont richement meubl\u00e9es dans le style v\u00e9nitien, tr\u00e8s confortables et extr\u00eamement lumineuses.  Soign\u00e9es dans les moindres d\u00e9tails, dot\u00e9es de l&#039;air conditionn\u00e9, d&#039;un minibar, d&#039;une TV \u00e0 \u00e9cran plat et d&#039;un t\u00e9l\u00e9phone direct, les chambres sont charmantes et pittoresques. Spacieuses, elles sauront vous accueillir confortablement pour des vacances en famille ou un voyage d&#039;affaires \u00e0 deux pas de la Place Saint-Marc.\" \/>\n<meta property=\"og:url\" content=\"https:\/\/www.royalsanmarcovenice.com\/fr\/chambres\/\" \/>\n<meta property=\"og:site_name\" content=\"Hotel Royal San Marco\" \/>\n<meta property=\"article:publisher\" content=\"https:\/\/www.facebook.com\/royalsanmarcoandsuites\/\" \/>\n<meta property=\"article:modified_time\" content=\"2026-02-18T17:08:00+00:00\" \/>\n<meta name=\"twitter:card\" content=\"summary_large_image\" \/>\n<meta name=\"twitter:label1\" content=\"Est. reading time\" \/>\n\t<meta name=\"twitter:data1\" content=\"1 minute\" \/>\n<script type=\"application\/ld+json\" class=\"yoast-schema-graph\">{\"@context\":\"https:\/\/schema.org\",\"@graph\":[{\"@type\":\"WebPage\",\"@id\":\"https:\/\/www.royalsanmarcovenice.com\/fr\/chambres\/\",\"url\":\"https:\/\/www.royalsanmarcovenice.com\/fr\/chambres\/\",\"name\":\"Chambres - Hotel Royal San Marco -\",\"isPartOf\":{\"@id\":\"https:\/\/www.royalsanmarcovenice.com\/fr\/#website\"},\"datePublished\":\"2026-02-03T16:27:11+00:00\",\"dateModified\":\"2026-02-18T17:08:00+00:00\",\"description\":\"Donnant sur le pittoresque Rio delle Procuratie, sur la Calle dei Fabbri ou sur le Campanile de Saint-Marc, les 50 chambres de l\u2019H\u00f4tel Royal San Marco 4 \u00e9toiles de Venise sont richement meubl\u00e9es dans le style v\u00e9nitien, tr\u00e8s confortables et extr\u00eamement lumineuses. Soign\u00e9es dans les moindres d\u00e9tails, dot\u00e9es de l'air conditionn\u00e9, d'un minibar, d'une TV \u00e0 \u00e9cran plat et d'un t\u00e9l\u00e9phone direct, les chambres sont charmantes et pittoresques. Spacieuses, elles sauront vous accueillir confortablement pour des vacances en famille ou un voyage d'affaires \u00e0 deux pas de la Place Saint-Marc.\",\"breadcrumb\":{\"@id\":\"https:\/\/www.royalsanmarcovenice.com\/fr\/chambres\/#breadcrumb\"},\"inLanguage\":\"fr-FR\",\"potentialAction\":[{\"@type\":\"ReadAction\",\"target\":[\"https:\/\/www.royalsanmarcovenice.com\/fr\/chambres\/\"]}]},{\"@type\":\"BreadcrumbList\",\"@id\":\"https:\/\/www.royalsanmarcovenice.com\/fr\/chambres\/#breadcrumb\",\"itemListElement\":[{\"@type\":\"ListItem\",\"position\":1,\"name\":\"Home\",\"item\":\"https:\/\/www.royalsanmarcovenice.com\/fr\/\"},{\"@type\":\"ListItem\",\"position\":2,\"name\":\"Chambres\"}]},{\"@type\":\"WebSite\",\"@id\":\"https:\/\/www.royalsanmarcovenice.com\/fr\/#website\",\"url\":\"https:\/\/www.royalsanmarcovenice.com\/fr\/\",\"name\":\"Hotel Royal San Marco\",\"description\":\"\",\"publisher\":{\"@id\":\"https:\/\/www.royalsanmarcovenice.com\/fr\/#organization\"},\"potentialAction\":[{\"@type\":\"SearchAction\",\"target\":{\"@type\":\"EntryPoint\",\"urlTemplate\":\"https:\/\/www.royalsanmarcovenice.com\/fr\/?s={search_term_string}\"},\"query-input\":{\"@type\":\"PropertyValueSpecification\",\"valueRequired\":true,\"valueName\":\"search_term_string\"}}],\"inLanguage\":\"fr-FR\"},{\"@type\":\"Organization\",\"@id\":\"https:\/\/www.royalsanmarcovenice.com\/fr\/#organization\",\"name\":\"Hotel Royal San Marco\",\"url\":\"https:\/\/www.royalsanmarcovenice.com\/fr\/\",\"logo\":{\"@type\":\"ImageObject\",\"inLanguage\":\"fr-FR\",\"@id\":\"https:\/\/www.royalsanmarcovenice.com\/fr\/#\/schema\/logo\/image\/\",\"url\":\"https:\/\/www.royalsanmarcovenice.com\/wp-content\/uploads\/sites\/53\/2026\/02\/logo_hotel_royal_san_marco_c.svg\",\"contentUrl\":\"https:\/\/www.royalsanmarcovenice.com\/wp-content\/uploads\/sites\/53\/2026\/02\/logo_hotel_royal_san_marco_c.svg\",\"width\":1397,\"height\":280,\"caption\":\"Hotel Royal San Marco\"},\"image\":{\"@id\":\"https:\/\/www.royalsanmarcovenice.com\/fr\/#\/schema\/logo\/image\/\"},\"sameAs\":[\"https:\/\/www.facebook.com\/royalsanmarcoandsuites\/\"]}]}<\/script>\n<!-- \/ Yoast SEO plugin. -->","yoast_head_json":{"title":"Chambres - Hotel Royal San Marco -","description":"Donnant sur le pittoresque Rio delle Procuratie, sur la Calle dei Fabbri ou sur le Campanile de Saint-Marc, les 50 chambres de l\u2019H\u00f4tel Royal San Marco 4 \u00e9toiles de Venise sont richement meubl\u00e9es dans le style v\u00e9nitien, tr\u00e8s confortables et extr\u00eamement lumineuses.  Soign\u00e9es dans les moindres d\u00e9tails, dot\u00e9es de l'air conditionn\u00e9, d'un minibar, d'une TV \u00e0 \u00e9cran plat et d'un t\u00e9l\u00e9phone direct, les chambres sont charmantes et pittoresques. Spacieuses, elles sauront vous accueillir confortablement pour des vacances en famille ou un voyage d'affaires \u00e0 deux pas de la Place Saint-Marc.","robots":{"index":"index","follow":"follow","max-snippet":"max-snippet:-1","max-image-preview":"max-image-preview:large","max-video-preview":"max-video-preview:-1"},"canonical":"https:\/\/www.royalsanmarcovenice.com\/fr\/chambres\/","og_locale":"fr_FR","og_type":"article","og_title":"Chambres - Hotel Royal San Marco -","og_description":"Donnant sur le pittoresque Rio delle Procuratie, sur la Calle dei Fabbri ou sur le Campanile de Saint-Marc, les 50 chambres de l\u2019H\u00f4tel Royal San Marco 4 \u00e9toiles de Venise sont richement meubl\u00e9es dans le style v\u00e9nitien, tr\u00e8s confortables et extr\u00eamement lumineuses.  Soign\u00e9es dans les moindres d\u00e9tails, dot\u00e9es de l'air conditionn\u00e9, d'un minibar, d'une TV \u00e0 \u00e9cran plat et d'un t\u00e9l\u00e9phone direct, les chambres sont charmantes et pittoresques. Spacieuses, elles sauront vous accueillir confortablement pour des vacances en famille ou un voyage d'affaires \u00e0 deux pas de la Place Saint-Marc.","og_url":"https:\/\/www.royalsanmarcovenice.com\/fr\/chambres\/","og_site_name":"Hotel Royal San Marco","article_publisher":"https:\/\/www.facebook.com\/royalsanmarcoandsuites\/","article_modified_time":"2026-02-18T17:08:00+00:00","twitter_card":"summary_large_image","twitter_misc":{"Est. reading time":"1 minute"},"schema":{"@context":"https:\/\/schema.org","@graph":[{"@type":"WebPage","@id":"https:\/\/www.royalsanmarcovenice.com\/fr\/chambres\/","url":"https:\/\/www.royalsanmarcovenice.com\/fr\/chambres\/","name":"Chambres - Hotel Royal San Marco -","isPartOf":{"@id":"https:\/\/www.royalsanmarcovenice.com\/fr\/#website"},"datePublished":"2026-02-03T16:27:11+00:00","dateModified":"2026-02-18T17:08:00+00:00","description":"Donnant sur le pittoresque Rio delle Procuratie, sur la Calle dei Fabbri ou sur le Campanile de Saint-Marc, les 50 chambres de l\u2019H\u00f4tel Royal San Marco 4 \u00e9toiles de Venise sont richement meubl\u00e9es dans le style v\u00e9nitien, tr\u00e8s confortables et extr\u00eamement lumineuses. Soign\u00e9es dans les moindres d\u00e9tails, dot\u00e9es de l'air conditionn\u00e9, d'un minibar, d'une TV \u00e0 \u00e9cran plat et d'un t\u00e9l\u00e9phone direct, les chambres sont charmantes et pittoresques. Spacieuses, elles sauront vous accueillir confortablement pour des vacances en famille ou un voyage d'affaires \u00e0 deux pas de la Place Saint-Marc.","breadcrumb":{"@id":"https:\/\/www.royalsanmarcovenice.com\/fr\/chambres\/#breadcrumb"},"inLanguage":"fr-FR","potentialAction":[{"@type":"ReadAction","target":["https:\/\/www.royalsanmarcovenice.com\/fr\/chambres\/"]}]},{"@type":"BreadcrumbList","@id":"https:\/\/www.royalsanmarcovenice.com\/fr\/chambres\/#breadcrumb","itemListElement":[{"@type":"ListItem","position":1,"name":"Home","item":"https:\/\/www.royalsanmarcovenice.com\/fr\/"},{"@type":"ListItem","position":2,"name":"Chambres"}]},{"@type":"WebSite","@id":"https:\/\/www.royalsanmarcovenice.com\/fr\/#website","url":"https:\/\/www.royalsanmarcovenice.com\/fr\/","name":"Hotel Royal San Marco","description":"","publisher":{"@id":"https:\/\/www.royalsanmarcovenice.com\/fr\/#organization"},"potentialAction":[{"@type":"SearchAction","target":{"@type":"EntryPoint","urlTemplate":"https:\/\/www.royalsanmarcovenice.com\/fr\/?s={search_term_string}"},"query-input":{"@type":"PropertyValueSpecification","valueRequired":true,"valueName":"search_term_string"}}],"inLanguage":"fr-FR"},{"@type":"Organization","@id":"https:\/\/www.royalsanmarcovenice.com\/fr\/#organization","name":"Hotel Royal San Marco","url":"https:\/\/www.royalsanmarcovenice.com\/fr\/","logo":{"@type":"ImageObject","inLanguage":"fr-FR","@id":"https:\/\/www.royalsanmarcovenice.com\/fr\/#\/schema\/logo\/image\/","url":"https:\/\/www.royalsanmarcovenice.com\/wp-content\/uploads\/sites\/53\/2026\/02\/logo_hotel_royal_san_marco_c.svg","contentUrl":"https:\/\/www.royalsanmarcovenice.com\/wp-content\/uploads\/sites\/53\/2026\/02\/logo_hotel_royal_san_marco_c.svg","width":1397,"height":280,"caption":"Hotel Royal San Marco"},"image":{"@id":"https:\/\/www.royalsanmarcovenice.com\/fr\/#\/schema\/logo\/image\/"},"sameAs":["https:\/\/www.facebook.com\/royalsanmarcoandsuites\/"]}]}},"acf":[],"_links":{"self":[{"href":"https:\/\/www.royalsanmarcovenice.com\/fr\/wp-json\/wp\/v2\/pages\/174","targetHints":{"allow":["GET"]}}],"collection":[{"href":"https:\/\/www.royalsanmarcovenice.com\/fr\/wp-json\/wp\/v2\/pages"}],"about":[{"href":"https:\/\/www.royalsanmarcovenice.com\/fr\/wp-json\/wp\/v2\/types\/page"}],"author":[{"embeddable":true,"href":"https:\/\/www.royalsanmarcovenice.com\/fr\/wp-json\/wp\/v2\/users\/6"}],"replies":[{"embeddable":true,"href":"https:\/\/www.royalsanmarcovenice.com\/fr\/wp-json\/wp\/v2\/comments?post=174"}],"version-history":[{"count":0,"href":"https:\/\/www.royalsanmarcovenice.com\/fr\/wp-json\/wp\/v2\/pages\/174\/revisions"}],"wp:attachment":[{"href":"https:\/\/www.royalsanmarcovenice.com\/fr\/wp-json\/wp\/v2\/media?parent=174"}],"curies":[{"name":"wp","href":"https:\/\/api.w.org\/{rel}","templated":true}]}}