{"id":168,"date":"2026-02-03T16:47:17","date_gmt":"2026-02-03T16:47:17","guid":{"rendered":"https:\/\/royalsanmarcovenice.ms3.decms.eu\/?page_id=168"},"modified":"2026-02-17T17:41:07","modified_gmt":"2026-02-17T17:41:07","slug":"junior-suite","status":"publish","type":"page","link":"https:\/\/www.royalsanmarcovenice.com\/fr\/chambres\/junior-suite\/","title":{"rendered":"Junior Suite"},"content":{"rendered":"<p>Surplombant le charmant Rio delle Procuratie, cette suite exclusive offre un m\u00e9lange exceptionnel d\u2019espace, d\u2019\u00e9l\u00e9gance et de charme v\u00e9nitien authentique. Avec une chambre principale raffin\u00e9e et un salon confortable, elle est d\u00e9cor\u00e9e de somptueux rideaux et de meubles luxueux de style v\u00e9nitien, compl\u00e9t\u00e9s par tout le confort moderne.<\/p>\n<p>Con\u00e7ue pour les clients d\u00e9sirant quelque chose de vraiment sp\u00e9cial, cette suite accueille jusqu\u2019\u00e0 trois personnes et promet un s\u00e9jour inoubliable dans un cadre de sophistication intemporelle.<\/p>\n","protected":false},"excerpt":{"rendered":"<p>Surplombant le charmant Rio delle Procuratie, cette suite exclusive offre un m\u00e9lange exceptionnel d\u2019espace, d\u2019\u00e9l\u00e9gance et de charme v\u00e9nitien authentique. Avec une chambre principale raffin\u00e9e et un salon confortable, elle est d\u00e9cor\u00e9e de somptueux rideaux et de meubles luxueux de style v\u00e9nitien, compl\u00e9t\u00e9s par tout le confort moderne. Con\u00e7ue pour les clients d\u00e9sirant quelque chose [&hellip;]<\/p>\n","protected":false},"author":6,"featured_media":0,"parent":174,"menu_order":10,"comment_status":"closed","ping_status":"closed","template":"template-single-room.php","meta":{"footnotes":""},"class_list":["post-168","page","type-page","status-publish","hentry"],"yoast_head":"<!-- This site is optimized with the Yoast SEO plugin v26.9 - https:\/\/yoast.com\/product\/yoast-seo-wordpress\/ -->\n<title>Junior Suite - Hotel Royal San Marco -<\/title>\n<meta name=\"description\" content=\"Surplombant le charmant Rio delle Procuratie, cette suite exclusive offre un m\u00e9lange exceptionnel d\u2019espace, d\u2019\u00e9l\u00e9gance et de charme v\u00e9nitien authentique. Avec une chambre principale raffin\u00e9e et un salon confortable, elle est d\u00e9cor\u00e9e de somptueux rideaux et de meubles luxueux de style v\u00e9nitien, compl\u00e9t\u00e9s par tout le confort moderne.  Con\u00e7ue pour les clients d\u00e9sirant quelque chose de vraiment sp\u00e9cial, cette suite accueille jusqu\u2019\u00e0 trois personnes et promet un s\u00e9jour inoubliable dans un cadre de sophistication intemporelle.\" \/>\n<meta name=\"robots\" content=\"index, follow, max-snippet:-1, max-image-preview:large, max-video-preview:-1\" \/>\n<link rel=\"canonical\" href=\"https:\/\/www.royalsanmarcovenice.com\/fr\/chambres\/junior-suite\/\" \/>\n<meta property=\"og:locale\" content=\"fr_FR\" \/>\n<meta property=\"og:type\" content=\"article\" \/>\n<meta property=\"og:title\" content=\"Junior Suite - Hotel Royal San Marco -\" \/>\n<meta property=\"og:description\" content=\"Surplombant le charmant Rio delle Procuratie, cette suite exclusive offre un m\u00e9lange exceptionnel d\u2019espace, d\u2019\u00e9l\u00e9gance et de charme v\u00e9nitien authentique. Avec une chambre principale raffin\u00e9e et un salon confortable, elle est d\u00e9cor\u00e9e de somptueux rideaux et de meubles luxueux de style v\u00e9nitien, compl\u00e9t\u00e9s par tout le confort moderne.  Con\u00e7ue pour les clients d\u00e9sirant quelque chose de vraiment sp\u00e9cial, cette suite accueille jusqu\u2019\u00e0 trois personnes et promet un s\u00e9jour inoubliable dans un cadre de sophistication intemporelle.\" \/>\n<meta property=\"og:url\" content=\"https:\/\/www.royalsanmarcovenice.com\/fr\/chambres\/junior-suite\/\" \/>\n<meta property=\"og:site_name\" content=\"Hotel Royal San Marco\" \/>\n<meta property=\"article:publisher\" content=\"https:\/\/www.facebook.com\/royalsanmarcoandsuites\/\" \/>\n<meta property=\"article:modified_time\" content=\"2026-02-17T17:41:07+00:00\" \/>\n<meta name=\"twitter:card\" content=\"summary_large_image\" \/>\n<meta name=\"twitter:label1\" content=\"Est. reading time\" \/>\n\t<meta name=\"twitter:data1\" content=\"1 minute\" \/>\n<script type=\"application\/ld+json\" class=\"yoast-schema-graph\">{\"@context\":\"https:\/\/schema.org\",\"@graph\":[{\"@type\":\"WebPage\",\"@id\":\"https:\/\/www.royalsanmarcovenice.com\/fr\/chambres\/junior-suite\/\",\"url\":\"https:\/\/www.royalsanmarcovenice.com\/fr\/chambres\/junior-suite\/\",\"name\":\"Junior Suite - Hotel Royal San Marco -\",\"isPartOf\":{\"@id\":\"https:\/\/www.royalsanmarcovenice.com\/fr\/#website\"},\"datePublished\":\"2026-02-03T16:47:17+00:00\",\"dateModified\":\"2026-02-17T17:41:07+00:00\",\"description\":\"Surplombant le charmant Rio delle Procuratie, cette suite exclusive offre un m\u00e9lange exceptionnel d\u2019espace, d\u2019\u00e9l\u00e9gance et de charme v\u00e9nitien authentique. Avec une chambre principale raffin\u00e9e et un salon confortable, elle est d\u00e9cor\u00e9e de somptueux rideaux et de meubles luxueux de style v\u00e9nitien, compl\u00e9t\u00e9s par tout le confort moderne. Con\u00e7ue pour les clients d\u00e9sirant quelque chose de vraiment sp\u00e9cial, cette suite accueille jusqu\u2019\u00e0 trois personnes et promet un s\u00e9jour inoubliable dans un cadre de sophistication intemporelle.\",\"breadcrumb\":{\"@id\":\"https:\/\/www.royalsanmarcovenice.com\/fr\/chambres\/junior-suite\/#breadcrumb\"},\"inLanguage\":\"fr-FR\",\"potentialAction\":[{\"@type\":\"ReadAction\",\"target\":[\"https:\/\/www.royalsanmarcovenice.com\/fr\/chambres\/junior-suite\/\"]}]},{\"@type\":\"BreadcrumbList\",\"@id\":\"https:\/\/www.royalsanmarcovenice.com\/fr\/chambres\/junior-suite\/#breadcrumb\",\"itemListElement\":[{\"@type\":\"ListItem\",\"position\":1,\"name\":\"Home\",\"item\":\"https:\/\/www.royalsanmarcovenice.com\/fr\/\"},{\"@type\":\"ListItem\",\"position\":2,\"name\":\"Chambres\",\"item\":\"https:\/\/www.royalsanmarcovenice.com\/fr\/chambres\/\"},{\"@type\":\"ListItem\",\"position\":3,\"name\":\"Junior Suite\"}]},{\"@type\":\"WebSite\",\"@id\":\"https:\/\/www.royalsanmarcovenice.com\/fr\/#website\",\"url\":\"https:\/\/www.royalsanmarcovenice.com\/fr\/\",\"name\":\"Hotel Royal San Marco\",\"description\":\"\",\"publisher\":{\"@id\":\"https:\/\/www.royalsanmarcovenice.com\/fr\/#organization\"},\"potentialAction\":[{\"@type\":\"SearchAction\",\"target\":{\"@type\":\"EntryPoint\",\"urlTemplate\":\"https:\/\/www.royalsanmarcovenice.com\/fr\/?s={search_term_string}\"},\"query-input\":{\"@type\":\"PropertyValueSpecification\",\"valueRequired\":true,\"valueName\":\"search_term_string\"}}],\"inLanguage\":\"fr-FR\"},{\"@type\":\"Organization\",\"@id\":\"https:\/\/www.royalsanmarcovenice.com\/fr\/#organization\",\"name\":\"Hotel Royal San Marco\",\"url\":\"https:\/\/www.royalsanmarcovenice.com\/fr\/\",\"logo\":{\"@type\":\"ImageObject\",\"inLanguage\":\"fr-FR\",\"@id\":\"https:\/\/www.royalsanmarcovenice.com\/fr\/#\/schema\/logo\/image\/\",\"url\":\"https:\/\/www.royalsanmarcovenice.com\/wp-content\/uploads\/sites\/53\/2026\/02\/logo_hotel_royal_san_marco_c.svg\",\"contentUrl\":\"https:\/\/www.royalsanmarcovenice.com\/wp-content\/uploads\/sites\/53\/2026\/02\/logo_hotel_royal_san_marco_c.svg\",\"width\":1397,\"height\":280,\"caption\":\"Hotel Royal San Marco\"},\"image\":{\"@id\":\"https:\/\/www.royalsanmarcovenice.com\/fr\/#\/schema\/logo\/image\/\"},\"sameAs\":[\"https:\/\/www.facebook.com\/royalsanmarcoandsuites\/\"]}]}<\/script>\n<!-- \/ Yoast SEO plugin. -->","yoast_head_json":{"title":"Junior Suite - Hotel Royal San Marco -","description":"Surplombant le charmant Rio delle Procuratie, cette suite exclusive offre un m\u00e9lange exceptionnel d\u2019espace, d\u2019\u00e9l\u00e9gance et de charme v\u00e9nitien authentique. Avec une chambre principale raffin\u00e9e et un salon confortable, elle est d\u00e9cor\u00e9e de somptueux rideaux et de meubles luxueux de style v\u00e9nitien, compl\u00e9t\u00e9s par tout le confort moderne.  Con\u00e7ue pour les clients d\u00e9sirant quelque chose de vraiment sp\u00e9cial, cette suite accueille jusqu\u2019\u00e0 trois personnes et promet un s\u00e9jour inoubliable dans un cadre de sophistication intemporelle.","robots":{"index":"index","follow":"follow","max-snippet":"max-snippet:-1","max-image-preview":"max-image-preview:large","max-video-preview":"max-video-preview:-1"},"canonical":"https:\/\/www.royalsanmarcovenice.com\/fr\/chambres\/junior-suite\/","og_locale":"fr_FR","og_type":"article","og_title":"Junior Suite - Hotel Royal San Marco -","og_description":"Surplombant le charmant Rio delle Procuratie, cette suite exclusive offre un m\u00e9lange exceptionnel d\u2019espace, d\u2019\u00e9l\u00e9gance et de charme v\u00e9nitien authentique. Avec une chambre principale raffin\u00e9e et un salon confortable, elle est d\u00e9cor\u00e9e de somptueux rideaux et de meubles luxueux de style v\u00e9nitien, compl\u00e9t\u00e9s par tout le confort moderne.  Con\u00e7ue pour les clients d\u00e9sirant quelque chose de vraiment sp\u00e9cial, cette suite accueille jusqu\u2019\u00e0 trois personnes et promet un s\u00e9jour inoubliable dans un cadre de sophistication intemporelle.","og_url":"https:\/\/www.royalsanmarcovenice.com\/fr\/chambres\/junior-suite\/","og_site_name":"Hotel Royal San Marco","article_publisher":"https:\/\/www.facebook.com\/royalsanmarcoandsuites\/","article_modified_time":"2026-02-17T17:41:07+00:00","twitter_card":"summary_large_image","twitter_misc":{"Est. reading time":"1 minute"},"schema":{"@context":"https:\/\/schema.org","@graph":[{"@type":"WebPage","@id":"https:\/\/www.royalsanmarcovenice.com\/fr\/chambres\/junior-suite\/","url":"https:\/\/www.royalsanmarcovenice.com\/fr\/chambres\/junior-suite\/","name":"Junior Suite - Hotel Royal San Marco -","isPartOf":{"@id":"https:\/\/www.royalsanmarcovenice.com\/fr\/#website"},"datePublished":"2026-02-03T16:47:17+00:00","dateModified":"2026-02-17T17:41:07+00:00","description":"Surplombant le charmant Rio delle Procuratie, cette suite exclusive offre un m\u00e9lange exceptionnel d\u2019espace, d\u2019\u00e9l\u00e9gance et de charme v\u00e9nitien authentique. Avec une chambre principale raffin\u00e9e et un salon confortable, elle est d\u00e9cor\u00e9e de somptueux rideaux et de meubles luxueux de style v\u00e9nitien, compl\u00e9t\u00e9s par tout le confort moderne. Con\u00e7ue pour les clients d\u00e9sirant quelque chose de vraiment sp\u00e9cial, cette suite accueille jusqu\u2019\u00e0 trois personnes et promet un s\u00e9jour inoubliable dans un cadre de sophistication intemporelle.","breadcrumb":{"@id":"https:\/\/www.royalsanmarcovenice.com\/fr\/chambres\/junior-suite\/#breadcrumb"},"inLanguage":"fr-FR","potentialAction":[{"@type":"ReadAction","target":["https:\/\/www.royalsanmarcovenice.com\/fr\/chambres\/junior-suite\/"]}]},{"@type":"BreadcrumbList","@id":"https:\/\/www.royalsanmarcovenice.com\/fr\/chambres\/junior-suite\/#breadcrumb","itemListElement":[{"@type":"ListItem","position":1,"name":"Home","item":"https:\/\/www.royalsanmarcovenice.com\/fr\/"},{"@type":"ListItem","position":2,"name":"Chambres","item":"https:\/\/www.royalsanmarcovenice.com\/fr\/chambres\/"},{"@type":"ListItem","position":3,"name":"Junior Suite"}]},{"@type":"WebSite","@id":"https:\/\/www.royalsanmarcovenice.com\/fr\/#website","url":"https:\/\/www.royalsanmarcovenice.com\/fr\/","name":"Hotel Royal San Marco","description":"","publisher":{"@id":"https:\/\/www.royalsanmarcovenice.com\/fr\/#organization"},"potentialAction":[{"@type":"SearchAction","target":{"@type":"EntryPoint","urlTemplate":"https:\/\/www.royalsanmarcovenice.com\/fr\/?s={search_term_string}"},"query-input":{"@type":"PropertyValueSpecification","valueRequired":true,"valueName":"search_term_string"}}],"inLanguage":"fr-FR"},{"@type":"Organization","@id":"https:\/\/www.royalsanmarcovenice.com\/fr\/#organization","name":"Hotel Royal San Marco","url":"https:\/\/www.royalsanmarcovenice.com\/fr\/","logo":{"@type":"ImageObject","inLanguage":"fr-FR","@id":"https:\/\/www.royalsanmarcovenice.com\/fr\/#\/schema\/logo\/image\/","url":"https:\/\/www.royalsanmarcovenice.com\/wp-content\/uploads\/sites\/53\/2026\/02\/logo_hotel_royal_san_marco_c.svg","contentUrl":"https:\/\/www.royalsanmarcovenice.com\/wp-content\/uploads\/sites\/53\/2026\/02\/logo_hotel_royal_san_marco_c.svg","width":1397,"height":280,"caption":"Hotel Royal San Marco"},"image":{"@id":"https:\/\/www.royalsanmarcovenice.com\/fr\/#\/schema\/logo\/image\/"},"sameAs":["https:\/\/www.facebook.com\/royalsanmarcoandsuites\/"]}]}},"acf":[],"_links":{"self":[{"href":"https:\/\/www.royalsanmarcovenice.com\/fr\/wp-json\/wp\/v2\/pages\/168","targetHints":{"allow":["GET"]}}],"collection":[{"href":"https:\/\/www.royalsanmarcovenice.com\/fr\/wp-json\/wp\/v2\/pages"}],"about":[{"href":"https:\/\/www.royalsanmarcovenice.com\/fr\/wp-json\/wp\/v2\/types\/page"}],"author":[{"embeddable":true,"href":"https:\/\/www.royalsanmarcovenice.com\/fr\/wp-json\/wp\/v2\/users\/6"}],"replies":[{"embeddable":true,"href":"https:\/\/www.royalsanmarcovenice.com\/fr\/wp-json\/wp\/v2\/comments?post=168"}],"version-history":[{"count":0,"href":"https:\/\/www.royalsanmarcovenice.com\/fr\/wp-json\/wp\/v2\/pages\/168\/revisions"}],"up":[{"embeddable":true,"href":"https:\/\/www.royalsanmarcovenice.com\/fr\/wp-json\/wp\/v2\/pages\/174"}],"wp:attachment":[{"href":"https:\/\/www.royalsanmarcovenice.com\/fr\/wp-json\/wp\/v2\/media?parent=168"}],"curies":[{"name":"wp","href":"https:\/\/api.w.org\/{rel}","templated":true}]}}