{"id":163,"date":"2026-02-03T16:46:57","date_gmt":"2026-02-03T16:46:57","guid":{"rendered":"https:\/\/royalsanmarcovenice.ms3.decms.eu\/?page_id=163"},"modified":"2026-02-17T17:41:42","modified_gmt":"2026-02-17T17:41:42","slug":"superior","status":"publish","type":"page","link":"https:\/\/www.royalsanmarcovenice.com\/fr\/chambres\/superior\/","title":{"rendered":"Superior"},"content":{"rendered":"<p>Situ\u00e9es au premier \u00e9tage, ces chambres \u00e9l\u00e9gantes et \u00e9vocatrices pr\u00e9sentent un mobilier raffin\u00e9 de style v\u00e9nitien et des tissus de haute qualit\u00e9, cr\u00e9ant une atmosph\u00e8re de charme intemporel et de confort. Certaines chambres sont accessibles aux personnes \u00e0 mobilit\u00e9 r\u00e9duite et offrent une vue sur le caract\u00e9ristique Rio delle Procuratie, ajoutant une touche authentique \u00e0 votre s\u00e9jour.<\/p>\n<p>Disponibles en simple ou double, elles accueillent jusqu\u2019\u00e0 deux personnes \u2014 le choix id\u00e9al pour couples, familles ou petits groupes recherchant style, confort et exp\u00e9rience v\u00e9nitienne authentique.<\/p>\n","protected":false},"excerpt":{"rendered":"<p>Situ\u00e9es au premier \u00e9tage, ces chambres \u00e9l\u00e9gantes et \u00e9vocatrices pr\u00e9sentent un mobilier raffin\u00e9 de style v\u00e9nitien et des tissus de haute qualit\u00e9, cr\u00e9ant une atmosph\u00e8re de charme intemporel et de confort. Certaines chambres sont accessibles aux personnes \u00e0 mobilit\u00e9 r\u00e9duite et offrent une vue sur le caract\u00e9ristique Rio delle Procuratie, ajoutant une touche authentique \u00e0 [&hellip;]<\/p>\n","protected":false},"author":6,"featured_media":0,"parent":174,"menu_order":20,"comment_status":"closed","ping_status":"closed","template":"template-single-room.php","meta":{"footnotes":""},"class_list":["post-163","page","type-page","status-publish","hentry"],"yoast_head":"<!-- This site is optimized with the Yoast SEO plugin v26.9 - https:\/\/yoast.com\/product\/yoast-seo-wordpress\/ -->\n<title>Superior - Hotel Royal San Marco -<\/title>\n<meta name=\"description\" content=\"Situ\u00e9es au premier \u00e9tage, ces chambres \u00e9l\u00e9gantes et \u00e9vocatrices pr\u00e9sentent un mobilier raffin\u00e9 de style v\u00e9nitien et des tissus de haute qualit\u00e9, cr\u00e9ant une atmosph\u00e8re de charme intemporel et de confort. Certaines chambres sont accessibles aux personnes \u00e0 mobilit\u00e9 r\u00e9duite et offrent une vue sur le caract\u00e9ristique Rio delle Procuratie, ajoutant une touche authentique \u00e0 votre s\u00e9jour.  Disponibles en simple ou double, elles accueillent jusqu\u2019\u00e0 deux personnes \u2014 le choix id\u00e9al pour couples, familles ou petits groupes recherchant style, confort et exp\u00e9rience v\u00e9nitienne authentique.\" \/>\n<meta name=\"robots\" content=\"index, follow, max-snippet:-1, max-image-preview:large, max-video-preview:-1\" \/>\n<link rel=\"canonical\" href=\"https:\/\/www.royalsanmarcovenice.com\/fr\/chambres\/superior\/\" \/>\n<meta property=\"og:locale\" content=\"fr_FR\" \/>\n<meta property=\"og:type\" content=\"article\" \/>\n<meta property=\"og:title\" content=\"Superior - Hotel Royal San Marco -\" \/>\n<meta property=\"og:description\" content=\"Situ\u00e9es au premier \u00e9tage, ces chambres \u00e9l\u00e9gantes et \u00e9vocatrices pr\u00e9sentent un mobilier raffin\u00e9 de style v\u00e9nitien et des tissus de haute qualit\u00e9, cr\u00e9ant une atmosph\u00e8re de charme intemporel et de confort. Certaines chambres sont accessibles aux personnes \u00e0 mobilit\u00e9 r\u00e9duite et offrent une vue sur le caract\u00e9ristique Rio delle Procuratie, ajoutant une touche authentique \u00e0 votre s\u00e9jour.  Disponibles en simple ou double, elles accueillent jusqu\u2019\u00e0 deux personnes \u2014 le choix id\u00e9al pour couples, familles ou petits groupes recherchant style, confort et exp\u00e9rience v\u00e9nitienne authentique.\" \/>\n<meta property=\"og:url\" content=\"https:\/\/www.royalsanmarcovenice.com\/fr\/chambres\/superior\/\" \/>\n<meta property=\"og:site_name\" content=\"Hotel Royal San Marco\" \/>\n<meta property=\"article:publisher\" content=\"https:\/\/www.facebook.com\/royalsanmarcoandsuites\/\" \/>\n<meta property=\"article:modified_time\" content=\"2026-02-17T17:41:42+00:00\" \/>\n<meta name=\"twitter:card\" content=\"summary_large_image\" \/>\n<meta name=\"twitter:label1\" content=\"Est. reading time\" \/>\n\t<meta name=\"twitter:data1\" content=\"1 minute\" \/>\n<script type=\"application\/ld+json\" class=\"yoast-schema-graph\">{\"@context\":\"https:\/\/schema.org\",\"@graph\":[{\"@type\":\"WebPage\",\"@id\":\"https:\/\/www.royalsanmarcovenice.com\/fr\/chambres\/superior\/\",\"url\":\"https:\/\/www.royalsanmarcovenice.com\/fr\/chambres\/superior\/\",\"name\":\"Superior - Hotel Royal San Marco -\",\"isPartOf\":{\"@id\":\"https:\/\/www.royalsanmarcovenice.com\/fr\/#website\"},\"datePublished\":\"2026-02-03T16:46:57+00:00\",\"dateModified\":\"2026-02-17T17:41:42+00:00\",\"description\":\"Situ\u00e9es au premier \u00e9tage, ces chambres \u00e9l\u00e9gantes et \u00e9vocatrices pr\u00e9sentent un mobilier raffin\u00e9 de style v\u00e9nitien et des tissus de haute qualit\u00e9, cr\u00e9ant une atmosph\u00e8re de charme intemporel et de confort. Certaines chambres sont accessibles aux personnes \u00e0 mobilit\u00e9 r\u00e9duite et offrent une vue sur le caract\u00e9ristique Rio delle Procuratie, ajoutant une touche authentique \u00e0 votre s\u00e9jour. Disponibles en simple ou double, elles accueillent jusqu\u2019\u00e0 deux personnes \u2014 le choix id\u00e9al pour couples, familles ou petits groupes recherchant style, confort et exp\u00e9rience v\u00e9nitienne authentique.\",\"breadcrumb\":{\"@id\":\"https:\/\/www.royalsanmarcovenice.com\/fr\/chambres\/superior\/#breadcrumb\"},\"inLanguage\":\"fr-FR\",\"potentialAction\":[{\"@type\":\"ReadAction\",\"target\":[\"https:\/\/www.royalsanmarcovenice.com\/fr\/chambres\/superior\/\"]}]},{\"@type\":\"BreadcrumbList\",\"@id\":\"https:\/\/www.royalsanmarcovenice.com\/fr\/chambres\/superior\/#breadcrumb\",\"itemListElement\":[{\"@type\":\"ListItem\",\"position\":1,\"name\":\"Home\",\"item\":\"https:\/\/www.royalsanmarcovenice.com\/fr\/\"},{\"@type\":\"ListItem\",\"position\":2,\"name\":\"Chambres\",\"item\":\"https:\/\/www.royalsanmarcovenice.com\/fr\/chambres\/\"},{\"@type\":\"ListItem\",\"position\":3,\"name\":\"Superior\"}]},{\"@type\":\"WebSite\",\"@id\":\"https:\/\/www.royalsanmarcovenice.com\/fr\/#website\",\"url\":\"https:\/\/www.royalsanmarcovenice.com\/fr\/\",\"name\":\"Hotel Royal San Marco\",\"description\":\"\",\"publisher\":{\"@id\":\"https:\/\/www.royalsanmarcovenice.com\/fr\/#organization\"},\"potentialAction\":[{\"@type\":\"SearchAction\",\"target\":{\"@type\":\"EntryPoint\",\"urlTemplate\":\"https:\/\/www.royalsanmarcovenice.com\/fr\/?s={search_term_string}\"},\"query-input\":{\"@type\":\"PropertyValueSpecification\",\"valueRequired\":true,\"valueName\":\"search_term_string\"}}],\"inLanguage\":\"fr-FR\"},{\"@type\":\"Organization\",\"@id\":\"https:\/\/www.royalsanmarcovenice.com\/fr\/#organization\",\"name\":\"Hotel Royal San Marco\",\"url\":\"https:\/\/www.royalsanmarcovenice.com\/fr\/\",\"logo\":{\"@type\":\"ImageObject\",\"inLanguage\":\"fr-FR\",\"@id\":\"https:\/\/www.royalsanmarcovenice.com\/fr\/#\/schema\/logo\/image\/\",\"url\":\"https:\/\/www.royalsanmarcovenice.com\/wp-content\/uploads\/sites\/53\/2026\/02\/logo_hotel_royal_san_marco_c.svg\",\"contentUrl\":\"https:\/\/www.royalsanmarcovenice.com\/wp-content\/uploads\/sites\/53\/2026\/02\/logo_hotel_royal_san_marco_c.svg\",\"width\":1397,\"height\":280,\"caption\":\"Hotel Royal San Marco\"},\"image\":{\"@id\":\"https:\/\/www.royalsanmarcovenice.com\/fr\/#\/schema\/logo\/image\/\"},\"sameAs\":[\"https:\/\/www.facebook.com\/royalsanmarcoandsuites\/\"]}]}<\/script>\n<!-- \/ Yoast SEO plugin. -->","yoast_head_json":{"title":"Superior - Hotel Royal San Marco -","description":"Situ\u00e9es au premier \u00e9tage, ces chambres \u00e9l\u00e9gantes et \u00e9vocatrices pr\u00e9sentent un mobilier raffin\u00e9 de style v\u00e9nitien et des tissus de haute qualit\u00e9, cr\u00e9ant une atmosph\u00e8re de charme intemporel et de confort. Certaines chambres sont accessibles aux personnes \u00e0 mobilit\u00e9 r\u00e9duite et offrent une vue sur le caract\u00e9ristique Rio delle Procuratie, ajoutant une touche authentique \u00e0 votre s\u00e9jour.  Disponibles en simple ou double, elles accueillent jusqu\u2019\u00e0 deux personnes \u2014 le choix id\u00e9al pour couples, familles ou petits groupes recherchant style, confort et exp\u00e9rience v\u00e9nitienne authentique.","robots":{"index":"index","follow":"follow","max-snippet":"max-snippet:-1","max-image-preview":"max-image-preview:large","max-video-preview":"max-video-preview:-1"},"canonical":"https:\/\/www.royalsanmarcovenice.com\/fr\/chambres\/superior\/","og_locale":"fr_FR","og_type":"article","og_title":"Superior - Hotel Royal San Marco -","og_description":"Situ\u00e9es au premier \u00e9tage, ces chambres \u00e9l\u00e9gantes et \u00e9vocatrices pr\u00e9sentent un mobilier raffin\u00e9 de style v\u00e9nitien et des tissus de haute qualit\u00e9, cr\u00e9ant une atmosph\u00e8re de charme intemporel et de confort. Certaines chambres sont accessibles aux personnes \u00e0 mobilit\u00e9 r\u00e9duite et offrent une vue sur le caract\u00e9ristique Rio delle Procuratie, ajoutant une touche authentique \u00e0 votre s\u00e9jour.  Disponibles en simple ou double, elles accueillent jusqu\u2019\u00e0 deux personnes \u2014 le choix id\u00e9al pour couples, familles ou petits groupes recherchant style, confort et exp\u00e9rience v\u00e9nitienne authentique.","og_url":"https:\/\/www.royalsanmarcovenice.com\/fr\/chambres\/superior\/","og_site_name":"Hotel Royal San Marco","article_publisher":"https:\/\/www.facebook.com\/royalsanmarcoandsuites\/","article_modified_time":"2026-02-17T17:41:42+00:00","twitter_card":"summary_large_image","twitter_misc":{"Est. reading time":"1 minute"},"schema":{"@context":"https:\/\/schema.org","@graph":[{"@type":"WebPage","@id":"https:\/\/www.royalsanmarcovenice.com\/fr\/chambres\/superior\/","url":"https:\/\/www.royalsanmarcovenice.com\/fr\/chambres\/superior\/","name":"Superior - Hotel Royal San Marco -","isPartOf":{"@id":"https:\/\/www.royalsanmarcovenice.com\/fr\/#website"},"datePublished":"2026-02-03T16:46:57+00:00","dateModified":"2026-02-17T17:41:42+00:00","description":"Situ\u00e9es au premier \u00e9tage, ces chambres \u00e9l\u00e9gantes et \u00e9vocatrices pr\u00e9sentent un mobilier raffin\u00e9 de style v\u00e9nitien et des tissus de haute qualit\u00e9, cr\u00e9ant une atmosph\u00e8re de charme intemporel et de confort. Certaines chambres sont accessibles aux personnes \u00e0 mobilit\u00e9 r\u00e9duite et offrent une vue sur le caract\u00e9ristique Rio delle Procuratie, ajoutant une touche authentique \u00e0 votre s\u00e9jour. Disponibles en simple ou double, elles accueillent jusqu\u2019\u00e0 deux personnes \u2014 le choix id\u00e9al pour couples, familles ou petits groupes recherchant style, confort et exp\u00e9rience v\u00e9nitienne authentique.","breadcrumb":{"@id":"https:\/\/www.royalsanmarcovenice.com\/fr\/chambres\/superior\/#breadcrumb"},"inLanguage":"fr-FR","potentialAction":[{"@type":"ReadAction","target":["https:\/\/www.royalsanmarcovenice.com\/fr\/chambres\/superior\/"]}]},{"@type":"BreadcrumbList","@id":"https:\/\/www.royalsanmarcovenice.com\/fr\/chambres\/superior\/#breadcrumb","itemListElement":[{"@type":"ListItem","position":1,"name":"Home","item":"https:\/\/www.royalsanmarcovenice.com\/fr\/"},{"@type":"ListItem","position":2,"name":"Chambres","item":"https:\/\/www.royalsanmarcovenice.com\/fr\/chambres\/"},{"@type":"ListItem","position":3,"name":"Superior"}]},{"@type":"WebSite","@id":"https:\/\/www.royalsanmarcovenice.com\/fr\/#website","url":"https:\/\/www.royalsanmarcovenice.com\/fr\/","name":"Hotel Royal San Marco","description":"","publisher":{"@id":"https:\/\/www.royalsanmarcovenice.com\/fr\/#organization"},"potentialAction":[{"@type":"SearchAction","target":{"@type":"EntryPoint","urlTemplate":"https:\/\/www.royalsanmarcovenice.com\/fr\/?s={search_term_string}"},"query-input":{"@type":"PropertyValueSpecification","valueRequired":true,"valueName":"search_term_string"}}],"inLanguage":"fr-FR"},{"@type":"Organization","@id":"https:\/\/www.royalsanmarcovenice.com\/fr\/#organization","name":"Hotel Royal San Marco","url":"https:\/\/www.royalsanmarcovenice.com\/fr\/","logo":{"@type":"ImageObject","inLanguage":"fr-FR","@id":"https:\/\/www.royalsanmarcovenice.com\/fr\/#\/schema\/logo\/image\/","url":"https:\/\/www.royalsanmarcovenice.com\/wp-content\/uploads\/sites\/53\/2026\/02\/logo_hotel_royal_san_marco_c.svg","contentUrl":"https:\/\/www.royalsanmarcovenice.com\/wp-content\/uploads\/sites\/53\/2026\/02\/logo_hotel_royal_san_marco_c.svg","width":1397,"height":280,"caption":"Hotel Royal San Marco"},"image":{"@id":"https:\/\/www.royalsanmarcovenice.com\/fr\/#\/schema\/logo\/image\/"},"sameAs":["https:\/\/www.facebook.com\/royalsanmarcoandsuites\/"]}]}},"acf":[],"_links":{"self":[{"href":"https:\/\/www.royalsanmarcovenice.com\/fr\/wp-json\/wp\/v2\/pages\/163","targetHints":{"allow":["GET"]}}],"collection":[{"href":"https:\/\/www.royalsanmarcovenice.com\/fr\/wp-json\/wp\/v2\/pages"}],"about":[{"href":"https:\/\/www.royalsanmarcovenice.com\/fr\/wp-json\/wp\/v2\/types\/page"}],"author":[{"embeddable":true,"href":"https:\/\/www.royalsanmarcovenice.com\/fr\/wp-json\/wp\/v2\/users\/6"}],"replies":[{"embeddable":true,"href":"https:\/\/www.royalsanmarcovenice.com\/fr\/wp-json\/wp\/v2\/comments?post=163"}],"version-history":[{"count":0,"href":"https:\/\/www.royalsanmarcovenice.com\/fr\/wp-json\/wp\/v2\/pages\/163\/revisions"}],"up":[{"embeddable":true,"href":"https:\/\/www.royalsanmarcovenice.com\/fr\/wp-json\/wp\/v2\/pages\/174"}],"wp:attachment":[{"href":"https:\/\/www.royalsanmarcovenice.com\/fr\/wp-json\/wp\/v2\/media?parent=163"}],"curies":[{"name":"wp","href":"https:\/\/api.w.org\/{rel}","templated":true}]}}