{"id":159,"date":"2026-02-03T16:46:30","date_gmt":"2026-02-03T16:46:30","guid":{"rendered":"https:\/\/royalsanmarcovenice.ms3.decms.eu\/?page_id=159"},"modified":"2026-02-17T17:40:51","modified_gmt":"2026-02-17T17:40:51","slug":"classique","status":"publish","type":"page","link":"https:\/\/www.royalsanmarcovenice.com\/fr\/chambres\/classique\/","title":{"rendered":"Classique"},"content":{"rendered":"<p>D\u00e9couvrez le charme de Venise dans des chambres qui allient parfaitement confort moderne et mobilier \u00e9l\u00e9gant de style v\u00e9nitien. Avec vue sur les ruelles pittoresques le long du Rio delle Procuratie ou sur la cour priv\u00e9e de l\u2019h\u00f4tel, chaque chambre offre un havre de paix au c\u0153ur de la ville.<\/p>\n<p>Choisissez parmi les chambres simples, doubles (avec lit double ou lits jumeaux) ou triples (sur demande) \u2014 toutes soigneusement con\u00e7ues pour offrir confort, style et une atmosph\u00e8re v\u00e9ritablement v\u00e9nitienne. Votre s\u00e9jour id\u00e9al commence ici.<\/p>\n","protected":false},"excerpt":{"rendered":"<p>D\u00e9couvrez le charme de Venise dans des chambres qui allient parfaitement confort moderne et mobilier \u00e9l\u00e9gant de style v\u00e9nitien. Avec vue sur les ruelles pittoresques le long du Rio delle Procuratie ou sur la cour priv\u00e9e de l\u2019h\u00f4tel, chaque chambre offre un havre de paix au c\u0153ur de la ville. Choisissez parmi les chambres simples, [&hellip;]<\/p>\n","protected":false},"author":6,"featured_media":0,"parent":174,"menu_order":40,"comment_status":"closed","ping_status":"closed","template":"template-single-room.php","meta":{"footnotes":""},"class_list":["post-159","page","type-page","status-publish","hentry"],"yoast_head":"<!-- This site is optimized with the Yoast SEO plugin v26.9 - https:\/\/yoast.com\/product\/yoast-seo-wordpress\/ -->\n<title>Classique - Hotel Royal San Marco -<\/title>\n<meta name=\"description\" content=\"D\u00e9couvrez le charme de Venise dans des chambres qui allient parfaitement confort moderne et mobilier \u00e9l\u00e9gant de style v\u00e9nitien. Avec vue sur les ruelles pittoresques le long du Rio delle Procuratie ou sur la cour priv\u00e9e de l\u2019h\u00f4tel, chaque chambre offre un havre de paix au c\u0153ur de la ville.  Choisissez parmi les chambres simples, doubles (avec lit double ou lits jumeaux) ou triples (sur demande) \u2014 toutes soigneusement con\u00e7ues pour offrir confort, style et une atmosph\u00e8re v\u00e9ritablement v\u00e9nitienne\" \/>\n<meta name=\"robots\" content=\"index, follow, max-snippet:-1, max-image-preview:large, max-video-preview:-1\" \/>\n<link rel=\"canonical\" href=\"https:\/\/www.royalsanmarcovenice.com\/fr\/chambres\/classique\/\" \/>\n<meta property=\"og:locale\" content=\"fr_FR\" \/>\n<meta property=\"og:type\" content=\"article\" \/>\n<meta property=\"og:title\" content=\"Classique - Hotel Royal San Marco -\" \/>\n<meta property=\"og:description\" content=\"D\u00e9couvrez le charme de Venise dans des chambres qui allient parfaitement confort moderne et mobilier \u00e9l\u00e9gant de style v\u00e9nitien. Avec vue sur les ruelles pittoresques le long du Rio delle Procuratie ou sur la cour priv\u00e9e de l\u2019h\u00f4tel, chaque chambre offre un havre de paix au c\u0153ur de la ville.  Choisissez parmi les chambres simples, doubles (avec lit double ou lits jumeaux) ou triples (sur demande) \u2014 toutes soigneusement con\u00e7ues pour offrir confort, style et une atmosph\u00e8re v\u00e9ritablement v\u00e9nitienne\" \/>\n<meta property=\"og:url\" content=\"https:\/\/www.royalsanmarcovenice.com\/fr\/chambres\/classique\/\" \/>\n<meta property=\"og:site_name\" content=\"Hotel Royal San Marco\" \/>\n<meta property=\"article:publisher\" content=\"https:\/\/www.facebook.com\/royalsanmarcoandsuites\/\" \/>\n<meta property=\"article:modified_time\" content=\"2026-02-17T17:40:51+00:00\" \/>\n<meta name=\"twitter:card\" content=\"summary_large_image\" \/>\n<meta name=\"twitter:label1\" content=\"Est. reading time\" \/>\n\t<meta name=\"twitter:data1\" content=\"1 minute\" \/>\n<script type=\"application\/ld+json\" class=\"yoast-schema-graph\">{\"@context\":\"https:\/\/schema.org\",\"@graph\":[{\"@type\":\"WebPage\",\"@id\":\"https:\/\/www.royalsanmarcovenice.com\/fr\/chambres\/classique\/\",\"url\":\"https:\/\/www.royalsanmarcovenice.com\/fr\/chambres\/classique\/\",\"name\":\"Classique - Hotel Royal San Marco -\",\"isPartOf\":{\"@id\":\"https:\/\/www.royalsanmarcovenice.com\/fr\/#website\"},\"datePublished\":\"2026-02-03T16:46:30+00:00\",\"dateModified\":\"2026-02-17T17:40:51+00:00\",\"description\":\"D\u00e9couvrez le charme de Venise dans des chambres qui allient parfaitement confort moderne et mobilier \u00e9l\u00e9gant de style v\u00e9nitien. Avec vue sur les ruelles pittoresques le long du Rio delle Procuratie ou sur la cour priv\u00e9e de l\u2019h\u00f4tel, chaque chambre offre un havre de paix au c\u0153ur de la ville. Choisissez parmi les chambres simples, doubles (avec lit double ou lits jumeaux) ou triples (sur demande) \u2014 toutes soigneusement con\u00e7ues pour offrir confort, style et une atmosph\u00e8re v\u00e9ritablement v\u00e9nitienne\",\"breadcrumb\":{\"@id\":\"https:\/\/www.royalsanmarcovenice.com\/fr\/chambres\/classique\/#breadcrumb\"},\"inLanguage\":\"fr-FR\",\"potentialAction\":[{\"@type\":\"ReadAction\",\"target\":[\"https:\/\/www.royalsanmarcovenice.com\/fr\/chambres\/classique\/\"]}]},{\"@type\":\"BreadcrumbList\",\"@id\":\"https:\/\/www.royalsanmarcovenice.com\/fr\/chambres\/classique\/#breadcrumb\",\"itemListElement\":[{\"@type\":\"ListItem\",\"position\":1,\"name\":\"Home\",\"item\":\"https:\/\/www.royalsanmarcovenice.com\/fr\/\"},{\"@type\":\"ListItem\",\"position\":2,\"name\":\"Chambres\",\"item\":\"https:\/\/www.royalsanmarcovenice.com\/fr\/chambres\/\"},{\"@type\":\"ListItem\",\"position\":3,\"name\":\"Classique\"}]},{\"@type\":\"WebSite\",\"@id\":\"https:\/\/www.royalsanmarcovenice.com\/fr\/#website\",\"url\":\"https:\/\/www.royalsanmarcovenice.com\/fr\/\",\"name\":\"Hotel Royal San Marco\",\"description\":\"\",\"publisher\":{\"@id\":\"https:\/\/www.royalsanmarcovenice.com\/fr\/#organization\"},\"potentialAction\":[{\"@type\":\"SearchAction\",\"target\":{\"@type\":\"EntryPoint\",\"urlTemplate\":\"https:\/\/www.royalsanmarcovenice.com\/fr\/?s={search_term_string}\"},\"query-input\":{\"@type\":\"PropertyValueSpecification\",\"valueRequired\":true,\"valueName\":\"search_term_string\"}}],\"inLanguage\":\"fr-FR\"},{\"@type\":\"Organization\",\"@id\":\"https:\/\/www.royalsanmarcovenice.com\/fr\/#organization\",\"name\":\"Hotel Royal San Marco\",\"url\":\"https:\/\/www.royalsanmarcovenice.com\/fr\/\",\"logo\":{\"@type\":\"ImageObject\",\"inLanguage\":\"fr-FR\",\"@id\":\"https:\/\/www.royalsanmarcovenice.com\/fr\/#\/schema\/logo\/image\/\",\"url\":\"https:\/\/www.royalsanmarcovenice.com\/wp-content\/uploads\/sites\/53\/2026\/02\/logo_hotel_royal_san_marco_c.svg\",\"contentUrl\":\"https:\/\/www.royalsanmarcovenice.com\/wp-content\/uploads\/sites\/53\/2026\/02\/logo_hotel_royal_san_marco_c.svg\",\"width\":1397,\"height\":280,\"caption\":\"Hotel Royal San Marco\"},\"image\":{\"@id\":\"https:\/\/www.royalsanmarcovenice.com\/fr\/#\/schema\/logo\/image\/\"},\"sameAs\":[\"https:\/\/www.facebook.com\/royalsanmarcoandsuites\/\"]}]}<\/script>\n<!-- \/ Yoast SEO plugin. -->","yoast_head_json":{"title":"Classique - Hotel Royal San Marco -","description":"D\u00e9couvrez le charme de Venise dans des chambres qui allient parfaitement confort moderne et mobilier \u00e9l\u00e9gant de style v\u00e9nitien. Avec vue sur les ruelles pittoresques le long du Rio delle Procuratie ou sur la cour priv\u00e9e de l\u2019h\u00f4tel, chaque chambre offre un havre de paix au c\u0153ur de la ville.  Choisissez parmi les chambres simples, doubles (avec lit double ou lits jumeaux) ou triples (sur demande) \u2014 toutes soigneusement con\u00e7ues pour offrir confort, style et une atmosph\u00e8re v\u00e9ritablement v\u00e9nitienne","robots":{"index":"index","follow":"follow","max-snippet":"max-snippet:-1","max-image-preview":"max-image-preview:large","max-video-preview":"max-video-preview:-1"},"canonical":"https:\/\/www.royalsanmarcovenice.com\/fr\/chambres\/classique\/","og_locale":"fr_FR","og_type":"article","og_title":"Classique - Hotel Royal San Marco -","og_description":"D\u00e9couvrez le charme de Venise dans des chambres qui allient parfaitement confort moderne et mobilier \u00e9l\u00e9gant de style v\u00e9nitien. Avec vue sur les ruelles pittoresques le long du Rio delle Procuratie ou sur la cour priv\u00e9e de l\u2019h\u00f4tel, chaque chambre offre un havre de paix au c\u0153ur de la ville.  Choisissez parmi les chambres simples, doubles (avec lit double ou lits jumeaux) ou triples (sur demande) \u2014 toutes soigneusement con\u00e7ues pour offrir confort, style et une atmosph\u00e8re v\u00e9ritablement v\u00e9nitienne","og_url":"https:\/\/www.royalsanmarcovenice.com\/fr\/chambres\/classique\/","og_site_name":"Hotel Royal San Marco","article_publisher":"https:\/\/www.facebook.com\/royalsanmarcoandsuites\/","article_modified_time":"2026-02-17T17:40:51+00:00","twitter_card":"summary_large_image","twitter_misc":{"Est. reading time":"1 minute"},"schema":{"@context":"https:\/\/schema.org","@graph":[{"@type":"WebPage","@id":"https:\/\/www.royalsanmarcovenice.com\/fr\/chambres\/classique\/","url":"https:\/\/www.royalsanmarcovenice.com\/fr\/chambres\/classique\/","name":"Classique - Hotel Royal San Marco -","isPartOf":{"@id":"https:\/\/www.royalsanmarcovenice.com\/fr\/#website"},"datePublished":"2026-02-03T16:46:30+00:00","dateModified":"2026-02-17T17:40:51+00:00","description":"D\u00e9couvrez le charme de Venise dans des chambres qui allient parfaitement confort moderne et mobilier \u00e9l\u00e9gant de style v\u00e9nitien. Avec vue sur les ruelles pittoresques le long du Rio delle Procuratie ou sur la cour priv\u00e9e de l\u2019h\u00f4tel, chaque chambre offre un havre de paix au c\u0153ur de la ville. Choisissez parmi les chambres simples, doubles (avec lit double ou lits jumeaux) ou triples (sur demande) \u2014 toutes soigneusement con\u00e7ues pour offrir confort, style et une atmosph\u00e8re v\u00e9ritablement v\u00e9nitienne","breadcrumb":{"@id":"https:\/\/www.royalsanmarcovenice.com\/fr\/chambres\/classique\/#breadcrumb"},"inLanguage":"fr-FR","potentialAction":[{"@type":"ReadAction","target":["https:\/\/www.royalsanmarcovenice.com\/fr\/chambres\/classique\/"]}]},{"@type":"BreadcrumbList","@id":"https:\/\/www.royalsanmarcovenice.com\/fr\/chambres\/classique\/#breadcrumb","itemListElement":[{"@type":"ListItem","position":1,"name":"Home","item":"https:\/\/www.royalsanmarcovenice.com\/fr\/"},{"@type":"ListItem","position":2,"name":"Chambres","item":"https:\/\/www.royalsanmarcovenice.com\/fr\/chambres\/"},{"@type":"ListItem","position":3,"name":"Classique"}]},{"@type":"WebSite","@id":"https:\/\/www.royalsanmarcovenice.com\/fr\/#website","url":"https:\/\/www.royalsanmarcovenice.com\/fr\/","name":"Hotel Royal San Marco","description":"","publisher":{"@id":"https:\/\/www.royalsanmarcovenice.com\/fr\/#organization"},"potentialAction":[{"@type":"SearchAction","target":{"@type":"EntryPoint","urlTemplate":"https:\/\/www.royalsanmarcovenice.com\/fr\/?s={search_term_string}"},"query-input":{"@type":"PropertyValueSpecification","valueRequired":true,"valueName":"search_term_string"}}],"inLanguage":"fr-FR"},{"@type":"Organization","@id":"https:\/\/www.royalsanmarcovenice.com\/fr\/#organization","name":"Hotel Royal San Marco","url":"https:\/\/www.royalsanmarcovenice.com\/fr\/","logo":{"@type":"ImageObject","inLanguage":"fr-FR","@id":"https:\/\/www.royalsanmarcovenice.com\/fr\/#\/schema\/logo\/image\/","url":"https:\/\/www.royalsanmarcovenice.com\/wp-content\/uploads\/sites\/53\/2026\/02\/logo_hotel_royal_san_marco_c.svg","contentUrl":"https:\/\/www.royalsanmarcovenice.com\/wp-content\/uploads\/sites\/53\/2026\/02\/logo_hotel_royal_san_marco_c.svg","width":1397,"height":280,"caption":"Hotel Royal San Marco"},"image":{"@id":"https:\/\/www.royalsanmarcovenice.com\/fr\/#\/schema\/logo\/image\/"},"sameAs":["https:\/\/www.facebook.com\/royalsanmarcoandsuites\/"]}]}},"acf":[],"_links":{"self":[{"href":"https:\/\/www.royalsanmarcovenice.com\/fr\/wp-json\/wp\/v2\/pages\/159","targetHints":{"allow":["GET"]}}],"collection":[{"href":"https:\/\/www.royalsanmarcovenice.com\/fr\/wp-json\/wp\/v2\/pages"}],"about":[{"href":"https:\/\/www.royalsanmarcovenice.com\/fr\/wp-json\/wp\/v2\/types\/page"}],"author":[{"embeddable":true,"href":"https:\/\/www.royalsanmarcovenice.com\/fr\/wp-json\/wp\/v2\/users\/6"}],"replies":[{"embeddable":true,"href":"https:\/\/www.royalsanmarcovenice.com\/fr\/wp-json\/wp\/v2\/comments?post=159"}],"version-history":[{"count":0,"href":"https:\/\/www.royalsanmarcovenice.com\/fr\/wp-json\/wp\/v2\/pages\/159\/revisions"}],"up":[{"embeddable":true,"href":"https:\/\/www.royalsanmarcovenice.com\/fr\/wp-json\/wp\/v2\/pages\/174"}],"wp:attachment":[{"href":"https:\/\/www.royalsanmarcovenice.com\/fr\/wp-json\/wp\/v2\/media?parent=159"}],"curies":[{"name":"wp","href":"https:\/\/api.w.org\/{rel}","templated":true}]}}