{"id":192,"date":"2026-02-03T16:26:48","date_gmt":"2026-02-03T16:26:48","guid":{"rendered":"https:\/\/royalsanmarcovenice.ms3.decms.eu\/?page_id=192"},"modified":"2026-02-17T15:10:44","modified_gmt":"2026-02-17T15:10:44","slug":"hotel","status":"publish","type":"page","link":"https:\/\/www.royalsanmarcovenice.com\/es\/hotel\/","title":{"rendered":"Hotel"},"content":{"rendered":"<p>El <strong>Hotel Royal San Marco 4 estrellas<\/strong> de <strong>Venecia<\/strong> es un ejemplo de hospitalidad cl\u00e1sica veneciana, que conjuga la cortes\u00eda, la <strong>experiencia<\/strong> y una gran eficiencia para ofrecer al viajero servicios impecables y la sensaci\u00f3n de sentirse como en casa en el casco antiguo de la m\u00e1s incre\u00edble ciudad. El espl\u00e9ndido <strong>altillo<\/strong> que acoge a los hu\u00e9spedes del hotel, entre refinadas tapicer\u00edas, elegante <strong>mobiliario contempor\u00e1neo<\/strong>, suelos de m\u00e1rmol claro y sof\u00e1s de piel, complementa el extraordinario <strong>confort<\/strong> del hotel.<\/p>\n","protected":false},"excerpt":{"rendered":"<p>El Hotel Royal San Marco 4 estrellas de Venecia es un ejemplo de hospitalidad cl\u00e1sica veneciana, que conjuga la cortes\u00eda, la experiencia y una gran eficiencia para ofrecer al viajero servicios impecables y la sensaci\u00f3n de sentirse como en casa en el casco antiguo de la m\u00e1s incre\u00edble ciudad. El espl\u00e9ndido altillo que acoge a [&hellip;]<\/p>\n","protected":false},"author":6,"featured_media":0,"parent":0,"menu_order":20,"comment_status":"closed","ping_status":"closed","template":"template-default-2.php","meta":{"footnotes":""},"class_list":["post-192","page","type-page","status-publish","hentry"],"yoast_head":"<!-- This site is optimized with the Yoast SEO plugin v26.9 - https:\/\/yoast.com\/product\/yoast-seo-wordpress\/ -->\n<title>Hotel - Hotel Royal San Marco -<\/title>\n<meta name=\"description\" content=\"El Hotel Royal San Marco 4 estrellas de Venecia es un ejemplo de hospitalidad cl\u00e1sica veneciana, que conjuga la cortes\u00eda, la experiencia y una gran eficiencia para ofrecer al viajero servicios impecables y la sensaci\u00f3n de sentirse como en casa en el casco antiguo de la m\u00e1s incre\u00edble ciudad. El espl\u00e9ndido altillo que acoge a los hu\u00e9spedes del hotel, entre refinadas tapicer\u00edas, elegante mobiliario contempor\u00e1neo, suelos de m\u00e1rmol claro y sof\u00e1s de piel, complementa el extraordinario confort del hotel.\" \/>\n<meta name=\"robots\" content=\"index, follow, max-snippet:-1, max-image-preview:large, max-video-preview:-1\" \/>\n<link rel=\"canonical\" href=\"https:\/\/www.royalsanmarcovenice.com\/es\/hotel\/\" \/>\n<meta property=\"og:locale\" content=\"es_ES\" \/>\n<meta property=\"og:type\" content=\"article\" \/>\n<meta property=\"og:title\" content=\"Hotel - Hotel Royal San Marco -\" \/>\n<meta property=\"og:description\" content=\"El Hotel Royal San Marco 4 estrellas de Venecia es un ejemplo de hospitalidad cl\u00e1sica veneciana, que conjuga la cortes\u00eda, la experiencia y una gran eficiencia para ofrecer al viajero servicios impecables y la sensaci\u00f3n de sentirse como en casa en el casco antiguo de la m\u00e1s incre\u00edble ciudad. El espl\u00e9ndido altillo que acoge a los hu\u00e9spedes del hotel, entre refinadas tapicer\u00edas, elegante mobiliario contempor\u00e1neo, suelos de m\u00e1rmol claro y sof\u00e1s de piel, complementa el extraordinario confort del hotel.\" \/>\n<meta property=\"og:url\" content=\"https:\/\/www.royalsanmarcovenice.com\/es\/hotel\/\" \/>\n<meta property=\"og:site_name\" content=\"Hotel Royal San Marco\" \/>\n<meta property=\"article:publisher\" content=\"https:\/\/www.facebook.com\/royalsanmarcoandsuites\/\" \/>\n<meta property=\"article:modified_time\" content=\"2026-02-17T15:10:44+00:00\" \/>\n<meta name=\"twitter:card\" content=\"summary_large_image\" \/>\n<meta name=\"twitter:label1\" content=\"Est. reading time\" \/>\n\t<meta name=\"twitter:data1\" content=\"1 minuto\" \/>\n<script type=\"application\/ld+json\" class=\"yoast-schema-graph\">{\"@context\":\"https:\/\/schema.org\",\"@graph\":[{\"@type\":\"WebPage\",\"@id\":\"https:\/\/www.royalsanmarcovenice.com\/es\/hotel\/\",\"url\":\"https:\/\/www.royalsanmarcovenice.com\/es\/hotel\/\",\"name\":\"Hotel - Hotel Royal San Marco -\",\"isPartOf\":{\"@id\":\"https:\/\/www.royalsanmarcovenice.com\/es\/#website\"},\"datePublished\":\"2026-02-03T16:26:48+00:00\",\"dateModified\":\"2026-02-17T15:10:44+00:00\",\"description\":\"El Hotel Royal San Marco 4 estrellas de Venecia es un ejemplo de hospitalidad cl\u00e1sica veneciana, que conjuga la cortes\u00eda, la experiencia y una gran eficiencia para ofrecer al viajero servicios impecables y la sensaci\u00f3n de sentirse como en casa en el casco antiguo de la m\u00e1s incre\u00edble ciudad. El espl\u00e9ndido altillo que acoge a los hu\u00e9spedes del hotel, entre refinadas tapicer\u00edas, elegante mobiliario contempor\u00e1neo, suelos de m\u00e1rmol claro y sof\u00e1s de piel, complementa el extraordinario confort del hotel.\",\"breadcrumb\":{\"@id\":\"https:\/\/www.royalsanmarcovenice.com\/es\/hotel\/#breadcrumb\"},\"inLanguage\":\"es\",\"potentialAction\":[{\"@type\":\"ReadAction\",\"target\":[\"https:\/\/www.royalsanmarcovenice.com\/es\/hotel\/\"]}]},{\"@type\":\"BreadcrumbList\",\"@id\":\"https:\/\/www.royalsanmarcovenice.com\/es\/hotel\/#breadcrumb\",\"itemListElement\":[{\"@type\":\"ListItem\",\"position\":1,\"name\":\"Home\",\"item\":\"https:\/\/www.royalsanmarcovenice.com\/es\/\"},{\"@type\":\"ListItem\",\"position\":2,\"name\":\"Hotel\"}]},{\"@type\":\"WebSite\",\"@id\":\"https:\/\/www.royalsanmarcovenice.com\/es\/#website\",\"url\":\"https:\/\/www.royalsanmarcovenice.com\/es\/\",\"name\":\"Hotel Royal San Marco\",\"description\":\"\",\"publisher\":{\"@id\":\"https:\/\/www.royalsanmarcovenice.com\/es\/#organization\"},\"potentialAction\":[{\"@type\":\"SearchAction\",\"target\":{\"@type\":\"EntryPoint\",\"urlTemplate\":\"https:\/\/www.royalsanmarcovenice.com\/es\/?s={search_term_string}\"},\"query-input\":{\"@type\":\"PropertyValueSpecification\",\"valueRequired\":true,\"valueName\":\"search_term_string\"}}],\"inLanguage\":\"es\"},{\"@type\":\"Organization\",\"@id\":\"https:\/\/www.royalsanmarcovenice.com\/es\/#organization\",\"name\":\"Hotel Royal San Marco\",\"url\":\"https:\/\/www.royalsanmarcovenice.com\/es\/\",\"logo\":{\"@type\":\"ImageObject\",\"inLanguage\":\"es\",\"@id\":\"https:\/\/www.royalsanmarcovenice.com\/es\/#\/schema\/logo\/image\/\",\"url\":\"https:\/\/www.royalsanmarcovenice.com\/wp-content\/uploads\/sites\/53\/2026\/02\/logo_hotel_royal_san_marco_c.svg\",\"contentUrl\":\"https:\/\/www.royalsanmarcovenice.com\/wp-content\/uploads\/sites\/53\/2026\/02\/logo_hotel_royal_san_marco_c.svg\",\"width\":1397,\"height\":280,\"caption\":\"Hotel Royal San Marco\"},\"image\":{\"@id\":\"https:\/\/www.royalsanmarcovenice.com\/es\/#\/schema\/logo\/image\/\"},\"sameAs\":[\"https:\/\/www.facebook.com\/royalsanmarcoandsuites\/\"]}]}<\/script>\n<!-- \/ Yoast SEO plugin. -->","yoast_head_json":{"title":"Hotel - Hotel Royal San Marco -","description":"El Hotel Royal San Marco 4 estrellas de Venecia es un ejemplo de hospitalidad cl\u00e1sica veneciana, que conjuga la cortes\u00eda, la experiencia y una gran eficiencia para ofrecer al viajero servicios impecables y la sensaci\u00f3n de sentirse como en casa en el casco antiguo de la m\u00e1s incre\u00edble ciudad. El espl\u00e9ndido altillo que acoge a los hu\u00e9spedes del hotel, entre refinadas tapicer\u00edas, elegante mobiliario contempor\u00e1neo, suelos de m\u00e1rmol claro y sof\u00e1s de piel, complementa el extraordinario confort del hotel.","robots":{"index":"index","follow":"follow","max-snippet":"max-snippet:-1","max-image-preview":"max-image-preview:large","max-video-preview":"max-video-preview:-1"},"canonical":"https:\/\/www.royalsanmarcovenice.com\/es\/hotel\/","og_locale":"es_ES","og_type":"article","og_title":"Hotel - Hotel Royal San Marco -","og_description":"El Hotel Royal San Marco 4 estrellas de Venecia es un ejemplo de hospitalidad cl\u00e1sica veneciana, que conjuga la cortes\u00eda, la experiencia y una gran eficiencia para ofrecer al viajero servicios impecables y la sensaci\u00f3n de sentirse como en casa en el casco antiguo de la m\u00e1s incre\u00edble ciudad. El espl\u00e9ndido altillo que acoge a los hu\u00e9spedes del hotel, entre refinadas tapicer\u00edas, elegante mobiliario contempor\u00e1neo, suelos de m\u00e1rmol claro y sof\u00e1s de piel, complementa el extraordinario confort del hotel.","og_url":"https:\/\/www.royalsanmarcovenice.com\/es\/hotel\/","og_site_name":"Hotel Royal San Marco","article_publisher":"https:\/\/www.facebook.com\/royalsanmarcoandsuites\/","article_modified_time":"2026-02-17T15:10:44+00:00","twitter_card":"summary_large_image","twitter_misc":{"Est. reading time":"1 minuto"},"schema":{"@context":"https:\/\/schema.org","@graph":[{"@type":"WebPage","@id":"https:\/\/www.royalsanmarcovenice.com\/es\/hotel\/","url":"https:\/\/www.royalsanmarcovenice.com\/es\/hotel\/","name":"Hotel - Hotel Royal San Marco -","isPartOf":{"@id":"https:\/\/www.royalsanmarcovenice.com\/es\/#website"},"datePublished":"2026-02-03T16:26:48+00:00","dateModified":"2026-02-17T15:10:44+00:00","description":"El Hotel Royal San Marco 4 estrellas de Venecia es un ejemplo de hospitalidad cl\u00e1sica veneciana, que conjuga la cortes\u00eda, la experiencia y una gran eficiencia para ofrecer al viajero servicios impecables y la sensaci\u00f3n de sentirse como en casa en el casco antiguo de la m\u00e1s incre\u00edble ciudad. El espl\u00e9ndido altillo que acoge a los hu\u00e9spedes del hotel, entre refinadas tapicer\u00edas, elegante mobiliario contempor\u00e1neo, suelos de m\u00e1rmol claro y sof\u00e1s de piel, complementa el extraordinario confort del hotel.","breadcrumb":{"@id":"https:\/\/www.royalsanmarcovenice.com\/es\/hotel\/#breadcrumb"},"inLanguage":"es","potentialAction":[{"@type":"ReadAction","target":["https:\/\/www.royalsanmarcovenice.com\/es\/hotel\/"]}]},{"@type":"BreadcrumbList","@id":"https:\/\/www.royalsanmarcovenice.com\/es\/hotel\/#breadcrumb","itemListElement":[{"@type":"ListItem","position":1,"name":"Home","item":"https:\/\/www.royalsanmarcovenice.com\/es\/"},{"@type":"ListItem","position":2,"name":"Hotel"}]},{"@type":"WebSite","@id":"https:\/\/www.royalsanmarcovenice.com\/es\/#website","url":"https:\/\/www.royalsanmarcovenice.com\/es\/","name":"Hotel Royal San Marco","description":"","publisher":{"@id":"https:\/\/www.royalsanmarcovenice.com\/es\/#organization"},"potentialAction":[{"@type":"SearchAction","target":{"@type":"EntryPoint","urlTemplate":"https:\/\/www.royalsanmarcovenice.com\/es\/?s={search_term_string}"},"query-input":{"@type":"PropertyValueSpecification","valueRequired":true,"valueName":"search_term_string"}}],"inLanguage":"es"},{"@type":"Organization","@id":"https:\/\/www.royalsanmarcovenice.com\/es\/#organization","name":"Hotel Royal San Marco","url":"https:\/\/www.royalsanmarcovenice.com\/es\/","logo":{"@type":"ImageObject","inLanguage":"es","@id":"https:\/\/www.royalsanmarcovenice.com\/es\/#\/schema\/logo\/image\/","url":"https:\/\/www.royalsanmarcovenice.com\/wp-content\/uploads\/sites\/53\/2026\/02\/logo_hotel_royal_san_marco_c.svg","contentUrl":"https:\/\/www.royalsanmarcovenice.com\/wp-content\/uploads\/sites\/53\/2026\/02\/logo_hotel_royal_san_marco_c.svg","width":1397,"height":280,"caption":"Hotel Royal San Marco"},"image":{"@id":"https:\/\/www.royalsanmarcovenice.com\/es\/#\/schema\/logo\/image\/"},"sameAs":["https:\/\/www.facebook.com\/royalsanmarcoandsuites\/"]}]}},"acf":[],"_links":{"self":[{"href":"https:\/\/www.royalsanmarcovenice.com\/es\/wp-json\/wp\/v2\/pages\/192","targetHints":{"allow":["GET"]}}],"collection":[{"href":"https:\/\/www.royalsanmarcovenice.com\/es\/wp-json\/wp\/v2\/pages"}],"about":[{"href":"https:\/\/www.royalsanmarcovenice.com\/es\/wp-json\/wp\/v2\/types\/page"}],"author":[{"embeddable":true,"href":"https:\/\/www.royalsanmarcovenice.com\/es\/wp-json\/wp\/v2\/users\/6"}],"replies":[{"embeddable":true,"href":"https:\/\/www.royalsanmarcovenice.com\/es\/wp-json\/wp\/v2\/comments?post=192"}],"version-history":[{"count":0,"href":"https:\/\/www.royalsanmarcovenice.com\/es\/wp-json\/wp\/v2\/pages\/192\/revisions"}],"wp:attachment":[{"href":"https:\/\/www.royalsanmarcovenice.com\/es\/wp-json\/wp\/v2\/media?parent=192"}],"curies":[{"name":"wp","href":"https:\/\/api.w.org\/{rel}","templated":true}]}}