{"id":166,"date":"2026-02-03T16:46:57","date_gmt":"2026-02-03T16:46:57","guid":{"rendered":"https:\/\/royalsanmarcovenice.ms3.decms.eu\/?page_id=166"},"modified":"2026-02-17T17:49:49","modified_gmt":"2026-02-17T17:49:49","slug":"superior","status":"publish","type":"page","link":"https:\/\/www.royalsanmarcovenice.com\/es\/habitaciones\/superior\/","title":{"rendered":"Superior"},"content":{"rendered":"<p>Ubicadas en el primer piso, estas elegantes y evocadoras habitaciones cuentan con muebles refinados de estilo veneciano y tapicer\u00eda de alta calidad, creando una atm\u00f3sfera de encanto atemporal y confort. Algunas habitaciones son accesibles para personas con movilidad reducida y ofrecen vistas al caracter\u00edstico Rio delle Procuratie, a\u00f1adiendo un toque aut\u00e9ntico a su estancia.<\/p>\n<p>Disponibles como individuales o dobles, acomodan hasta dos personas \u2014 la elecci\u00f3n perfecta para parejas, familias o grupos peque\u00f1os que buscan estilo, comodidad y una aut\u00e9ntica experiencia veneciana.<\/p>\n","protected":false},"excerpt":{"rendered":"<p>Ubicadas en el primer piso, estas elegantes y evocadoras habitaciones cuentan con muebles refinados de estilo veneciano y tapicer\u00eda de alta calidad, creando una atm\u00f3sfera de encanto atemporal y confort. Algunas habitaciones son accesibles para personas con movilidad reducida y ofrecen vistas al caracter\u00edstico Rio delle Procuratie, a\u00f1adiendo un toque aut\u00e9ntico a su estancia. Disponibles [&hellip;]<\/p>\n","protected":false},"author":6,"featured_media":0,"parent":177,"menu_order":20,"comment_status":"closed","ping_status":"closed","template":"template-single-room.php","meta":{"footnotes":""},"class_list":["post-166","page","type-page","status-publish","hentry"],"yoast_head":"<!-- This site is optimized with the Yoast SEO plugin v26.9 - https:\/\/yoast.com\/product\/yoast-seo-wordpress\/ -->\n<title>Superior - Hotel Royal San Marco -<\/title>\n<meta name=\"description\" content=\"Ubicadas en el primer piso, estas elegantes y evocadoras habitaciones cuentan con muebles refinados de estilo veneciano y tapicer\u00eda de alta calidad, creando una atm\u00f3sfera de encanto atemporal y confort. Algunas habitaciones son accesibles para personas con movilidad reducida y ofrecen vistas al caracter\u00edstico Rio delle Procuratie, a\u00f1adiendo un toque aut\u00e9ntico a su estancia.  Disponibles como individuales o dobles, acomodan hasta dos personas \u2014 la elecci\u00f3n perfecta para parejas, familias o grupos peque\u00f1os que buscan estilo, comodidad y una aut\u00e9ntica experiencia veneciana.\" \/>\n<meta name=\"robots\" content=\"index, follow, max-snippet:-1, max-image-preview:large, max-video-preview:-1\" \/>\n<link rel=\"canonical\" href=\"https:\/\/www.royalsanmarcovenice.com\/es\/habitaciones\/superior\/\" \/>\n<meta property=\"og:locale\" content=\"es_ES\" \/>\n<meta property=\"og:type\" content=\"article\" \/>\n<meta property=\"og:title\" content=\"Superior - Hotel Royal San Marco -\" \/>\n<meta property=\"og:description\" content=\"Ubicadas en el primer piso, estas elegantes y evocadoras habitaciones cuentan con muebles refinados de estilo veneciano y tapicer\u00eda de alta calidad, creando una atm\u00f3sfera de encanto atemporal y confort. Algunas habitaciones son accesibles para personas con movilidad reducida y ofrecen vistas al caracter\u00edstico Rio delle Procuratie, a\u00f1adiendo un toque aut\u00e9ntico a su estancia.  Disponibles como individuales o dobles, acomodan hasta dos personas \u2014 la elecci\u00f3n perfecta para parejas, familias o grupos peque\u00f1os que buscan estilo, comodidad y una aut\u00e9ntica experiencia veneciana.\" \/>\n<meta property=\"og:url\" content=\"https:\/\/www.royalsanmarcovenice.com\/es\/habitaciones\/superior\/\" \/>\n<meta property=\"og:site_name\" content=\"Hotel Royal San Marco\" \/>\n<meta property=\"article:publisher\" content=\"https:\/\/www.facebook.com\/royalsanmarcoandsuites\/\" \/>\n<meta property=\"article:modified_time\" content=\"2026-02-17T17:49:49+00:00\" \/>\n<meta name=\"twitter:card\" content=\"summary_large_image\" \/>\n<meta name=\"twitter:label1\" content=\"Est. reading time\" \/>\n\t<meta name=\"twitter:data1\" content=\"1 minuto\" \/>\n<script type=\"application\/ld+json\" class=\"yoast-schema-graph\">{\"@context\":\"https:\/\/schema.org\",\"@graph\":[{\"@type\":\"WebPage\",\"@id\":\"https:\/\/www.royalsanmarcovenice.com\/es\/habitaciones\/superior\/\",\"url\":\"https:\/\/www.royalsanmarcovenice.com\/es\/habitaciones\/superior\/\",\"name\":\"Superior - Hotel Royal San Marco -\",\"isPartOf\":{\"@id\":\"https:\/\/www.royalsanmarcovenice.com\/es\/#website\"},\"datePublished\":\"2026-02-03T16:46:57+00:00\",\"dateModified\":\"2026-02-17T17:49:49+00:00\",\"description\":\"Ubicadas en el primer piso, estas elegantes y evocadoras habitaciones cuentan con muebles refinados de estilo veneciano y tapicer\u00eda de alta calidad, creando una atm\u00f3sfera de encanto atemporal y confort. Algunas habitaciones son accesibles para personas con movilidad reducida y ofrecen vistas al caracter\u00edstico Rio delle Procuratie, a\u00f1adiendo un toque aut\u00e9ntico a su estancia. Disponibles como individuales o dobles, acomodan hasta dos personas \u2014 la elecci\u00f3n perfecta para parejas, familias o grupos peque\u00f1os que buscan estilo, comodidad y una aut\u00e9ntica experiencia veneciana.\",\"breadcrumb\":{\"@id\":\"https:\/\/www.royalsanmarcovenice.com\/es\/habitaciones\/superior\/#breadcrumb\"},\"inLanguage\":\"es\",\"potentialAction\":[{\"@type\":\"ReadAction\",\"target\":[\"https:\/\/www.royalsanmarcovenice.com\/es\/habitaciones\/superior\/\"]}]},{\"@type\":\"BreadcrumbList\",\"@id\":\"https:\/\/www.royalsanmarcovenice.com\/es\/habitaciones\/superior\/#breadcrumb\",\"itemListElement\":[{\"@type\":\"ListItem\",\"position\":1,\"name\":\"Home\",\"item\":\"https:\/\/www.royalsanmarcovenice.com\/es\/\"},{\"@type\":\"ListItem\",\"position\":2,\"name\":\"Habitaciones\",\"item\":\"https:\/\/www.royalsanmarcovenice.com\/es\/habitaciones\/\"},{\"@type\":\"ListItem\",\"position\":3,\"name\":\"Superior\"}]},{\"@type\":\"WebSite\",\"@id\":\"https:\/\/www.royalsanmarcovenice.com\/es\/#website\",\"url\":\"https:\/\/www.royalsanmarcovenice.com\/es\/\",\"name\":\"Hotel Royal San Marco\",\"description\":\"\",\"publisher\":{\"@id\":\"https:\/\/www.royalsanmarcovenice.com\/es\/#organization\"},\"potentialAction\":[{\"@type\":\"SearchAction\",\"target\":{\"@type\":\"EntryPoint\",\"urlTemplate\":\"https:\/\/www.royalsanmarcovenice.com\/es\/?s={search_term_string}\"},\"query-input\":{\"@type\":\"PropertyValueSpecification\",\"valueRequired\":true,\"valueName\":\"search_term_string\"}}],\"inLanguage\":\"es\"},{\"@type\":\"Organization\",\"@id\":\"https:\/\/www.royalsanmarcovenice.com\/es\/#organization\",\"name\":\"Hotel Royal San Marco\",\"url\":\"https:\/\/www.royalsanmarcovenice.com\/es\/\",\"logo\":{\"@type\":\"ImageObject\",\"inLanguage\":\"es\",\"@id\":\"https:\/\/www.royalsanmarcovenice.com\/es\/#\/schema\/logo\/image\/\",\"url\":\"https:\/\/www.royalsanmarcovenice.com\/wp-content\/uploads\/sites\/53\/2026\/02\/logo_hotel_royal_san_marco_c.svg\",\"contentUrl\":\"https:\/\/www.royalsanmarcovenice.com\/wp-content\/uploads\/sites\/53\/2026\/02\/logo_hotel_royal_san_marco_c.svg\",\"width\":1397,\"height\":280,\"caption\":\"Hotel Royal San Marco\"},\"image\":{\"@id\":\"https:\/\/www.royalsanmarcovenice.com\/es\/#\/schema\/logo\/image\/\"},\"sameAs\":[\"https:\/\/www.facebook.com\/royalsanmarcoandsuites\/\"]}]}<\/script>\n<!-- \/ Yoast SEO plugin. -->","yoast_head_json":{"title":"Superior - Hotel Royal San Marco -","description":"Ubicadas en el primer piso, estas elegantes y evocadoras habitaciones cuentan con muebles refinados de estilo veneciano y tapicer\u00eda de alta calidad, creando una atm\u00f3sfera de encanto atemporal y confort. Algunas habitaciones son accesibles para personas con movilidad reducida y ofrecen vistas al caracter\u00edstico Rio delle Procuratie, a\u00f1adiendo un toque aut\u00e9ntico a su estancia.  Disponibles como individuales o dobles, acomodan hasta dos personas \u2014 la elecci\u00f3n perfecta para parejas, familias o grupos peque\u00f1os que buscan estilo, comodidad y una aut\u00e9ntica experiencia veneciana.","robots":{"index":"index","follow":"follow","max-snippet":"max-snippet:-1","max-image-preview":"max-image-preview:large","max-video-preview":"max-video-preview:-1"},"canonical":"https:\/\/www.royalsanmarcovenice.com\/es\/habitaciones\/superior\/","og_locale":"es_ES","og_type":"article","og_title":"Superior - Hotel Royal San Marco -","og_description":"Ubicadas en el primer piso, estas elegantes y evocadoras habitaciones cuentan con muebles refinados de estilo veneciano y tapicer\u00eda de alta calidad, creando una atm\u00f3sfera de encanto atemporal y confort. Algunas habitaciones son accesibles para personas con movilidad reducida y ofrecen vistas al caracter\u00edstico Rio delle Procuratie, a\u00f1adiendo un toque aut\u00e9ntico a su estancia.  Disponibles como individuales o dobles, acomodan hasta dos personas \u2014 la elecci\u00f3n perfecta para parejas, familias o grupos peque\u00f1os que buscan estilo, comodidad y una aut\u00e9ntica experiencia veneciana.","og_url":"https:\/\/www.royalsanmarcovenice.com\/es\/habitaciones\/superior\/","og_site_name":"Hotel Royal San Marco","article_publisher":"https:\/\/www.facebook.com\/royalsanmarcoandsuites\/","article_modified_time":"2026-02-17T17:49:49+00:00","twitter_card":"summary_large_image","twitter_misc":{"Est. reading time":"1 minuto"},"schema":{"@context":"https:\/\/schema.org","@graph":[{"@type":"WebPage","@id":"https:\/\/www.royalsanmarcovenice.com\/es\/habitaciones\/superior\/","url":"https:\/\/www.royalsanmarcovenice.com\/es\/habitaciones\/superior\/","name":"Superior - Hotel Royal San Marco -","isPartOf":{"@id":"https:\/\/www.royalsanmarcovenice.com\/es\/#website"},"datePublished":"2026-02-03T16:46:57+00:00","dateModified":"2026-02-17T17:49:49+00:00","description":"Ubicadas en el primer piso, estas elegantes y evocadoras habitaciones cuentan con muebles refinados de estilo veneciano y tapicer\u00eda de alta calidad, creando una atm\u00f3sfera de encanto atemporal y confort. Algunas habitaciones son accesibles para personas con movilidad reducida y ofrecen vistas al caracter\u00edstico Rio delle Procuratie, a\u00f1adiendo un toque aut\u00e9ntico a su estancia. Disponibles como individuales o dobles, acomodan hasta dos personas \u2014 la elecci\u00f3n perfecta para parejas, familias o grupos peque\u00f1os que buscan estilo, comodidad y una aut\u00e9ntica experiencia veneciana.","breadcrumb":{"@id":"https:\/\/www.royalsanmarcovenice.com\/es\/habitaciones\/superior\/#breadcrumb"},"inLanguage":"es","potentialAction":[{"@type":"ReadAction","target":["https:\/\/www.royalsanmarcovenice.com\/es\/habitaciones\/superior\/"]}]},{"@type":"BreadcrumbList","@id":"https:\/\/www.royalsanmarcovenice.com\/es\/habitaciones\/superior\/#breadcrumb","itemListElement":[{"@type":"ListItem","position":1,"name":"Home","item":"https:\/\/www.royalsanmarcovenice.com\/es\/"},{"@type":"ListItem","position":2,"name":"Habitaciones","item":"https:\/\/www.royalsanmarcovenice.com\/es\/habitaciones\/"},{"@type":"ListItem","position":3,"name":"Superior"}]},{"@type":"WebSite","@id":"https:\/\/www.royalsanmarcovenice.com\/es\/#website","url":"https:\/\/www.royalsanmarcovenice.com\/es\/","name":"Hotel Royal San Marco","description":"","publisher":{"@id":"https:\/\/www.royalsanmarcovenice.com\/es\/#organization"},"potentialAction":[{"@type":"SearchAction","target":{"@type":"EntryPoint","urlTemplate":"https:\/\/www.royalsanmarcovenice.com\/es\/?s={search_term_string}"},"query-input":{"@type":"PropertyValueSpecification","valueRequired":true,"valueName":"search_term_string"}}],"inLanguage":"es"},{"@type":"Organization","@id":"https:\/\/www.royalsanmarcovenice.com\/es\/#organization","name":"Hotel Royal San Marco","url":"https:\/\/www.royalsanmarcovenice.com\/es\/","logo":{"@type":"ImageObject","inLanguage":"es","@id":"https:\/\/www.royalsanmarcovenice.com\/es\/#\/schema\/logo\/image\/","url":"https:\/\/www.royalsanmarcovenice.com\/wp-content\/uploads\/sites\/53\/2026\/02\/logo_hotel_royal_san_marco_c.svg","contentUrl":"https:\/\/www.royalsanmarcovenice.com\/wp-content\/uploads\/sites\/53\/2026\/02\/logo_hotel_royal_san_marco_c.svg","width":1397,"height":280,"caption":"Hotel Royal San Marco"},"image":{"@id":"https:\/\/www.royalsanmarcovenice.com\/es\/#\/schema\/logo\/image\/"},"sameAs":["https:\/\/www.facebook.com\/royalsanmarcoandsuites\/"]}]}},"acf":[],"_links":{"self":[{"href":"https:\/\/www.royalsanmarcovenice.com\/es\/wp-json\/wp\/v2\/pages\/166","targetHints":{"allow":["GET"]}}],"collection":[{"href":"https:\/\/www.royalsanmarcovenice.com\/es\/wp-json\/wp\/v2\/pages"}],"about":[{"href":"https:\/\/www.royalsanmarcovenice.com\/es\/wp-json\/wp\/v2\/types\/page"}],"author":[{"embeddable":true,"href":"https:\/\/www.royalsanmarcovenice.com\/es\/wp-json\/wp\/v2\/users\/6"}],"replies":[{"embeddable":true,"href":"https:\/\/www.royalsanmarcovenice.com\/es\/wp-json\/wp\/v2\/comments?post=166"}],"version-history":[{"count":0,"href":"https:\/\/www.royalsanmarcovenice.com\/es\/wp-json\/wp\/v2\/pages\/166\/revisions"}],"up":[{"embeddable":true,"href":"https:\/\/www.royalsanmarcovenice.com\/es\/wp-json\/wp\/v2\/pages\/177"}],"wp:attachment":[{"href":"https:\/\/www.royalsanmarcovenice.com\/es\/wp-json\/wp\/v2\/media?parent=166"}],"curies":[{"name":"wp","href":"https:\/\/api.w.org\/{rel}","templated":true}]}}