{"id":213,"date":"2026-02-03T16:27:23","date_gmt":"2026-02-03T16:27:23","guid":{"rendered":"https:\/\/royalsanmarcovenice.ms3.decms.eu\/?page_id=213"},"modified":"2026-02-17T16:01:31","modified_gmt":"2026-02-17T16:01:31","slug":"lage","status":"publish","type":"page","link":"https:\/\/www.royalsanmarcovenice.com\/de\/lage\/","title":{"rendered":"Lage"},"content":{"rendered":"<p>Wenige Hotels in <strong>Venedig<\/strong> bieten eine so fantastische Lage wie das <strong>4-Sterne-Hotel Royal San Marco<\/strong>, das die G\u00e4ste in der <strong>Altstadt empf\u00e4ngt<\/strong>. Es liegt in der Calle dei Fabbri, direkt an der Ponte dei Dai, \u00fcber die man unmittelbar den <strong>Markusplatz<\/strong> erreicht.<\/p>\n","protected":false},"excerpt":{"rendered":"<p>Wenige Hotels in Venedig bieten eine so fantastische Lage wie das 4-Sterne-Hotel Royal San Marco, das die G\u00e4ste in der Altstadt empf\u00e4ngt. Es liegt in der Calle dei Fabbri, direkt an der Ponte dei Dai, \u00fcber die man unmittelbar den Markusplatz erreicht.<\/p>\n","protected":false},"author":6,"featured_media":0,"parent":0,"menu_order":40,"comment_status":"closed","ping_status":"closed","template":"template-location.php","meta":{"footnotes":""},"class_list":["post-213","page","type-page","status-publish","hentry"],"yoast_head":"<!-- This site is optimized with the Yoast SEO plugin v26.9 - https:\/\/yoast.com\/product\/yoast-seo-wordpress\/ -->\n<title>Lage - Hotel Royal San Marco -<\/title>\n<meta name=\"description\" content=\"Wenige Hotels in Venedig bieten eine so fantastische Lage wie das 4-Sterne-Hotel Royal San Marco, das die G\u00e4ste in der Altstadt empf\u00e4ngt. Es liegt in der Calle dei Fabbri, direkt an der Ponte dei Dai, \u00fcber die man unmittelbar den Markusplatz erreicht.\" \/>\n<meta name=\"robots\" content=\"index, follow, max-snippet:-1, max-image-preview:large, max-video-preview:-1\" \/>\n<link rel=\"canonical\" href=\"https:\/\/www.royalsanmarcovenice.com\/de\/lage\/\" \/>\n<meta property=\"og:locale\" content=\"de_DE\" \/>\n<meta property=\"og:type\" content=\"article\" \/>\n<meta property=\"og:title\" content=\"Lage - Hotel Royal San Marco -\" \/>\n<meta property=\"og:description\" content=\"Wenige Hotels in Venedig bieten eine so fantastische Lage wie das 4-Sterne-Hotel Royal San Marco, das die G\u00e4ste in der Altstadt empf\u00e4ngt. Es liegt in der Calle dei Fabbri, direkt an der Ponte dei Dai, \u00fcber die man unmittelbar den Markusplatz erreicht.\" \/>\n<meta property=\"og:url\" content=\"https:\/\/www.royalsanmarcovenice.com\/de\/lage\/\" \/>\n<meta property=\"og:site_name\" content=\"Hotel Royal San Marco\" \/>\n<meta property=\"article:publisher\" content=\"https:\/\/www.facebook.com\/royalsanmarcoandsuites\/\" \/>\n<meta property=\"article:modified_time\" content=\"2026-02-17T16:01:31+00:00\" \/>\n<meta name=\"twitter:card\" content=\"summary_large_image\" \/>\n<meta name=\"twitter:label1\" content=\"Est. reading time\" \/>\n\t<meta name=\"twitter:data1\" content=\"1\u00a0Minute\" \/>\n<script type=\"application\/ld+json\" class=\"yoast-schema-graph\">{\"@context\":\"https:\/\/schema.org\",\"@graph\":[{\"@type\":\"WebPage\",\"@id\":\"https:\/\/www.royalsanmarcovenice.com\/de\/lage\/\",\"url\":\"https:\/\/www.royalsanmarcovenice.com\/de\/lage\/\",\"name\":\"Lage - Hotel Royal San Marco -\",\"isPartOf\":{\"@id\":\"https:\/\/www.royalsanmarcovenice.com\/de\/#website\"},\"datePublished\":\"2026-02-03T16:27:23+00:00\",\"dateModified\":\"2026-02-17T16:01:31+00:00\",\"description\":\"Wenige Hotels in Venedig bieten eine so fantastische Lage wie das 4-Sterne-Hotel Royal San Marco, das die G\u00e4ste in der Altstadt empf\u00e4ngt. Es liegt in der Calle dei Fabbri, direkt an der Ponte dei Dai, \u00fcber die man unmittelbar den Markusplatz erreicht.\",\"breadcrumb\":{\"@id\":\"https:\/\/www.royalsanmarcovenice.com\/de\/lage\/#breadcrumb\"},\"inLanguage\":\"de\",\"potentialAction\":[{\"@type\":\"ReadAction\",\"target\":[\"https:\/\/www.royalsanmarcovenice.com\/de\/lage\/\"]}]},{\"@type\":\"BreadcrumbList\",\"@id\":\"https:\/\/www.royalsanmarcovenice.com\/de\/lage\/#breadcrumb\",\"itemListElement\":[{\"@type\":\"ListItem\",\"position\":1,\"name\":\"Home\",\"item\":\"https:\/\/www.royalsanmarcovenice.com\/de\/\"},{\"@type\":\"ListItem\",\"position\":2,\"name\":\"Lage\"}]},{\"@type\":\"WebSite\",\"@id\":\"https:\/\/www.royalsanmarcovenice.com\/de\/#website\",\"url\":\"https:\/\/www.royalsanmarcovenice.com\/de\/\",\"name\":\"Hotel Royal San Marco\",\"description\":\"\",\"publisher\":{\"@id\":\"https:\/\/www.royalsanmarcovenice.com\/de\/#organization\"},\"potentialAction\":[{\"@type\":\"SearchAction\",\"target\":{\"@type\":\"EntryPoint\",\"urlTemplate\":\"https:\/\/www.royalsanmarcovenice.com\/de\/?s={search_term_string}\"},\"query-input\":{\"@type\":\"PropertyValueSpecification\",\"valueRequired\":true,\"valueName\":\"search_term_string\"}}],\"inLanguage\":\"de\"},{\"@type\":\"Organization\",\"@id\":\"https:\/\/www.royalsanmarcovenice.com\/de\/#organization\",\"name\":\"Hotel Royal San Marco\",\"url\":\"https:\/\/www.royalsanmarcovenice.com\/de\/\",\"logo\":{\"@type\":\"ImageObject\",\"inLanguage\":\"de\",\"@id\":\"https:\/\/www.royalsanmarcovenice.com\/de\/#\/schema\/logo\/image\/\",\"url\":\"https:\/\/www.royalsanmarcovenice.com\/wp-content\/uploads\/sites\/53\/2026\/02\/logo_hotel_royal_san_marco_c.svg\",\"contentUrl\":\"https:\/\/www.royalsanmarcovenice.com\/wp-content\/uploads\/sites\/53\/2026\/02\/logo_hotel_royal_san_marco_c.svg\",\"width\":1397,\"height\":280,\"caption\":\"Hotel Royal San Marco\"},\"image\":{\"@id\":\"https:\/\/www.royalsanmarcovenice.com\/de\/#\/schema\/logo\/image\/\"},\"sameAs\":[\"https:\/\/www.facebook.com\/royalsanmarcoandsuites\/\"]}]}<\/script>\n<!-- \/ Yoast SEO plugin. -->","yoast_head_json":{"title":"Lage - Hotel Royal San Marco -","description":"Wenige Hotels in Venedig bieten eine so fantastische Lage wie das 4-Sterne-Hotel Royal San Marco, das die G\u00e4ste in der Altstadt empf\u00e4ngt. Es liegt in der Calle dei Fabbri, direkt an der Ponte dei Dai, \u00fcber die man unmittelbar den Markusplatz erreicht.","robots":{"index":"index","follow":"follow","max-snippet":"max-snippet:-1","max-image-preview":"max-image-preview:large","max-video-preview":"max-video-preview:-1"},"canonical":"https:\/\/www.royalsanmarcovenice.com\/de\/lage\/","og_locale":"de_DE","og_type":"article","og_title":"Lage - Hotel Royal San Marco -","og_description":"Wenige Hotels in Venedig bieten eine so fantastische Lage wie das 4-Sterne-Hotel Royal San Marco, das die G\u00e4ste in der Altstadt empf\u00e4ngt. Es liegt in der Calle dei Fabbri, direkt an der Ponte dei Dai, \u00fcber die man unmittelbar den Markusplatz erreicht.","og_url":"https:\/\/www.royalsanmarcovenice.com\/de\/lage\/","og_site_name":"Hotel Royal San Marco","article_publisher":"https:\/\/www.facebook.com\/royalsanmarcoandsuites\/","article_modified_time":"2026-02-17T16:01:31+00:00","twitter_card":"summary_large_image","twitter_misc":{"Est. reading time":"1\u00a0Minute"},"schema":{"@context":"https:\/\/schema.org","@graph":[{"@type":"WebPage","@id":"https:\/\/www.royalsanmarcovenice.com\/de\/lage\/","url":"https:\/\/www.royalsanmarcovenice.com\/de\/lage\/","name":"Lage - Hotel Royal San Marco -","isPartOf":{"@id":"https:\/\/www.royalsanmarcovenice.com\/de\/#website"},"datePublished":"2026-02-03T16:27:23+00:00","dateModified":"2026-02-17T16:01:31+00:00","description":"Wenige Hotels in Venedig bieten eine so fantastische Lage wie das 4-Sterne-Hotel Royal San Marco, das die G\u00e4ste in der Altstadt empf\u00e4ngt. Es liegt in der Calle dei Fabbri, direkt an der Ponte dei Dai, \u00fcber die man unmittelbar den Markusplatz erreicht.","breadcrumb":{"@id":"https:\/\/www.royalsanmarcovenice.com\/de\/lage\/#breadcrumb"},"inLanguage":"de","potentialAction":[{"@type":"ReadAction","target":["https:\/\/www.royalsanmarcovenice.com\/de\/lage\/"]}]},{"@type":"BreadcrumbList","@id":"https:\/\/www.royalsanmarcovenice.com\/de\/lage\/#breadcrumb","itemListElement":[{"@type":"ListItem","position":1,"name":"Home","item":"https:\/\/www.royalsanmarcovenice.com\/de\/"},{"@type":"ListItem","position":2,"name":"Lage"}]},{"@type":"WebSite","@id":"https:\/\/www.royalsanmarcovenice.com\/de\/#website","url":"https:\/\/www.royalsanmarcovenice.com\/de\/","name":"Hotel Royal San Marco","description":"","publisher":{"@id":"https:\/\/www.royalsanmarcovenice.com\/de\/#organization"},"potentialAction":[{"@type":"SearchAction","target":{"@type":"EntryPoint","urlTemplate":"https:\/\/www.royalsanmarcovenice.com\/de\/?s={search_term_string}"},"query-input":{"@type":"PropertyValueSpecification","valueRequired":true,"valueName":"search_term_string"}}],"inLanguage":"de"},{"@type":"Organization","@id":"https:\/\/www.royalsanmarcovenice.com\/de\/#organization","name":"Hotel Royal San Marco","url":"https:\/\/www.royalsanmarcovenice.com\/de\/","logo":{"@type":"ImageObject","inLanguage":"de","@id":"https:\/\/www.royalsanmarcovenice.com\/de\/#\/schema\/logo\/image\/","url":"https:\/\/www.royalsanmarcovenice.com\/wp-content\/uploads\/sites\/53\/2026\/02\/logo_hotel_royal_san_marco_c.svg","contentUrl":"https:\/\/www.royalsanmarcovenice.com\/wp-content\/uploads\/sites\/53\/2026\/02\/logo_hotel_royal_san_marco_c.svg","width":1397,"height":280,"caption":"Hotel Royal San Marco"},"image":{"@id":"https:\/\/www.royalsanmarcovenice.com\/de\/#\/schema\/logo\/image\/"},"sameAs":["https:\/\/www.facebook.com\/royalsanmarcoandsuites\/"]}]}},"acf":[],"_links":{"self":[{"href":"https:\/\/www.royalsanmarcovenice.com\/de\/wp-json\/wp\/v2\/pages\/213","targetHints":{"allow":["GET"]}}],"collection":[{"href":"https:\/\/www.royalsanmarcovenice.com\/de\/wp-json\/wp\/v2\/pages"}],"about":[{"href":"https:\/\/www.royalsanmarcovenice.com\/de\/wp-json\/wp\/v2\/types\/page"}],"author":[{"embeddable":true,"href":"https:\/\/www.royalsanmarcovenice.com\/de\/wp-json\/wp\/v2\/users\/6"}],"replies":[{"embeddable":true,"href":"https:\/\/www.royalsanmarcovenice.com\/de\/wp-json\/wp\/v2\/comments?post=213"}],"version-history":[{"count":0,"href":"https:\/\/www.royalsanmarcovenice.com\/de\/wp-json\/wp\/v2\/pages\/213\/revisions"}],"wp:attachment":[{"href":"https:\/\/www.royalsanmarcovenice.com\/de\/wp-json\/wp\/v2\/media?parent=213"}],"curies":[{"name":"wp","href":"https:\/\/api.w.org\/{rel}","templated":true}]}}