{"id":190,"date":"2026-02-03T16:26:48","date_gmt":"2026-02-03T16:26:48","guid":{"rendered":"https:\/\/royalsanmarcovenice.ms3.decms.eu\/?page_id=190"},"modified":"2026-02-17T15:10:41","modified_gmt":"2026-02-17T15:10:41","slug":"hotel","status":"publish","type":"page","link":"https:\/\/www.royalsanmarcovenice.com\/de\/hotel\/","title":{"rendered":"Hotel"},"content":{"rendered":"<p>Das <strong>4-Sterne-Hotel Royal San Marco<\/strong> in <strong>Venedig<\/strong> ist ein Beispiel traditioneller venezianischer Gastlichkeit, eine Mischung aus Herzlichkeit, <strong>Erfahrung<\/strong> und ausgesprochener Effizienz. Es bietet dem Gast einen tadellosen Service und gibt ihm gleichzeitig das Gef\u00fchl, in der Altstadt einer der unglaublichsten St\u00e4dte der Welt zu Hause zu sein. Die wundersch\u00f6ne offene <strong>Galerie<\/strong>, die die Hotelg\u00e4ste inmitten edler Stoffe und Tapeten, einer eleganten <strong>modernen Einrichtung<\/strong>, hellen Marmorb\u00f6den und Ledersofas empf\u00e4ngt, bildet eine gelungene Einheit mit dem herausragenden <strong>Komfort<\/strong> dieses Hotels.<\/p>\n","protected":false},"excerpt":{"rendered":"<p>Das 4-Sterne-Hotel Royal San Marco in Venedig ist ein Beispiel traditioneller venezianischer Gastlichkeit, eine Mischung aus Herzlichkeit, Erfahrung und ausgesprochener Effizienz. Es bietet dem Gast einen tadellosen Service und gibt ihm gleichzeitig das Gef\u00fchl, in der Altstadt einer der unglaublichsten St\u00e4dte der Welt zu Hause zu sein. Die wundersch\u00f6ne offene Galerie, die die Hotelg\u00e4ste inmitten [&hellip;]<\/p>\n","protected":false},"author":6,"featured_media":0,"parent":0,"menu_order":20,"comment_status":"closed","ping_status":"closed","template":"template-default-2.php","meta":{"footnotes":""},"class_list":["post-190","page","type-page","status-publish","hentry"],"yoast_head":"<!-- This site is optimized with the Yoast SEO plugin v26.9 - https:\/\/yoast.com\/product\/yoast-seo-wordpress\/ -->\n<title>Hotel - Hotel Royal San Marco -<\/title>\n<meta name=\"description\" content=\"Das 4-Sterne-Hotel Royal San Marco in Venedig ist ein Beispiel traditioneller venezianischer Gastlichkeit, eine Mischung aus Herzlichkeit, Erfahrung und ausgesprochener Effizienz. Es bietet dem Gast einen tadellosen Service und gibt ihm gleichzeitig das Gef\u00fchl, in der Altstadt einer der unglaublichsten St\u00e4dte der Welt zu Hause zu sein\" \/>\n<meta name=\"robots\" content=\"index, follow, max-snippet:-1, max-image-preview:large, max-video-preview:-1\" \/>\n<link rel=\"canonical\" href=\"https:\/\/www.royalsanmarcovenice.com\/de\/hotel\/\" \/>\n<meta property=\"og:locale\" content=\"de_DE\" \/>\n<meta property=\"og:type\" content=\"article\" \/>\n<meta property=\"og:title\" content=\"Hotel - Hotel Royal San Marco -\" \/>\n<meta property=\"og:description\" content=\"Das 4-Sterne-Hotel Royal San Marco in Venedig ist ein Beispiel traditioneller venezianischer Gastlichkeit, eine Mischung aus Herzlichkeit, Erfahrung und ausgesprochener Effizienz. Es bietet dem Gast einen tadellosen Service und gibt ihm gleichzeitig das Gef\u00fchl, in der Altstadt einer der unglaublichsten St\u00e4dte der Welt zu Hause zu sein\" \/>\n<meta property=\"og:url\" content=\"https:\/\/www.royalsanmarcovenice.com\/de\/hotel\/\" \/>\n<meta property=\"og:site_name\" content=\"Hotel Royal San Marco\" \/>\n<meta property=\"article:publisher\" content=\"https:\/\/www.facebook.com\/royalsanmarcoandsuites\/\" \/>\n<meta property=\"article:modified_time\" content=\"2026-02-17T15:10:41+00:00\" \/>\n<meta name=\"twitter:card\" content=\"summary_large_image\" \/>\n<meta name=\"twitter:label1\" content=\"Est. reading time\" \/>\n\t<meta name=\"twitter:data1\" content=\"1\u00a0Minute\" \/>\n<script type=\"application\/ld+json\" class=\"yoast-schema-graph\">{\"@context\":\"https:\/\/schema.org\",\"@graph\":[{\"@type\":\"WebPage\",\"@id\":\"https:\/\/www.royalsanmarcovenice.com\/de\/hotel\/\",\"url\":\"https:\/\/www.royalsanmarcovenice.com\/de\/hotel\/\",\"name\":\"Hotel - Hotel Royal San Marco -\",\"isPartOf\":{\"@id\":\"https:\/\/www.royalsanmarcovenice.com\/de\/#website\"},\"datePublished\":\"2026-02-03T16:26:48+00:00\",\"dateModified\":\"2026-02-17T15:10:41+00:00\",\"description\":\"Das 4-Sterne-Hotel Royal San Marco in Venedig ist ein Beispiel traditioneller venezianischer Gastlichkeit, eine Mischung aus Herzlichkeit, Erfahrung und ausgesprochener Effizienz. Es bietet dem Gast einen tadellosen Service und gibt ihm gleichzeitig das Gef\u00fchl, in der Altstadt einer der unglaublichsten St\u00e4dte der Welt zu Hause zu sein\",\"breadcrumb\":{\"@id\":\"https:\/\/www.royalsanmarcovenice.com\/de\/hotel\/#breadcrumb\"},\"inLanguage\":\"de\",\"potentialAction\":[{\"@type\":\"ReadAction\",\"target\":[\"https:\/\/www.royalsanmarcovenice.com\/de\/hotel\/\"]}]},{\"@type\":\"BreadcrumbList\",\"@id\":\"https:\/\/www.royalsanmarcovenice.com\/de\/hotel\/#breadcrumb\",\"itemListElement\":[{\"@type\":\"ListItem\",\"position\":1,\"name\":\"Home\",\"item\":\"https:\/\/www.royalsanmarcovenice.com\/de\/\"},{\"@type\":\"ListItem\",\"position\":2,\"name\":\"Hotel\"}]},{\"@type\":\"WebSite\",\"@id\":\"https:\/\/www.royalsanmarcovenice.com\/de\/#website\",\"url\":\"https:\/\/www.royalsanmarcovenice.com\/de\/\",\"name\":\"Hotel Royal San Marco\",\"description\":\"\",\"publisher\":{\"@id\":\"https:\/\/www.royalsanmarcovenice.com\/de\/#organization\"},\"potentialAction\":[{\"@type\":\"SearchAction\",\"target\":{\"@type\":\"EntryPoint\",\"urlTemplate\":\"https:\/\/www.royalsanmarcovenice.com\/de\/?s={search_term_string}\"},\"query-input\":{\"@type\":\"PropertyValueSpecification\",\"valueRequired\":true,\"valueName\":\"search_term_string\"}}],\"inLanguage\":\"de\"},{\"@type\":\"Organization\",\"@id\":\"https:\/\/www.royalsanmarcovenice.com\/de\/#organization\",\"name\":\"Hotel Royal San Marco\",\"url\":\"https:\/\/www.royalsanmarcovenice.com\/de\/\",\"logo\":{\"@type\":\"ImageObject\",\"inLanguage\":\"de\",\"@id\":\"https:\/\/www.royalsanmarcovenice.com\/de\/#\/schema\/logo\/image\/\",\"url\":\"https:\/\/www.royalsanmarcovenice.com\/wp-content\/uploads\/sites\/53\/2026\/02\/logo_hotel_royal_san_marco_c.svg\",\"contentUrl\":\"https:\/\/www.royalsanmarcovenice.com\/wp-content\/uploads\/sites\/53\/2026\/02\/logo_hotel_royal_san_marco_c.svg\",\"width\":1397,\"height\":280,\"caption\":\"Hotel Royal San Marco\"},\"image\":{\"@id\":\"https:\/\/www.royalsanmarcovenice.com\/de\/#\/schema\/logo\/image\/\"},\"sameAs\":[\"https:\/\/www.facebook.com\/royalsanmarcoandsuites\/\"]}]}<\/script>\n<!-- \/ Yoast SEO plugin. -->","yoast_head_json":{"title":"Hotel - Hotel Royal San Marco -","description":"Das 4-Sterne-Hotel Royal San Marco in Venedig ist ein Beispiel traditioneller venezianischer Gastlichkeit, eine Mischung aus Herzlichkeit, Erfahrung und ausgesprochener Effizienz. Es bietet dem Gast einen tadellosen Service und gibt ihm gleichzeitig das Gef\u00fchl, in der Altstadt einer der unglaublichsten St\u00e4dte der Welt zu Hause zu sein","robots":{"index":"index","follow":"follow","max-snippet":"max-snippet:-1","max-image-preview":"max-image-preview:large","max-video-preview":"max-video-preview:-1"},"canonical":"https:\/\/www.royalsanmarcovenice.com\/de\/hotel\/","og_locale":"de_DE","og_type":"article","og_title":"Hotel - Hotel Royal San Marco -","og_description":"Das 4-Sterne-Hotel Royal San Marco in Venedig ist ein Beispiel traditioneller venezianischer Gastlichkeit, eine Mischung aus Herzlichkeit, Erfahrung und ausgesprochener Effizienz. Es bietet dem Gast einen tadellosen Service und gibt ihm gleichzeitig das Gef\u00fchl, in der Altstadt einer der unglaublichsten St\u00e4dte der Welt zu Hause zu sein","og_url":"https:\/\/www.royalsanmarcovenice.com\/de\/hotel\/","og_site_name":"Hotel Royal San Marco","article_publisher":"https:\/\/www.facebook.com\/royalsanmarcoandsuites\/","article_modified_time":"2026-02-17T15:10:41+00:00","twitter_card":"summary_large_image","twitter_misc":{"Est. reading time":"1\u00a0Minute"},"schema":{"@context":"https:\/\/schema.org","@graph":[{"@type":"WebPage","@id":"https:\/\/www.royalsanmarcovenice.com\/de\/hotel\/","url":"https:\/\/www.royalsanmarcovenice.com\/de\/hotel\/","name":"Hotel - Hotel Royal San Marco -","isPartOf":{"@id":"https:\/\/www.royalsanmarcovenice.com\/de\/#website"},"datePublished":"2026-02-03T16:26:48+00:00","dateModified":"2026-02-17T15:10:41+00:00","description":"Das 4-Sterne-Hotel Royal San Marco in Venedig ist ein Beispiel traditioneller venezianischer Gastlichkeit, eine Mischung aus Herzlichkeit, Erfahrung und ausgesprochener Effizienz. Es bietet dem Gast einen tadellosen Service und gibt ihm gleichzeitig das Gef\u00fchl, in der Altstadt einer der unglaublichsten St\u00e4dte der Welt zu Hause zu sein","breadcrumb":{"@id":"https:\/\/www.royalsanmarcovenice.com\/de\/hotel\/#breadcrumb"},"inLanguage":"de","potentialAction":[{"@type":"ReadAction","target":["https:\/\/www.royalsanmarcovenice.com\/de\/hotel\/"]}]},{"@type":"BreadcrumbList","@id":"https:\/\/www.royalsanmarcovenice.com\/de\/hotel\/#breadcrumb","itemListElement":[{"@type":"ListItem","position":1,"name":"Home","item":"https:\/\/www.royalsanmarcovenice.com\/de\/"},{"@type":"ListItem","position":2,"name":"Hotel"}]},{"@type":"WebSite","@id":"https:\/\/www.royalsanmarcovenice.com\/de\/#website","url":"https:\/\/www.royalsanmarcovenice.com\/de\/","name":"Hotel Royal San Marco","description":"","publisher":{"@id":"https:\/\/www.royalsanmarcovenice.com\/de\/#organization"},"potentialAction":[{"@type":"SearchAction","target":{"@type":"EntryPoint","urlTemplate":"https:\/\/www.royalsanmarcovenice.com\/de\/?s={search_term_string}"},"query-input":{"@type":"PropertyValueSpecification","valueRequired":true,"valueName":"search_term_string"}}],"inLanguage":"de"},{"@type":"Organization","@id":"https:\/\/www.royalsanmarcovenice.com\/de\/#organization","name":"Hotel Royal San Marco","url":"https:\/\/www.royalsanmarcovenice.com\/de\/","logo":{"@type":"ImageObject","inLanguage":"de","@id":"https:\/\/www.royalsanmarcovenice.com\/de\/#\/schema\/logo\/image\/","url":"https:\/\/www.royalsanmarcovenice.com\/wp-content\/uploads\/sites\/53\/2026\/02\/logo_hotel_royal_san_marco_c.svg","contentUrl":"https:\/\/www.royalsanmarcovenice.com\/wp-content\/uploads\/sites\/53\/2026\/02\/logo_hotel_royal_san_marco_c.svg","width":1397,"height":280,"caption":"Hotel Royal San Marco"},"image":{"@id":"https:\/\/www.royalsanmarcovenice.com\/de\/#\/schema\/logo\/image\/"},"sameAs":["https:\/\/www.facebook.com\/royalsanmarcoandsuites\/"]}]}},"acf":[],"_links":{"self":[{"href":"https:\/\/www.royalsanmarcovenice.com\/de\/wp-json\/wp\/v2\/pages\/190","targetHints":{"allow":["GET"]}}],"collection":[{"href":"https:\/\/www.royalsanmarcovenice.com\/de\/wp-json\/wp\/v2\/pages"}],"about":[{"href":"https:\/\/www.royalsanmarcovenice.com\/de\/wp-json\/wp\/v2\/types\/page"}],"author":[{"embeddable":true,"href":"https:\/\/www.royalsanmarcovenice.com\/de\/wp-json\/wp\/v2\/users\/6"}],"replies":[{"embeddable":true,"href":"https:\/\/www.royalsanmarcovenice.com\/de\/wp-json\/wp\/v2\/comments?post=190"}],"version-history":[{"count":0,"href":"https:\/\/www.royalsanmarcovenice.com\/de\/wp-json\/wp\/v2\/pages\/190\/revisions"}],"wp:attachment":[{"href":"https:\/\/www.royalsanmarcovenice.com\/de\/wp-json\/wp\/v2\/media?parent=190"}],"curies":[{"name":"wp","href":"https:\/\/api.w.org\/{rel}","templated":true}]}}