{"id":175,"date":"2026-02-03T16:27:11","date_gmt":"2026-02-03T16:27:11","guid":{"rendered":"https:\/\/royalsanmarcovenice.ms3.decms.eu\/?page_id=175"},"modified":"2026-02-18T17:07:51","modified_gmt":"2026-02-18T17:07:51","slug":"zimmer","status":"publish","type":"page","link":"https:\/\/www.royalsanmarcovenice.com\/de\/zimmer\/","title":{"rendered":"Zimmer"},"content":{"rendered":"<p>Die 50 Zimmer des 4-Sterne-Hotels Royal San Marco in Venedig bieten einen reizvollen Ausblick auf den malerischen Rio delle Procuratie, die Calle dei Fabbri oder den Glockenturm des Markusdoms und sind traumhaft im venezianischen Stil eingerichtet, mit allem Komfort ausgestattet und ausgesprochen hell.<\/p>\n<p>Mit der kostbaren Innenausstattung und ihrem reizvollen Flair sind diese \u00e4u\u00dferst ger\u00e4umigen Zimmer &#8211; die alle \u00fcber Klimaanlage, Minibar, Flachbild-TV und Telefon mit Direktdurchwahl verf\u00fcgen &#8211; auch f\u00fcr einen besonderen Familienurlaub oder einen Gesch\u00e4ftsreisen geeignet, und dies alles nur wenige Schritte vom Markusplatz entfernt.<\/p>\n","protected":false},"excerpt":{"rendered":"<p>Die 50 Zimmer des 4-Sterne-Hotels Royal San Marco in Venedig bieten einen reizvollen Ausblick auf den malerischen Rio delle Procuratie, die Calle dei Fabbri oder den Glockenturm des Markusdoms und sind traumhaft im venezianischen Stil eingerichtet, mit allem Komfort ausgestattet und ausgesprochen hell. Mit der kostbaren Innenausstattung und ihrem reizvollen Flair sind diese \u00e4u\u00dferst ger\u00e4umigen [&hellip;]<\/p>\n","protected":false},"author":6,"featured_media":0,"parent":0,"menu_order":30,"comment_status":"closed","ping_status":"closed","template":"template-rooms.php","meta":{"footnotes":""},"class_list":["post-175","page","type-page","status-publish","hentry"],"yoast_head":"<!-- This site is optimized with the Yoast SEO plugin v26.9 - https:\/\/yoast.com\/product\/yoast-seo-wordpress\/ -->\n<title>Zimmer - Hotel Royal San Marco -<\/title>\n<meta name=\"description\" content=\"Die 50 Zimmer des 4-Sterne-Hotels Royal San Marco in Venedig bieten einen reizvollen Ausblick auf den malerischen Rio delle Procuratie, die Calle dei Fabbri oder den Glockenturm des Markusdoms und sind traumhaft im venezianischen Stil eingerichtet, mit allem Komfort ausgestattet und ausgesprochen hell.  Mit der kostbaren Innenausstattung und ihrem reizvollen Flair sind diese \u00e4u\u00dferst ger\u00e4umigen Zimmer - die alle \u00fcber Klimaanlage, Minibar, Flachbild-TV und Telefon mit Direktdurchwahl verf\u00fcgen - auch f\u00fcr einen besonderen Familienurlaub oder einen Gesch\u00e4ftsreisen geeignet, und dies alles nur wenige Schritte vom Markusplatz entfernt..\" \/>\n<meta name=\"robots\" content=\"index, follow, max-snippet:-1, max-image-preview:large, max-video-preview:-1\" \/>\n<link rel=\"canonical\" href=\"https:\/\/www.royalsanmarcovenice.com\/de\/zimmer\/\" \/>\n<meta property=\"og:locale\" content=\"de_DE\" \/>\n<meta property=\"og:type\" content=\"article\" \/>\n<meta property=\"og:title\" content=\"Zimmer - Hotel Royal San Marco -\" \/>\n<meta property=\"og:description\" content=\"Die 50 Zimmer des 4-Sterne-Hotels Royal San Marco in Venedig bieten einen reizvollen Ausblick auf den malerischen Rio delle Procuratie, die Calle dei Fabbri oder den Glockenturm des Markusdoms und sind traumhaft im venezianischen Stil eingerichtet, mit allem Komfort ausgestattet und ausgesprochen hell.  Mit der kostbaren Innenausstattung und ihrem reizvollen Flair sind diese \u00e4u\u00dferst ger\u00e4umigen Zimmer - die alle \u00fcber Klimaanlage, Minibar, Flachbild-TV und Telefon mit Direktdurchwahl verf\u00fcgen - auch f\u00fcr einen besonderen Familienurlaub oder einen Gesch\u00e4ftsreisen geeignet, und dies alles nur wenige Schritte vom Markusplatz entfernt..\" \/>\n<meta property=\"og:url\" content=\"https:\/\/www.royalsanmarcovenice.com\/de\/zimmer\/\" \/>\n<meta property=\"og:site_name\" content=\"Hotel Royal San Marco\" \/>\n<meta property=\"article:publisher\" content=\"https:\/\/www.facebook.com\/royalsanmarcoandsuites\/\" \/>\n<meta property=\"article:modified_time\" content=\"2026-02-18T17:07:51+00:00\" \/>\n<meta name=\"twitter:card\" content=\"summary_large_image\" \/>\n<meta name=\"twitter:label1\" content=\"Est. reading time\" \/>\n\t<meta name=\"twitter:data1\" content=\"1\u00a0Minute\" \/>\n<script type=\"application\/ld+json\" class=\"yoast-schema-graph\">{\"@context\":\"https:\/\/schema.org\",\"@graph\":[{\"@type\":\"WebPage\",\"@id\":\"https:\/\/www.royalsanmarcovenice.com\/de\/zimmer\/\",\"url\":\"https:\/\/www.royalsanmarcovenice.com\/de\/zimmer\/\",\"name\":\"Zimmer - Hotel Royal San Marco -\",\"isPartOf\":{\"@id\":\"https:\/\/www.royalsanmarcovenice.com\/de\/#website\"},\"datePublished\":\"2026-02-03T16:27:11+00:00\",\"dateModified\":\"2026-02-18T17:07:51+00:00\",\"description\":\"Die 50 Zimmer des 4-Sterne-Hotels Royal San Marco in Venedig bieten einen reizvollen Ausblick auf den malerischen Rio delle Procuratie, die Calle dei Fabbri oder den Glockenturm des Markusdoms und sind traumhaft im venezianischen Stil eingerichtet, mit allem Komfort ausgestattet und ausgesprochen hell. Mit der kostbaren Innenausstattung und ihrem reizvollen Flair sind diese \u00e4u\u00dferst ger\u00e4umigen Zimmer - die alle \u00fcber Klimaanlage, Minibar, Flachbild-TV und Telefon mit Direktdurchwahl verf\u00fcgen - auch f\u00fcr einen besonderen Familienurlaub oder einen Gesch\u00e4ftsreisen geeignet, und dies alles nur wenige Schritte vom Markusplatz entfernt..\",\"breadcrumb\":{\"@id\":\"https:\/\/www.royalsanmarcovenice.com\/de\/zimmer\/#breadcrumb\"},\"inLanguage\":\"de\",\"potentialAction\":[{\"@type\":\"ReadAction\",\"target\":[\"https:\/\/www.royalsanmarcovenice.com\/de\/zimmer\/\"]}]},{\"@type\":\"BreadcrumbList\",\"@id\":\"https:\/\/www.royalsanmarcovenice.com\/de\/zimmer\/#breadcrumb\",\"itemListElement\":[{\"@type\":\"ListItem\",\"position\":1,\"name\":\"Home\",\"item\":\"https:\/\/www.royalsanmarcovenice.com\/de\/\"},{\"@type\":\"ListItem\",\"position\":2,\"name\":\"Zimmer\"}]},{\"@type\":\"WebSite\",\"@id\":\"https:\/\/www.royalsanmarcovenice.com\/de\/#website\",\"url\":\"https:\/\/www.royalsanmarcovenice.com\/de\/\",\"name\":\"Hotel Royal San Marco\",\"description\":\"\",\"publisher\":{\"@id\":\"https:\/\/www.royalsanmarcovenice.com\/de\/#organization\"},\"potentialAction\":[{\"@type\":\"SearchAction\",\"target\":{\"@type\":\"EntryPoint\",\"urlTemplate\":\"https:\/\/www.royalsanmarcovenice.com\/de\/?s={search_term_string}\"},\"query-input\":{\"@type\":\"PropertyValueSpecification\",\"valueRequired\":true,\"valueName\":\"search_term_string\"}}],\"inLanguage\":\"de\"},{\"@type\":\"Organization\",\"@id\":\"https:\/\/www.royalsanmarcovenice.com\/de\/#organization\",\"name\":\"Hotel Royal San Marco\",\"url\":\"https:\/\/www.royalsanmarcovenice.com\/de\/\",\"logo\":{\"@type\":\"ImageObject\",\"inLanguage\":\"de\",\"@id\":\"https:\/\/www.royalsanmarcovenice.com\/de\/#\/schema\/logo\/image\/\",\"url\":\"https:\/\/www.royalsanmarcovenice.com\/wp-content\/uploads\/sites\/53\/2026\/02\/logo_hotel_royal_san_marco_c.svg\",\"contentUrl\":\"https:\/\/www.royalsanmarcovenice.com\/wp-content\/uploads\/sites\/53\/2026\/02\/logo_hotel_royal_san_marco_c.svg\",\"width\":1397,\"height\":280,\"caption\":\"Hotel Royal San Marco\"},\"image\":{\"@id\":\"https:\/\/www.royalsanmarcovenice.com\/de\/#\/schema\/logo\/image\/\"},\"sameAs\":[\"https:\/\/www.facebook.com\/royalsanmarcoandsuites\/\"]}]}<\/script>\n<!-- \/ Yoast SEO plugin. -->","yoast_head_json":{"title":"Zimmer - Hotel Royal San Marco -","description":"Die 50 Zimmer des 4-Sterne-Hotels Royal San Marco in Venedig bieten einen reizvollen Ausblick auf den malerischen Rio delle Procuratie, die Calle dei Fabbri oder den Glockenturm des Markusdoms und sind traumhaft im venezianischen Stil eingerichtet, mit allem Komfort ausgestattet und ausgesprochen hell.  Mit der kostbaren Innenausstattung und ihrem reizvollen Flair sind diese \u00e4u\u00dferst ger\u00e4umigen Zimmer - die alle \u00fcber Klimaanlage, Minibar, Flachbild-TV und Telefon mit Direktdurchwahl verf\u00fcgen - auch f\u00fcr einen besonderen Familienurlaub oder einen Gesch\u00e4ftsreisen geeignet, und dies alles nur wenige Schritte vom Markusplatz entfernt..","robots":{"index":"index","follow":"follow","max-snippet":"max-snippet:-1","max-image-preview":"max-image-preview:large","max-video-preview":"max-video-preview:-1"},"canonical":"https:\/\/www.royalsanmarcovenice.com\/de\/zimmer\/","og_locale":"de_DE","og_type":"article","og_title":"Zimmer - Hotel Royal San Marco -","og_description":"Die 50 Zimmer des 4-Sterne-Hotels Royal San Marco in Venedig bieten einen reizvollen Ausblick auf den malerischen Rio delle Procuratie, die Calle dei Fabbri oder den Glockenturm des Markusdoms und sind traumhaft im venezianischen Stil eingerichtet, mit allem Komfort ausgestattet und ausgesprochen hell.  Mit der kostbaren Innenausstattung und ihrem reizvollen Flair sind diese \u00e4u\u00dferst ger\u00e4umigen Zimmer - die alle \u00fcber Klimaanlage, Minibar, Flachbild-TV und Telefon mit Direktdurchwahl verf\u00fcgen - auch f\u00fcr einen besonderen Familienurlaub oder einen Gesch\u00e4ftsreisen geeignet, und dies alles nur wenige Schritte vom Markusplatz entfernt..","og_url":"https:\/\/www.royalsanmarcovenice.com\/de\/zimmer\/","og_site_name":"Hotel Royal San Marco","article_publisher":"https:\/\/www.facebook.com\/royalsanmarcoandsuites\/","article_modified_time":"2026-02-18T17:07:51+00:00","twitter_card":"summary_large_image","twitter_misc":{"Est. reading time":"1\u00a0Minute"},"schema":{"@context":"https:\/\/schema.org","@graph":[{"@type":"WebPage","@id":"https:\/\/www.royalsanmarcovenice.com\/de\/zimmer\/","url":"https:\/\/www.royalsanmarcovenice.com\/de\/zimmer\/","name":"Zimmer - Hotel Royal San Marco -","isPartOf":{"@id":"https:\/\/www.royalsanmarcovenice.com\/de\/#website"},"datePublished":"2026-02-03T16:27:11+00:00","dateModified":"2026-02-18T17:07:51+00:00","description":"Die 50 Zimmer des 4-Sterne-Hotels Royal San Marco in Venedig bieten einen reizvollen Ausblick auf den malerischen Rio delle Procuratie, die Calle dei Fabbri oder den Glockenturm des Markusdoms und sind traumhaft im venezianischen Stil eingerichtet, mit allem Komfort ausgestattet und ausgesprochen hell. Mit der kostbaren Innenausstattung und ihrem reizvollen Flair sind diese \u00e4u\u00dferst ger\u00e4umigen Zimmer - die alle \u00fcber Klimaanlage, Minibar, Flachbild-TV und Telefon mit Direktdurchwahl verf\u00fcgen - auch f\u00fcr einen besonderen Familienurlaub oder einen Gesch\u00e4ftsreisen geeignet, und dies alles nur wenige Schritte vom Markusplatz entfernt..","breadcrumb":{"@id":"https:\/\/www.royalsanmarcovenice.com\/de\/zimmer\/#breadcrumb"},"inLanguage":"de","potentialAction":[{"@type":"ReadAction","target":["https:\/\/www.royalsanmarcovenice.com\/de\/zimmer\/"]}]},{"@type":"BreadcrumbList","@id":"https:\/\/www.royalsanmarcovenice.com\/de\/zimmer\/#breadcrumb","itemListElement":[{"@type":"ListItem","position":1,"name":"Home","item":"https:\/\/www.royalsanmarcovenice.com\/de\/"},{"@type":"ListItem","position":2,"name":"Zimmer"}]},{"@type":"WebSite","@id":"https:\/\/www.royalsanmarcovenice.com\/de\/#website","url":"https:\/\/www.royalsanmarcovenice.com\/de\/","name":"Hotel Royal San Marco","description":"","publisher":{"@id":"https:\/\/www.royalsanmarcovenice.com\/de\/#organization"},"potentialAction":[{"@type":"SearchAction","target":{"@type":"EntryPoint","urlTemplate":"https:\/\/www.royalsanmarcovenice.com\/de\/?s={search_term_string}"},"query-input":{"@type":"PropertyValueSpecification","valueRequired":true,"valueName":"search_term_string"}}],"inLanguage":"de"},{"@type":"Organization","@id":"https:\/\/www.royalsanmarcovenice.com\/de\/#organization","name":"Hotel Royal San Marco","url":"https:\/\/www.royalsanmarcovenice.com\/de\/","logo":{"@type":"ImageObject","inLanguage":"de","@id":"https:\/\/www.royalsanmarcovenice.com\/de\/#\/schema\/logo\/image\/","url":"https:\/\/www.royalsanmarcovenice.com\/wp-content\/uploads\/sites\/53\/2026\/02\/logo_hotel_royal_san_marco_c.svg","contentUrl":"https:\/\/www.royalsanmarcovenice.com\/wp-content\/uploads\/sites\/53\/2026\/02\/logo_hotel_royal_san_marco_c.svg","width":1397,"height":280,"caption":"Hotel Royal San Marco"},"image":{"@id":"https:\/\/www.royalsanmarcovenice.com\/de\/#\/schema\/logo\/image\/"},"sameAs":["https:\/\/www.facebook.com\/royalsanmarcoandsuites\/"]}]}},"acf":[],"_links":{"self":[{"href":"https:\/\/www.royalsanmarcovenice.com\/de\/wp-json\/wp\/v2\/pages\/175","targetHints":{"allow":["GET"]}}],"collection":[{"href":"https:\/\/www.royalsanmarcovenice.com\/de\/wp-json\/wp\/v2\/pages"}],"about":[{"href":"https:\/\/www.royalsanmarcovenice.com\/de\/wp-json\/wp\/v2\/types\/page"}],"author":[{"embeddable":true,"href":"https:\/\/www.royalsanmarcovenice.com\/de\/wp-json\/wp\/v2\/users\/6"}],"replies":[{"embeddable":true,"href":"https:\/\/www.royalsanmarcovenice.com\/de\/wp-json\/wp\/v2\/comments?post=175"}],"version-history":[{"count":0,"href":"https:\/\/www.royalsanmarcovenice.com\/de\/wp-json\/wp\/v2\/pages\/175\/revisions"}],"wp:attachment":[{"href":"https:\/\/www.royalsanmarcovenice.com\/de\/wp-json\/wp\/v2\/media?parent=175"}],"curies":[{"name":"wp","href":"https:\/\/api.w.org\/{rel}","templated":true}]}}