{"id":169,"date":"2026-02-03T16:47:17","date_gmt":"2026-02-03T16:47:17","guid":{"rendered":"https:\/\/royalsanmarcovenice.ms3.decms.eu\/?page_id=169"},"modified":"2026-02-17T17:43:13","modified_gmt":"2026-02-17T17:43:13","slug":"junior-suite","status":"publish","type":"page","link":"https:\/\/www.royalsanmarcovenice.com\/de\/zimmer\/junior-suite\/","title":{"rendered":"Junior Suite"},"content":{"rendered":"<p>Mit Blick auf den bezaubernden Rio delle Procuratie bietet diese exklusive Suite eine au\u00dfergew\u00f6hnliche Kombination aus Raum, Eleganz und authentischem venezianischem Charme. Sie verf\u00fcgt \u00fcber ein elegantes Hauptschlafzimmer und ein gem\u00fctliches Wohnzimmer, geschm\u00fcckt mit opulenten Vorh\u00e4ngen und luxuri\u00f6sen M\u00f6beln im venezianischen Stil, erg\u00e4nzt durch modernen Komfort.<\/p>\n<p>F\u00fcr G\u00e4ste konzipiert, die etwas wirklich Besonderes suchen, bietet diese Suite Platz f\u00fcr bis zu drei Personen und verspricht einen unvergesslichen Aufenthalt in einer Umgebung zeitloser Raffinesse.<\/p>\n","protected":false},"excerpt":{"rendered":"<p>Mit Blick auf den bezaubernden Rio delle Procuratie bietet diese exklusive Suite eine au\u00dfergew\u00f6hnliche Kombination aus Raum, Eleganz und authentischem venezianischem Charme. Sie verf\u00fcgt \u00fcber ein elegantes Hauptschlafzimmer und ein gem\u00fctliches Wohnzimmer, geschm\u00fcckt mit opulenten Vorh\u00e4ngen und luxuri\u00f6sen M\u00f6beln im venezianischen Stil, erg\u00e4nzt durch modernen Komfort. F\u00fcr G\u00e4ste konzipiert, die etwas wirklich Besonderes suchen, bietet [&hellip;]<\/p>\n","protected":false},"author":6,"featured_media":0,"parent":175,"menu_order":10,"comment_status":"closed","ping_status":"closed","template":"template-single-room.php","meta":{"footnotes":""},"class_list":["post-169","page","type-page","status-publish","hentry"],"yoast_head":"<!-- This site is optimized with the Yoast SEO plugin v26.9 - https:\/\/yoast.com\/product\/yoast-seo-wordpress\/ -->\n<title>Junior Suite - Hotel Royal San Marco -<\/title>\n<meta name=\"description\" content=\"Mit Blick auf den bezaubernden Rio delle Procuratie bietet diese exklusive Suite eine au\u00dfergew\u00f6hnliche Kombination aus Raum, Eleganz und authentischem venezianischem Charme. Sie verf\u00fcgt \u00fcber ein elegantes Hauptschlafzimmer und ein gem\u00fctliches Wohnzimmer, geschm\u00fcckt mit opulenten Vorh\u00e4ngen und luxuri\u00f6sen M\u00f6beln im venezianischen Stil, erg\u00e4nzt durch modernen Komfort.  F\u00fcr G\u00e4ste konzipiert, die etwas wirklich Besonderes suchen, bietet diese Suite Platz f\u00fcr bis zu drei Personen und verspricht einen unvergesslichen Aufenthalt in einer Umgebung zeitloser Raffinesse.\" \/>\n<meta name=\"robots\" content=\"index, follow, max-snippet:-1, max-image-preview:large, max-video-preview:-1\" \/>\n<link rel=\"canonical\" href=\"https:\/\/www.royalsanmarcovenice.com\/de\/zimmer\/junior-suite\/\" \/>\n<meta property=\"og:locale\" content=\"de_DE\" \/>\n<meta property=\"og:type\" content=\"article\" \/>\n<meta property=\"og:title\" content=\"Junior Suite - Hotel Royal San Marco -\" \/>\n<meta property=\"og:description\" content=\"Mit Blick auf den bezaubernden Rio delle Procuratie bietet diese exklusive Suite eine au\u00dfergew\u00f6hnliche Kombination aus Raum, Eleganz und authentischem venezianischem Charme. Sie verf\u00fcgt \u00fcber ein elegantes Hauptschlafzimmer und ein gem\u00fctliches Wohnzimmer, geschm\u00fcckt mit opulenten Vorh\u00e4ngen und luxuri\u00f6sen M\u00f6beln im venezianischen Stil, erg\u00e4nzt durch modernen Komfort.  F\u00fcr G\u00e4ste konzipiert, die etwas wirklich Besonderes suchen, bietet diese Suite Platz f\u00fcr bis zu drei Personen und verspricht einen unvergesslichen Aufenthalt in einer Umgebung zeitloser Raffinesse.\" \/>\n<meta property=\"og:url\" content=\"https:\/\/www.royalsanmarcovenice.com\/de\/zimmer\/junior-suite\/\" \/>\n<meta property=\"og:site_name\" content=\"Hotel Royal San Marco\" \/>\n<meta property=\"article:publisher\" content=\"https:\/\/www.facebook.com\/royalsanmarcoandsuites\/\" \/>\n<meta property=\"article:modified_time\" content=\"2026-02-17T17:43:13+00:00\" \/>\n<meta name=\"twitter:card\" content=\"summary_large_image\" \/>\n<meta name=\"twitter:label1\" content=\"Est. reading time\" \/>\n\t<meta name=\"twitter:data1\" content=\"1\u00a0Minute\" \/>\n<script type=\"application\/ld+json\" class=\"yoast-schema-graph\">{\"@context\":\"https:\/\/schema.org\",\"@graph\":[{\"@type\":\"WebPage\",\"@id\":\"https:\/\/www.royalsanmarcovenice.com\/de\/zimmer\/junior-suite\/\",\"url\":\"https:\/\/www.royalsanmarcovenice.com\/de\/zimmer\/junior-suite\/\",\"name\":\"Junior Suite - Hotel Royal San Marco -\",\"isPartOf\":{\"@id\":\"https:\/\/www.royalsanmarcovenice.com\/de\/#website\"},\"datePublished\":\"2026-02-03T16:47:17+00:00\",\"dateModified\":\"2026-02-17T17:43:13+00:00\",\"description\":\"Mit Blick auf den bezaubernden Rio delle Procuratie bietet diese exklusive Suite eine au\u00dfergew\u00f6hnliche Kombination aus Raum, Eleganz und authentischem venezianischem Charme. Sie verf\u00fcgt \u00fcber ein elegantes Hauptschlafzimmer und ein gem\u00fctliches Wohnzimmer, geschm\u00fcckt mit opulenten Vorh\u00e4ngen und luxuri\u00f6sen M\u00f6beln im venezianischen Stil, erg\u00e4nzt durch modernen Komfort. F\u00fcr G\u00e4ste konzipiert, die etwas wirklich Besonderes suchen, bietet diese Suite Platz f\u00fcr bis zu drei Personen und verspricht einen unvergesslichen Aufenthalt in einer Umgebung zeitloser Raffinesse.\",\"breadcrumb\":{\"@id\":\"https:\/\/www.royalsanmarcovenice.com\/de\/zimmer\/junior-suite\/#breadcrumb\"},\"inLanguage\":\"de\",\"potentialAction\":[{\"@type\":\"ReadAction\",\"target\":[\"https:\/\/www.royalsanmarcovenice.com\/de\/zimmer\/junior-suite\/\"]}]},{\"@type\":\"BreadcrumbList\",\"@id\":\"https:\/\/www.royalsanmarcovenice.com\/de\/zimmer\/junior-suite\/#breadcrumb\",\"itemListElement\":[{\"@type\":\"ListItem\",\"position\":1,\"name\":\"Home\",\"item\":\"https:\/\/www.royalsanmarcovenice.com\/de\/\"},{\"@type\":\"ListItem\",\"position\":2,\"name\":\"Zimmer\",\"item\":\"https:\/\/www.royalsanmarcovenice.com\/de\/zimmer\/\"},{\"@type\":\"ListItem\",\"position\":3,\"name\":\"Junior Suite\"}]},{\"@type\":\"WebSite\",\"@id\":\"https:\/\/www.royalsanmarcovenice.com\/de\/#website\",\"url\":\"https:\/\/www.royalsanmarcovenice.com\/de\/\",\"name\":\"Hotel Royal San Marco\",\"description\":\"\",\"publisher\":{\"@id\":\"https:\/\/www.royalsanmarcovenice.com\/de\/#organization\"},\"potentialAction\":[{\"@type\":\"SearchAction\",\"target\":{\"@type\":\"EntryPoint\",\"urlTemplate\":\"https:\/\/www.royalsanmarcovenice.com\/de\/?s={search_term_string}\"},\"query-input\":{\"@type\":\"PropertyValueSpecification\",\"valueRequired\":true,\"valueName\":\"search_term_string\"}}],\"inLanguage\":\"de\"},{\"@type\":\"Organization\",\"@id\":\"https:\/\/www.royalsanmarcovenice.com\/de\/#organization\",\"name\":\"Hotel Royal San Marco\",\"url\":\"https:\/\/www.royalsanmarcovenice.com\/de\/\",\"logo\":{\"@type\":\"ImageObject\",\"inLanguage\":\"de\",\"@id\":\"https:\/\/www.royalsanmarcovenice.com\/de\/#\/schema\/logo\/image\/\",\"url\":\"https:\/\/www.royalsanmarcovenice.com\/wp-content\/uploads\/sites\/53\/2026\/02\/logo_hotel_royal_san_marco_c.svg\",\"contentUrl\":\"https:\/\/www.royalsanmarcovenice.com\/wp-content\/uploads\/sites\/53\/2026\/02\/logo_hotel_royal_san_marco_c.svg\",\"width\":1397,\"height\":280,\"caption\":\"Hotel Royal San Marco\"},\"image\":{\"@id\":\"https:\/\/www.royalsanmarcovenice.com\/de\/#\/schema\/logo\/image\/\"},\"sameAs\":[\"https:\/\/www.facebook.com\/royalsanmarcoandsuites\/\"]}]}<\/script>\n<!-- \/ Yoast SEO plugin. -->","yoast_head_json":{"title":"Junior Suite - Hotel Royal San Marco -","description":"Mit Blick auf den bezaubernden Rio delle Procuratie bietet diese exklusive Suite eine au\u00dfergew\u00f6hnliche Kombination aus Raum, Eleganz und authentischem venezianischem Charme. Sie verf\u00fcgt \u00fcber ein elegantes Hauptschlafzimmer und ein gem\u00fctliches Wohnzimmer, geschm\u00fcckt mit opulenten Vorh\u00e4ngen und luxuri\u00f6sen M\u00f6beln im venezianischen Stil, erg\u00e4nzt durch modernen Komfort.  F\u00fcr G\u00e4ste konzipiert, die etwas wirklich Besonderes suchen, bietet diese Suite Platz f\u00fcr bis zu drei Personen und verspricht einen unvergesslichen Aufenthalt in einer Umgebung zeitloser Raffinesse.","robots":{"index":"index","follow":"follow","max-snippet":"max-snippet:-1","max-image-preview":"max-image-preview:large","max-video-preview":"max-video-preview:-1"},"canonical":"https:\/\/www.royalsanmarcovenice.com\/de\/zimmer\/junior-suite\/","og_locale":"de_DE","og_type":"article","og_title":"Junior Suite - Hotel Royal San Marco -","og_description":"Mit Blick auf den bezaubernden Rio delle Procuratie bietet diese exklusive Suite eine au\u00dfergew\u00f6hnliche Kombination aus Raum, Eleganz und authentischem venezianischem Charme. Sie verf\u00fcgt \u00fcber ein elegantes Hauptschlafzimmer und ein gem\u00fctliches Wohnzimmer, geschm\u00fcckt mit opulenten Vorh\u00e4ngen und luxuri\u00f6sen M\u00f6beln im venezianischen Stil, erg\u00e4nzt durch modernen Komfort.  F\u00fcr G\u00e4ste konzipiert, die etwas wirklich Besonderes suchen, bietet diese Suite Platz f\u00fcr bis zu drei Personen und verspricht einen unvergesslichen Aufenthalt in einer Umgebung zeitloser Raffinesse.","og_url":"https:\/\/www.royalsanmarcovenice.com\/de\/zimmer\/junior-suite\/","og_site_name":"Hotel Royal San Marco","article_publisher":"https:\/\/www.facebook.com\/royalsanmarcoandsuites\/","article_modified_time":"2026-02-17T17:43:13+00:00","twitter_card":"summary_large_image","twitter_misc":{"Est. reading time":"1\u00a0Minute"},"schema":{"@context":"https:\/\/schema.org","@graph":[{"@type":"WebPage","@id":"https:\/\/www.royalsanmarcovenice.com\/de\/zimmer\/junior-suite\/","url":"https:\/\/www.royalsanmarcovenice.com\/de\/zimmer\/junior-suite\/","name":"Junior Suite - Hotel Royal San Marco -","isPartOf":{"@id":"https:\/\/www.royalsanmarcovenice.com\/de\/#website"},"datePublished":"2026-02-03T16:47:17+00:00","dateModified":"2026-02-17T17:43:13+00:00","description":"Mit Blick auf den bezaubernden Rio delle Procuratie bietet diese exklusive Suite eine au\u00dfergew\u00f6hnliche Kombination aus Raum, Eleganz und authentischem venezianischem Charme. Sie verf\u00fcgt \u00fcber ein elegantes Hauptschlafzimmer und ein gem\u00fctliches Wohnzimmer, geschm\u00fcckt mit opulenten Vorh\u00e4ngen und luxuri\u00f6sen M\u00f6beln im venezianischen Stil, erg\u00e4nzt durch modernen Komfort. F\u00fcr G\u00e4ste konzipiert, die etwas wirklich Besonderes suchen, bietet diese Suite Platz f\u00fcr bis zu drei Personen und verspricht einen unvergesslichen Aufenthalt in einer Umgebung zeitloser Raffinesse.","breadcrumb":{"@id":"https:\/\/www.royalsanmarcovenice.com\/de\/zimmer\/junior-suite\/#breadcrumb"},"inLanguage":"de","potentialAction":[{"@type":"ReadAction","target":["https:\/\/www.royalsanmarcovenice.com\/de\/zimmer\/junior-suite\/"]}]},{"@type":"BreadcrumbList","@id":"https:\/\/www.royalsanmarcovenice.com\/de\/zimmer\/junior-suite\/#breadcrumb","itemListElement":[{"@type":"ListItem","position":1,"name":"Home","item":"https:\/\/www.royalsanmarcovenice.com\/de\/"},{"@type":"ListItem","position":2,"name":"Zimmer","item":"https:\/\/www.royalsanmarcovenice.com\/de\/zimmer\/"},{"@type":"ListItem","position":3,"name":"Junior Suite"}]},{"@type":"WebSite","@id":"https:\/\/www.royalsanmarcovenice.com\/de\/#website","url":"https:\/\/www.royalsanmarcovenice.com\/de\/","name":"Hotel Royal San Marco","description":"","publisher":{"@id":"https:\/\/www.royalsanmarcovenice.com\/de\/#organization"},"potentialAction":[{"@type":"SearchAction","target":{"@type":"EntryPoint","urlTemplate":"https:\/\/www.royalsanmarcovenice.com\/de\/?s={search_term_string}"},"query-input":{"@type":"PropertyValueSpecification","valueRequired":true,"valueName":"search_term_string"}}],"inLanguage":"de"},{"@type":"Organization","@id":"https:\/\/www.royalsanmarcovenice.com\/de\/#organization","name":"Hotel Royal San Marco","url":"https:\/\/www.royalsanmarcovenice.com\/de\/","logo":{"@type":"ImageObject","inLanguage":"de","@id":"https:\/\/www.royalsanmarcovenice.com\/de\/#\/schema\/logo\/image\/","url":"https:\/\/www.royalsanmarcovenice.com\/wp-content\/uploads\/sites\/53\/2026\/02\/logo_hotel_royal_san_marco_c.svg","contentUrl":"https:\/\/www.royalsanmarcovenice.com\/wp-content\/uploads\/sites\/53\/2026\/02\/logo_hotel_royal_san_marco_c.svg","width":1397,"height":280,"caption":"Hotel Royal San Marco"},"image":{"@id":"https:\/\/www.royalsanmarcovenice.com\/de\/#\/schema\/logo\/image\/"},"sameAs":["https:\/\/www.facebook.com\/royalsanmarcoandsuites\/"]}]}},"acf":[],"_links":{"self":[{"href":"https:\/\/www.royalsanmarcovenice.com\/de\/wp-json\/wp\/v2\/pages\/169","targetHints":{"allow":["GET"]}}],"collection":[{"href":"https:\/\/www.royalsanmarcovenice.com\/de\/wp-json\/wp\/v2\/pages"}],"about":[{"href":"https:\/\/www.royalsanmarcovenice.com\/de\/wp-json\/wp\/v2\/types\/page"}],"author":[{"embeddable":true,"href":"https:\/\/www.royalsanmarcovenice.com\/de\/wp-json\/wp\/v2\/users\/6"}],"replies":[{"embeddable":true,"href":"https:\/\/www.royalsanmarcovenice.com\/de\/wp-json\/wp\/v2\/comments?post=169"}],"version-history":[{"count":0,"href":"https:\/\/www.royalsanmarcovenice.com\/de\/wp-json\/wp\/v2\/pages\/169\/revisions"}],"up":[{"embeddable":true,"href":"https:\/\/www.royalsanmarcovenice.com\/de\/wp-json\/wp\/v2\/pages\/175"}],"wp:attachment":[{"href":"https:\/\/www.royalsanmarcovenice.com\/de\/wp-json\/wp\/v2\/media?parent=169"}],"curies":[{"name":"wp","href":"https:\/\/api.w.org\/{rel}","templated":true}]}}