{"id":164,"date":"2026-02-03T16:46:57","date_gmt":"2026-02-03T16:46:57","guid":{"rendered":"https:\/\/royalsanmarcovenice.ms3.decms.eu\/?page_id=164"},"modified":"2026-02-17T17:43:10","modified_gmt":"2026-02-17T17:43:10","slug":"superior","status":"publish","type":"page","link":"https:\/\/www.royalsanmarcovenice.com\/de\/zimmer\/superior\/","title":{"rendered":"Superior"},"content":{"rendered":"<p>Gelegen im ersten Stock, zeichnen sich diese eleganten und stimmungsvollen Zimmer durch feine venezianische M\u00f6bel und hochwertige Polster aus, die eine Atmosph\u00e4re zeitloser Eleganz und Komfort schaffen. Einige Zimmer sind f\u00fcr G\u00e4ste mit eingeschr\u00e4nkter Mobilit\u00e4t zug\u00e4nglich und bieten Blick auf den charakteristischen Rio delle Procuratie, was Ihrem Aufenthalt eine authentische Note verleiht.<\/p>\n<p>Erh\u00e4ltlich als Einzel- oder Doppelzimmer, bieten sie Platz f\u00fcr bis zu zwei G\u00e4ste \u2014 die perfekte Wahl f\u00fcr Paare, Familien oder kleine Gruppen, die Stil, Komfort und ein echtes venezianisches Erlebnis suchen.<\/p>\n","protected":false},"excerpt":{"rendered":"<p>Gelegen im ersten Stock, zeichnen sich diese eleganten und stimmungsvollen Zimmer durch feine venezianische M\u00f6bel und hochwertige Polster aus, die eine Atmosph\u00e4re zeitloser Eleganz und Komfort schaffen. Einige Zimmer sind f\u00fcr G\u00e4ste mit eingeschr\u00e4nkter Mobilit\u00e4t zug\u00e4nglich und bieten Blick auf den charakteristischen Rio delle Procuratie, was Ihrem Aufenthalt eine authentische Note verleiht. Erh\u00e4ltlich als Einzel- [&hellip;]<\/p>\n","protected":false},"author":6,"featured_media":0,"parent":175,"menu_order":20,"comment_status":"closed","ping_status":"closed","template":"template-single-room.php","meta":{"footnotes":""},"class_list":["post-164","page","type-page","status-publish","hentry"],"yoast_head":"<!-- This site is optimized with the Yoast SEO plugin v26.9 - https:\/\/yoast.com\/product\/yoast-seo-wordpress\/ -->\n<title>Superior - Hotel Royal San Marco -<\/title>\n<meta name=\"description\" content=\"Gelegen im ersten Stock, zeichnen sich diese eleganten und stimmungsvollen Zimmer durch feine venezianische M\u00f6bel und hochwertige Polster aus, die eine Atmosph\u00e4re zeitloser Eleganz und Komfort schaffen. Einige Zimmer sind f\u00fcr G\u00e4ste mit eingeschr\u00e4nkter Mobilit\u00e4t zug\u00e4nglich und bieten Blick auf den charakteristischen Rio delle Procuratie, was Ihrem Aufenthalt eine authentische Note verleiht.  Erh\u00e4ltlich als Einzel- oder Doppelzimmer, bieten sie Platz f\u00fcr bis zu zwei G\u00e4ste \u2014 die perfekte Wahl f\u00fcr Paare, Familien oder kleine Gruppen, die Stil, Komfort und ein echtes venezianisches Erlebnis suchen.\" \/>\n<meta name=\"robots\" content=\"index, follow, max-snippet:-1, max-image-preview:large, max-video-preview:-1\" \/>\n<link rel=\"canonical\" href=\"https:\/\/www.royalsanmarcovenice.com\/de\/zimmer\/superior\/\" \/>\n<meta property=\"og:locale\" content=\"de_DE\" \/>\n<meta property=\"og:type\" content=\"article\" \/>\n<meta property=\"og:title\" content=\"Superior - Hotel Royal San Marco -\" \/>\n<meta property=\"og:description\" content=\"Gelegen im ersten Stock, zeichnen sich diese eleganten und stimmungsvollen Zimmer durch feine venezianische M\u00f6bel und hochwertige Polster aus, die eine Atmosph\u00e4re zeitloser Eleganz und Komfort schaffen. Einige Zimmer sind f\u00fcr G\u00e4ste mit eingeschr\u00e4nkter Mobilit\u00e4t zug\u00e4nglich und bieten Blick auf den charakteristischen Rio delle Procuratie, was Ihrem Aufenthalt eine authentische Note verleiht.  Erh\u00e4ltlich als Einzel- oder Doppelzimmer, bieten sie Platz f\u00fcr bis zu zwei G\u00e4ste \u2014 die perfekte Wahl f\u00fcr Paare, Familien oder kleine Gruppen, die Stil, Komfort und ein echtes venezianisches Erlebnis suchen.\" \/>\n<meta property=\"og:url\" content=\"https:\/\/www.royalsanmarcovenice.com\/de\/zimmer\/superior\/\" \/>\n<meta property=\"og:site_name\" content=\"Hotel Royal San Marco\" \/>\n<meta property=\"article:publisher\" content=\"https:\/\/www.facebook.com\/royalsanmarcoandsuites\/\" \/>\n<meta property=\"article:modified_time\" content=\"2026-02-17T17:43:10+00:00\" \/>\n<meta name=\"twitter:card\" content=\"summary_large_image\" \/>\n<meta name=\"twitter:label1\" content=\"Est. reading time\" \/>\n\t<meta name=\"twitter:data1\" content=\"1\u00a0Minute\" \/>\n<script type=\"application\/ld+json\" class=\"yoast-schema-graph\">{\"@context\":\"https:\/\/schema.org\",\"@graph\":[{\"@type\":\"WebPage\",\"@id\":\"https:\/\/www.royalsanmarcovenice.com\/de\/zimmer\/superior\/\",\"url\":\"https:\/\/www.royalsanmarcovenice.com\/de\/zimmer\/superior\/\",\"name\":\"Superior - Hotel Royal San Marco -\",\"isPartOf\":{\"@id\":\"https:\/\/www.royalsanmarcovenice.com\/de\/#website\"},\"datePublished\":\"2026-02-03T16:46:57+00:00\",\"dateModified\":\"2026-02-17T17:43:10+00:00\",\"description\":\"Gelegen im ersten Stock, zeichnen sich diese eleganten und stimmungsvollen Zimmer durch feine venezianische M\u00f6bel und hochwertige Polster aus, die eine Atmosph\u00e4re zeitloser Eleganz und Komfort schaffen. Einige Zimmer sind f\u00fcr G\u00e4ste mit eingeschr\u00e4nkter Mobilit\u00e4t zug\u00e4nglich und bieten Blick auf den charakteristischen Rio delle Procuratie, was Ihrem Aufenthalt eine authentische Note verleiht. Erh\u00e4ltlich als Einzel- oder Doppelzimmer, bieten sie Platz f\u00fcr bis zu zwei G\u00e4ste \u2014 die perfekte Wahl f\u00fcr Paare, Familien oder kleine Gruppen, die Stil, Komfort und ein echtes venezianisches Erlebnis suchen.\",\"breadcrumb\":{\"@id\":\"https:\/\/www.royalsanmarcovenice.com\/de\/zimmer\/superior\/#breadcrumb\"},\"inLanguage\":\"de\",\"potentialAction\":[{\"@type\":\"ReadAction\",\"target\":[\"https:\/\/www.royalsanmarcovenice.com\/de\/zimmer\/superior\/\"]}]},{\"@type\":\"BreadcrumbList\",\"@id\":\"https:\/\/www.royalsanmarcovenice.com\/de\/zimmer\/superior\/#breadcrumb\",\"itemListElement\":[{\"@type\":\"ListItem\",\"position\":1,\"name\":\"Home\",\"item\":\"https:\/\/www.royalsanmarcovenice.com\/de\/\"},{\"@type\":\"ListItem\",\"position\":2,\"name\":\"Zimmer\",\"item\":\"https:\/\/www.royalsanmarcovenice.com\/de\/zimmer\/\"},{\"@type\":\"ListItem\",\"position\":3,\"name\":\"Superior\"}]},{\"@type\":\"WebSite\",\"@id\":\"https:\/\/www.royalsanmarcovenice.com\/de\/#website\",\"url\":\"https:\/\/www.royalsanmarcovenice.com\/de\/\",\"name\":\"Hotel Royal San Marco\",\"description\":\"\",\"publisher\":{\"@id\":\"https:\/\/www.royalsanmarcovenice.com\/de\/#organization\"},\"potentialAction\":[{\"@type\":\"SearchAction\",\"target\":{\"@type\":\"EntryPoint\",\"urlTemplate\":\"https:\/\/www.royalsanmarcovenice.com\/de\/?s={search_term_string}\"},\"query-input\":{\"@type\":\"PropertyValueSpecification\",\"valueRequired\":true,\"valueName\":\"search_term_string\"}}],\"inLanguage\":\"de\"},{\"@type\":\"Organization\",\"@id\":\"https:\/\/www.royalsanmarcovenice.com\/de\/#organization\",\"name\":\"Hotel Royal San Marco\",\"url\":\"https:\/\/www.royalsanmarcovenice.com\/de\/\",\"logo\":{\"@type\":\"ImageObject\",\"inLanguage\":\"de\",\"@id\":\"https:\/\/www.royalsanmarcovenice.com\/de\/#\/schema\/logo\/image\/\",\"url\":\"https:\/\/www.royalsanmarcovenice.com\/wp-content\/uploads\/sites\/53\/2026\/02\/logo_hotel_royal_san_marco_c.svg\",\"contentUrl\":\"https:\/\/www.royalsanmarcovenice.com\/wp-content\/uploads\/sites\/53\/2026\/02\/logo_hotel_royal_san_marco_c.svg\",\"width\":1397,\"height\":280,\"caption\":\"Hotel Royal San Marco\"},\"image\":{\"@id\":\"https:\/\/www.royalsanmarcovenice.com\/de\/#\/schema\/logo\/image\/\"},\"sameAs\":[\"https:\/\/www.facebook.com\/royalsanmarcoandsuites\/\"]}]}<\/script>\n<!-- \/ Yoast SEO plugin. -->","yoast_head_json":{"title":"Superior - Hotel Royal San Marco -","description":"Gelegen im ersten Stock, zeichnen sich diese eleganten und stimmungsvollen Zimmer durch feine venezianische M\u00f6bel und hochwertige Polster aus, die eine Atmosph\u00e4re zeitloser Eleganz und Komfort schaffen. Einige Zimmer sind f\u00fcr G\u00e4ste mit eingeschr\u00e4nkter Mobilit\u00e4t zug\u00e4nglich und bieten Blick auf den charakteristischen Rio delle Procuratie, was Ihrem Aufenthalt eine authentische Note verleiht.  Erh\u00e4ltlich als Einzel- oder Doppelzimmer, bieten sie Platz f\u00fcr bis zu zwei G\u00e4ste \u2014 die perfekte Wahl f\u00fcr Paare, Familien oder kleine Gruppen, die Stil, Komfort und ein echtes venezianisches Erlebnis suchen.","robots":{"index":"index","follow":"follow","max-snippet":"max-snippet:-1","max-image-preview":"max-image-preview:large","max-video-preview":"max-video-preview:-1"},"canonical":"https:\/\/www.royalsanmarcovenice.com\/de\/zimmer\/superior\/","og_locale":"de_DE","og_type":"article","og_title":"Superior - Hotel Royal San Marco -","og_description":"Gelegen im ersten Stock, zeichnen sich diese eleganten und stimmungsvollen Zimmer durch feine venezianische M\u00f6bel und hochwertige Polster aus, die eine Atmosph\u00e4re zeitloser Eleganz und Komfort schaffen. Einige Zimmer sind f\u00fcr G\u00e4ste mit eingeschr\u00e4nkter Mobilit\u00e4t zug\u00e4nglich und bieten Blick auf den charakteristischen Rio delle Procuratie, was Ihrem Aufenthalt eine authentische Note verleiht.  Erh\u00e4ltlich als Einzel- oder Doppelzimmer, bieten sie Platz f\u00fcr bis zu zwei G\u00e4ste \u2014 die perfekte Wahl f\u00fcr Paare, Familien oder kleine Gruppen, die Stil, Komfort und ein echtes venezianisches Erlebnis suchen.","og_url":"https:\/\/www.royalsanmarcovenice.com\/de\/zimmer\/superior\/","og_site_name":"Hotel Royal San Marco","article_publisher":"https:\/\/www.facebook.com\/royalsanmarcoandsuites\/","article_modified_time":"2026-02-17T17:43:10+00:00","twitter_card":"summary_large_image","twitter_misc":{"Est. reading time":"1\u00a0Minute"},"schema":{"@context":"https:\/\/schema.org","@graph":[{"@type":"WebPage","@id":"https:\/\/www.royalsanmarcovenice.com\/de\/zimmer\/superior\/","url":"https:\/\/www.royalsanmarcovenice.com\/de\/zimmer\/superior\/","name":"Superior - Hotel Royal San Marco -","isPartOf":{"@id":"https:\/\/www.royalsanmarcovenice.com\/de\/#website"},"datePublished":"2026-02-03T16:46:57+00:00","dateModified":"2026-02-17T17:43:10+00:00","description":"Gelegen im ersten Stock, zeichnen sich diese eleganten und stimmungsvollen Zimmer durch feine venezianische M\u00f6bel und hochwertige Polster aus, die eine Atmosph\u00e4re zeitloser Eleganz und Komfort schaffen. Einige Zimmer sind f\u00fcr G\u00e4ste mit eingeschr\u00e4nkter Mobilit\u00e4t zug\u00e4nglich und bieten Blick auf den charakteristischen Rio delle Procuratie, was Ihrem Aufenthalt eine authentische Note verleiht. Erh\u00e4ltlich als Einzel- oder Doppelzimmer, bieten sie Platz f\u00fcr bis zu zwei G\u00e4ste \u2014 die perfekte Wahl f\u00fcr Paare, Familien oder kleine Gruppen, die Stil, Komfort und ein echtes venezianisches Erlebnis suchen.","breadcrumb":{"@id":"https:\/\/www.royalsanmarcovenice.com\/de\/zimmer\/superior\/#breadcrumb"},"inLanguage":"de","potentialAction":[{"@type":"ReadAction","target":["https:\/\/www.royalsanmarcovenice.com\/de\/zimmer\/superior\/"]}]},{"@type":"BreadcrumbList","@id":"https:\/\/www.royalsanmarcovenice.com\/de\/zimmer\/superior\/#breadcrumb","itemListElement":[{"@type":"ListItem","position":1,"name":"Home","item":"https:\/\/www.royalsanmarcovenice.com\/de\/"},{"@type":"ListItem","position":2,"name":"Zimmer","item":"https:\/\/www.royalsanmarcovenice.com\/de\/zimmer\/"},{"@type":"ListItem","position":3,"name":"Superior"}]},{"@type":"WebSite","@id":"https:\/\/www.royalsanmarcovenice.com\/de\/#website","url":"https:\/\/www.royalsanmarcovenice.com\/de\/","name":"Hotel Royal San Marco","description":"","publisher":{"@id":"https:\/\/www.royalsanmarcovenice.com\/de\/#organization"},"potentialAction":[{"@type":"SearchAction","target":{"@type":"EntryPoint","urlTemplate":"https:\/\/www.royalsanmarcovenice.com\/de\/?s={search_term_string}"},"query-input":{"@type":"PropertyValueSpecification","valueRequired":true,"valueName":"search_term_string"}}],"inLanguage":"de"},{"@type":"Organization","@id":"https:\/\/www.royalsanmarcovenice.com\/de\/#organization","name":"Hotel Royal San Marco","url":"https:\/\/www.royalsanmarcovenice.com\/de\/","logo":{"@type":"ImageObject","inLanguage":"de","@id":"https:\/\/www.royalsanmarcovenice.com\/de\/#\/schema\/logo\/image\/","url":"https:\/\/www.royalsanmarcovenice.com\/wp-content\/uploads\/sites\/53\/2026\/02\/logo_hotel_royal_san_marco_c.svg","contentUrl":"https:\/\/www.royalsanmarcovenice.com\/wp-content\/uploads\/sites\/53\/2026\/02\/logo_hotel_royal_san_marco_c.svg","width":1397,"height":280,"caption":"Hotel Royal San Marco"},"image":{"@id":"https:\/\/www.royalsanmarcovenice.com\/de\/#\/schema\/logo\/image\/"},"sameAs":["https:\/\/www.facebook.com\/royalsanmarcoandsuites\/"]}]}},"acf":[],"_links":{"self":[{"href":"https:\/\/www.royalsanmarcovenice.com\/de\/wp-json\/wp\/v2\/pages\/164","targetHints":{"allow":["GET"]}}],"collection":[{"href":"https:\/\/www.royalsanmarcovenice.com\/de\/wp-json\/wp\/v2\/pages"}],"about":[{"href":"https:\/\/www.royalsanmarcovenice.com\/de\/wp-json\/wp\/v2\/types\/page"}],"author":[{"embeddable":true,"href":"https:\/\/www.royalsanmarcovenice.com\/de\/wp-json\/wp\/v2\/users\/6"}],"replies":[{"embeddable":true,"href":"https:\/\/www.royalsanmarcovenice.com\/de\/wp-json\/wp\/v2\/comments?post=164"}],"version-history":[{"count":0,"href":"https:\/\/www.royalsanmarcovenice.com\/de\/wp-json\/wp\/v2\/pages\/164\/revisions"}],"up":[{"embeddable":true,"href":"https:\/\/www.royalsanmarcovenice.com\/de\/wp-json\/wp\/v2\/pages\/175"}],"wp:attachment":[{"href":"https:\/\/www.royalsanmarcovenice.com\/de\/wp-json\/wp\/v2\/media?parent=164"}],"curies":[{"name":"wp","href":"https:\/\/api.w.org\/{rel}","templated":true}]}}